{"id":702511,"date":"2025-08-27T15:17:05","date_gmt":"2025-08-27T12:17:05","guid":{"rendered":"https:\/\/roveyayinevi.com.tr\/index.php\/urun\/mitoloji-101\/"},"modified":"2026-04-16T02:11:45","modified_gmt":"2026-04-15T23:11:45","slug":"mitoloji-101","status":"publish","type":"product","link":"https:\/\/roveyayinevi.com.tr\/index.php\/urun\/mitoloji-101\/","title":{"rendered":"Mitoloji 101"},"content":{"rendered":"<p>Sizi t\u0131pk\u0131 Odysseus gibi maceralarla dolu bir yolculu\u011fa \u00e7\u0131karacak olan bu kitapta Truva Sava\u015f\u0131, Perseus\u2019un Medusa\u2019y\u0131 \u00f6ld\u00fcr\u00fc\u015f\u00fc, Oedipus\u2019un bir kehanetten ka\u00e7\u0131\u015f\u0131 gibi en ilgin\u00e7 klasik mitoloji \u00f6yk\u00fclerini bulacaks\u0131n\u0131z. Kendisinden bir \u015feyler istemek i\u00e7in gelen konuklar\u0131n\u0131 \u201cunutma sandalyelerine\u201d oturtan Hades; yata\u011f\u0131na uydurmak i\u00e7in yolcular\u0131n bacaklar\u0131n\u0131 kesip boyunu k\u0131saltan hanc\u0131 Procrustes; bir a\u00e7g\u00f6zl\u00fcy\u00fc kendi etini yemeye mahk\u00fbm eden Demeter; s\u00f6yledikleri \u015fark\u0131larla denizcilerin akl\u0131n\u0131 ba\u015f\u0131ndan al\u0131p gemilerin kayal\u0131klara bindirmesine sebep olan Sirenler; sordu\u011fu bilmecenin cevab\u0131n\u0131 bulamayan yolcular\u0131 par\u00e7alay\u0131p yiyen canavar Sfenks ise bu \u00f6yk\u00fclerde kar\u015f\u0131la\u015faca\u011f\u0131n\u0131z en tuhaf mitolojik karakterlerden yaln\u0131zca birka\u00e7\u0131 olacak. Ayr\u0131ca Eski Yunan ve Roma mitolojisini anlatan belli ba\u015fl\u0131 klasik \u00e7a\u011f yazarlar\u0131 ve eserleri hakk\u0131nda bilgi sahibi olacaks\u0131n\u0131z.<\/p>\n","protected":false},"excerpt":{"rendered":"<p>Sizi t\u0131pk\u0131 Odysseus gibi maceralarla dolu bir yolculu\u011fa \u00e7\u0131karacak olan bu kitapta Truva Sava\u015f\u0131, Perseus\u2019un Medusa\u2019y\u0131 \u00f6ld\u00fcr\u00fc\u015f\u00fc, Oedipus\u2019un bir kehanetten ka\u00e7\u0131\u015f\u0131 gibi en ilgin\u00e7 klasik mitoloji<span class=\"excerpt-hellip\"> [\u2026]<\/span><\/p>\n","protected":false},"featured_media":0,"template":"","meta":{"_monsterinsights_skip_tracking":false,"_monsterinsights_sitenote_active":false,"_monsterinsights_sitenote_note":"","_monsterinsights_sitenote_category":0},"product_brand":[],"product_cat":[12718,12858],"product_tag":[],"class_list":{"0":"post-702511","1":"product","2":"type-product","3":"status-publish","5":"product_cat-din","6":"product_cat-mitolojiler","7":"pa_cilt-ciltsiz","8":"pa_tur-kitap","9":"pa_yayinevi-say-yayinlari","10":"pa_yazar-kathleen-sears","12":"first","13":"instock","14":"sale","15":"shipping-taxable","16":"purchasable","17":"product-type-simple"},"_links":{"self":[{"href":"https:\/\/roveyayinevi.com.tr\/index.php\/wp-json\/wp\/v2\/product\/702511","targetHints":{"allow":["GET"]}}],"collection":[{"href":"https:\/\/roveyayinevi.com.tr\/index.php\/wp-json\/wp\/v2\/product"}],"about":[{"href":"https:\/\/roveyayinevi.com.tr\/index.php\/wp-json\/wp\/v2\/types\/product"}],"wp:attachment":[{"href":"https:\/\/roveyayinevi.com.tr\/index.php\/wp-json\/wp\/v2\/media?parent=702511"}],"wp:term":[{"taxonomy":"product_brand","embeddable":true,"href":"https:\/\/roveyayinevi.com.tr\/index.php\/wp-json\/wp\/v2\/product_brand?post=702511"},{"taxonomy":"product_cat","embeddable":true,"href":"https:\/\/roveyayinevi.com.tr\/index.php\/wp-json\/wp\/v2\/product_cat?post=702511"},{"taxonomy":"product_tag","embeddable":true,"href":"https:\/\/roveyayinevi.com.tr\/index.php\/wp-json\/wp\/v2\/product_tag?post=702511"}],"curies":[{"name":"wp","href":"https:\/\/api.w.org\/{rel}","templated":true}]}}