{"id":702509,"date":"2025-08-27T15:17:04","date_gmt":"2025-08-27T12:17:04","guid":{"rendered":"https:\/\/roveyayinevi.com.tr\/index.php\/urun\/himbil-beyaz\/"},"modified":"2025-12-30T09:55:06","modified_gmt":"2025-12-30T06:55:06","slug":"himbil-beyaz","status":"publish","type":"product","link":"https:\/\/roveyayinevi.com.tr\/index.php\/urun\/himbil-beyaz\/","title":{"rendered":"H\u0131mb\u0131l Beyaz"},"content":{"rendered":"<p>Arkada\u015flar\u0131 onun tembel oldu\u011funu d\u00fc\u015f\u00fcnd\u00fckleri i\u00e7in Beyaz olan ad\u0131na H\u0131mb\u0131l s\u00f6zc\u00fc\u011f\u00fcn\u00fc eklemi\u015flerdi. Oysa ki H\u0131mb\u0131l Beyaz yerinde duramayan, \u00e7evresindeki her \u015feyi \u00f6\u011frenmek isteyen merakl\u0131 bir solucand\u0131r. Gene bir g\u00fcn merakl\u0131 H\u0131mb\u0131l Beyaz annesine haber vermeden \u00e7evresini ke\u015ffetmek i\u00e7in yola koyulur. Krali\u00e7e A\u011fa\u00e7\u2019a kadar gider ve ihtiyar K\u0131rkayak Sinirli Lacivert\u2019le kar\u015f\u0131la\u015f\u0131r. Bu H\u0131mb\u0131l Beyaz i\u00e7in ka\u00e7\u0131r\u0131lmaz bir f\u0131rsatt\u0131r ve merak ettiklerini Sinirli Lacivert\u2019e sormak ister. Bakal\u0131m H\u0131mb\u0131l Beyaz, Sinirli Lacivert\u2019ten neler \u00f6\u011frenecek? Hem b\u00fcy\u00fcklerin hem de \u00e7ocuklar\u0131n keyifle okuyacaklar\u0131 bu \u00f6yk\u00fcy\u00fc G\u00d6RKEM YELTAN yazd\u0131, MEHMET G\u00dcREL\u0130 resimledi. <\/p>\n","protected":false},"excerpt":{"rendered":"<p>Arkada\u015flar\u0131 onun tembel oldu\u011funu d\u00fc\u015f\u00fcnd\u00fckleri i\u00e7in Beyaz olan ad\u0131na H\u0131mb\u0131l s\u00f6zc\u00fc\u011f\u00fcn\u00fc eklemi\u015flerdi. Oysa ki H\u0131mb\u0131l Beyaz yerinde duramayan, \u00e7evresindeki her \u015feyi \u00f6\u011frenmek isteyen merakl\u0131 bir solucand\u0131r.<span class=\"excerpt-hellip\"> [\u2026]<\/span><\/p>\n","protected":false},"featured_media":0,"template":"","meta":{"_monsterinsights_skip_tracking":false,"_monsterinsights_sitenote_active":false,"_monsterinsights_sitenote_note":"","_monsterinsights_sitenote_category":0},"product_brand":[],"product_cat":[12274,12518],"product_tag":[],"class_list":{"0":"post-702509","1":"product","2":"type-product","3":"status-publish","5":"product_cat-cocuk-ve-genclik-kitaplari","6":"product_cat-okul-oncesi-kitaplar","7":"pa_cilt-ciltsiz","8":"pa_tur-kitap","9":"pa_yayinevi-kirmizi-kedi-yayinevi","10":"pa_yazar-gorkem-yeltan","12":"first","13":"instock","14":"sale","15":"shipping-taxable","16":"purchasable","17":"product-type-simple"},"_links":{"self":[{"href":"https:\/\/roveyayinevi.com.tr\/index.php\/wp-json\/wp\/v2\/product\/702509","targetHints":{"allow":["GET"]}}],"collection":[{"href":"https:\/\/roveyayinevi.com.tr\/index.php\/wp-json\/wp\/v2\/product"}],"about":[{"href":"https:\/\/roveyayinevi.com.tr\/index.php\/wp-json\/wp\/v2\/types\/product"}],"wp:attachment":[{"href":"https:\/\/roveyayinevi.com.tr\/index.php\/wp-json\/wp\/v2\/media?parent=702509"}],"wp:term":[{"taxonomy":"product_brand","embeddable":true,"href":"https:\/\/roveyayinevi.com.tr\/index.php\/wp-json\/wp\/v2\/product_brand?post=702509"},{"taxonomy":"product_cat","embeddable":true,"href":"https:\/\/roveyayinevi.com.tr\/index.php\/wp-json\/wp\/v2\/product_cat?post=702509"},{"taxonomy":"product_tag","embeddable":true,"href":"https:\/\/roveyayinevi.com.tr\/index.php\/wp-json\/wp\/v2\/product_tag?post=702509"}],"curies":[{"name":"wp","href":"https:\/\/api.w.org\/{rel}","templated":true}]}}