{"id":702505,"date":"2025-08-27T15:17:02","date_gmt":"2025-08-27T12:17:02","guid":{"rendered":"https:\/\/roveyayinevi.com.tr\/index.php\/urun\/hasretin-adi-kerkuk\/"},"modified":"2026-04-16T02:11:45","modified_gmt":"2026-04-15T23:11:45","slug":"hasretin-adi-kerkuk","status":"publish","type":"product","link":"https:\/\/roveyayinevi.com.tr\/index.php\/urun\/hasretin-adi-kerkuk\/","title":{"rendered":"Hasretin Ad\u0131 Kerk\u00fck"},"content":{"rendered":"<p>Kan keser sabahlar. Dara\u011fa\u00e7lar\u0131nda salland\u0131r\u0131lan k\u00f6rpe kuzular. H\u00fcrriyet yolunda, toprak u\u011frunda kendini me\u015f\u2019ale yapanlar. Feryat feryat g\u00f6klere a\u011fan hoyratlar, y\u00fcrek paralayan feryatlar. \u00c7i\u011fnenen insan haklar\u0131. Irakl\u0131 T\u00fcrkmen\u2019in \u00e7ekti\u011fi \u00e7ileler. Ak\u0131l almaz i\u015fkenceler. G\u00f6z ya\u015flar\u0131ndan \u0131slanan sayfalar. 25 y\u0131l do\u011fdu\u011fu topraklara kar\u015f\u0131 hasretle kavrulan Suphi Saat\u00e7i\u2019nin Kerk\u00fck\u2019le kucakla\u015fmas\u0131n\u0131n hik\u00e2yesi. Hasret ve duygu y\u00fckl\u00fc gezi notlar\u0131nda, Kerk\u00fck\u2019te, Erbil\u2019de, Tuzhurmat\u0131\u2019da, Musul ve Telafer\u2019de ya\u015fayan T\u00fcrkmenlerin \u00e7ile dolu hayatlar\u0131 anlat\u0131l\u0131yor. Bin y\u0131ldan beri T\u00fcrkmenlerin vatan edindikleri topraklar\u0131n yak\u0131n foto\u011fraflar\u0131&#8230; Doyulmayan \u00fcsl\u00fbpta kaleme al\u0131nan eserde, T\u00fcrkmenler hakk\u0131nda birinci elden bilgiler sunuluyor. Bir solukta okunan Irak T\u00fcrkmenlerinin ger\u00e7ek durumlar\u0131. <\/p>\n","protected":false},"excerpt":{"rendered":"<p>Kan keser sabahlar. Dara\u011fa\u00e7lar\u0131nda salland\u0131r\u0131lan k\u00f6rpe kuzular. H\u00fcrriyet yolunda, toprak u\u011frunda kendini me\u015f\u2019ale yapanlar. Feryat feryat g\u00f6klere a\u011fan hoyratlar, y\u00fcrek paralayan feryatlar. \u00c7i\u011fnenen insan haklar\u0131. Irakl\u0131<span class=\"excerpt-hellip\"> [\u2026]<\/span><\/p>\n","protected":false},"featured_media":0,"template":"","meta":{"_monsterinsights_skip_tracking":false,"_monsterinsights_sitenote_active":false,"_monsterinsights_sitenote_note":"","_monsterinsights_sitenote_category":0},"product_brand":[],"product_cat":[12312,12304],"product_tag":[],"class_list":{"0":"post-702505","1":"product","2":"type-product","3":"status-publish","5":"product_cat-diger","6":"product_cat-tarih","7":"pa_cilt-ciltsiz","8":"pa_tur-kitap","9":"pa_yayinevi-otuken-nesriyat","10":"pa_yazar-suphi-saatci","12":"first","13":"instock","14":"sale","15":"shipping-taxable","16":"purchasable","17":"product-type-simple"},"_links":{"self":[{"href":"https:\/\/roveyayinevi.com.tr\/index.php\/wp-json\/wp\/v2\/product\/702505","targetHints":{"allow":["GET"]}}],"collection":[{"href":"https:\/\/roveyayinevi.com.tr\/index.php\/wp-json\/wp\/v2\/product"}],"about":[{"href":"https:\/\/roveyayinevi.com.tr\/index.php\/wp-json\/wp\/v2\/types\/product"}],"wp:attachment":[{"href":"https:\/\/roveyayinevi.com.tr\/index.php\/wp-json\/wp\/v2\/media?parent=702505"}],"wp:term":[{"taxonomy":"product_brand","embeddable":true,"href":"https:\/\/roveyayinevi.com.tr\/index.php\/wp-json\/wp\/v2\/product_brand?post=702505"},{"taxonomy":"product_cat","embeddable":true,"href":"https:\/\/roveyayinevi.com.tr\/index.php\/wp-json\/wp\/v2\/product_cat?post=702505"},{"taxonomy":"product_tag","embeddable":true,"href":"https:\/\/roveyayinevi.com.tr\/index.php\/wp-json\/wp\/v2\/product_tag?post=702505"}],"curies":[{"name":"wp","href":"https:\/\/api.w.org\/{rel}","templated":true}]}}