{"id":702504,"date":"2025-08-27T15:17:02","date_gmt":"2025-08-27T12:17:02","guid":{"rendered":"https:\/\/roveyayinevi.com.tr\/index.php\/urun\/damga-2\/"},"modified":"2026-04-16T02:11:45","modified_gmt":"2026-04-15T23:11:45","slug":"damga-2","status":"publish","type":"product","link":"https:\/\/roveyayinevi.com.tr\/index.php\/urun\/damga-2\/","title":{"rendered":"Damga"},"content":{"rendered":"<p>Damga bir ili\u015fki t\u00fcr\u00fcd\u00fcr, sabit bir vas\u0131f de\u011fil. Damga; damgalayana, normal addedilene, normal rol\u00fcn\u00fc oynayana ihtiya\u00e7 duyar. Toplumsal ili\u015fkilerin ve etkile\u015fimlerin seyrinde kar\u015f\u0131 kar\u015f\u0131ya gelen iki bireyin aras\u0131nda ge\u00e7en bir &#8220;hik\u00e2yedir&#8221; asl\u0131nda damga, ama bu hik\u00e2yede ilgin\u00e7 olan \u015fudur ki; bug\u00fcn normali tan\u0131mlayan bir nitelik yar\u0131n pek\u00e2l\u00e2 bir damgaya d\u00f6n\u00fc\u015febilir. Normal-damgal\u0131 oyununda \u00e7iftlerin rol de\u011fi\u015ftirmesiyle s\u0131kl\u0131kla kar\u015f\u0131lan\u0131r. Dolay\u0131s\u0131yla normal ve damgal\u0131 ayn\u0131 b\u00fct\u00fcnl\u00fc\u011f\u00fcn iki par\u00e7as\u0131d\u0131rlar; ayn\u0131 \u00f6rt\u00fcn\u00fcn iki ucudurlar. Normal ve damgal\u0131, somut ki\u015filer de\u011fildirler; sadece birer bak\u0131\u015f a\u00e7\u0131s\u0131d\u0131rlar. Damgalar \u00e7e\u015fit \u00e7e\u015fittirler; engelliler, bir kaza sonucunda bir uzvunu kaybetmi\u015f olanlar, alkolikler, e\u015fcinseller, ak\u0131l hastalar\u0131, eski su\u00e7lular, uyu\u015fturucu ba\u011f\u0131ml\u0131lar\u0131, i\u015fsizler veya belli etnik, din\u00ee veya s\u0131n\u0131fsal aidiyetleri sonucunda itilmi\u015f olanlar &#8220;damgal\u0131&#8221; fig\u00fcr\u00fcn\u00fcn ba\u015fkahramanlar\u0131d\u0131r. Bu kahramanlar\u0131n &#8220;hik\u00e2yesi&#8221; s\u0131kl\u0131kla trajiktir de. Gri alanda kalman\u0131n, tan\u0131mlanamaz olman\u0131n trajedisidir bu. Damgal\u0131n\u0131n hususiyeti &#8220;s\u0131n\u0131fland\u0131r\u0131lamaz&#8221; olu\u015fudur; &#8220;normaller&#8221; d\u00fcnyas\u0131na ait de\u011fildir ancak bu d\u00fcnyaya yabanc\u0131 da de\u011fildir. Fiziki a\u00e7\u0131dan tam olarak sa\u011fl\u0131kl\u0131 de\u011fildir ancak hasta da de\u011fildir (\u00e7\u00fcnk\u00fc hastal\u0131k tan\u0131m\u0131 gere\u011fi ge\u00e7ici bir durumdur). \u00d6l\u00fc de\u011fildir ancak canl\u0131lar d\u00fcnyas\u0131na da ait de\u011fildir; toplumsal a\u00e7\u0131dan hem vard\u0131r hem yoktur. Hatta ne hayvan ne de tamam\u0131yla insan olmas\u0131 hasebiyle do\u011fa ve k\u00fclt\u00fcr aras\u0131nda var olan \u00e7izginin bizatihi ihlalidir damgal\u0131. Ta\u015f\u0131nan bir engel, sahip olunan bir damga; bireyin k\u00fclt\u00fcr ta\u015f\u0131y\u0131c\u0131s\u0131 olma vasf\u0131n\u0131 ortadan kald\u0131ran bir ihtimaldir. Damgal\u0131 s\u0131n\u0131rda oland\u0131r; tek kelimeyle, mu\u011fl\u00e2k s\u0131n\u0131rlar \u00fczerinde iki d\u00fcnya aras\u0131nda s\u00fcrekli savrulma, gidip gelme h\u00e2lidir damga. <\/p>\n","protected":false},"excerpt":{"rendered":"<p>Damga bir ili\u015fki t\u00fcr\u00fcd\u00fcr, sabit bir vas\u0131f de\u011fil. Damga; damgalayana, normal addedilene, normal rol\u00fcn\u00fc oynayana ihtiya\u00e7 duyar. Toplumsal ili\u015fkilerin ve etkile\u015fimlerin seyrinde kar\u015f\u0131 kar\u015f\u0131ya gelen iki<span class=\"excerpt-hellip\"> [\u2026]<\/span><\/p>\n","protected":false},"featured_media":0,"template":"","meta":{"_monsterinsights_skip_tracking":false,"_monsterinsights_sitenote_active":false,"_monsterinsights_sitenote_note":"","_monsterinsights_sitenote_category":0},"product_brand":[],"product_cat":[12388,13555],"product_tag":[],"class_list":{"0":"post-702504","1":"product","2":"type-product","3":"status-publish","5":"product_cat-felsefe","6":"product_cat-genel-felsefe","7":"pa_cilt-ciltsiz","8":"pa_tur-kitap","9":"pa_yayinevi-heretik-yayincilik","10":"pa_yazar-erving-goffman","12":"first","13":"instock","14":"sale","15":"shipping-taxable","16":"purchasable","17":"product-type-simple"},"_links":{"self":[{"href":"https:\/\/roveyayinevi.com.tr\/index.php\/wp-json\/wp\/v2\/product\/702504","targetHints":{"allow":["GET"]}}],"collection":[{"href":"https:\/\/roveyayinevi.com.tr\/index.php\/wp-json\/wp\/v2\/product"}],"about":[{"href":"https:\/\/roveyayinevi.com.tr\/index.php\/wp-json\/wp\/v2\/types\/product"}],"wp:attachment":[{"href":"https:\/\/roveyayinevi.com.tr\/index.php\/wp-json\/wp\/v2\/media?parent=702504"}],"wp:term":[{"taxonomy":"product_brand","embeddable":true,"href":"https:\/\/roveyayinevi.com.tr\/index.php\/wp-json\/wp\/v2\/product_brand?post=702504"},{"taxonomy":"product_cat","embeddable":true,"href":"https:\/\/roveyayinevi.com.tr\/index.php\/wp-json\/wp\/v2\/product_cat?post=702504"},{"taxonomy":"product_tag","embeddable":true,"href":"https:\/\/roveyayinevi.com.tr\/index.php\/wp-json\/wp\/v2\/product_tag?post=702504"}],"curies":[{"name":"wp","href":"https:\/\/api.w.org\/{rel}","templated":true}]}}