{"id":702502,"date":"2025-08-27T15:17:01","date_gmt":"2025-08-27T12:17:01","guid":{"rendered":"https:\/\/roveyayinevi.com.tr\/index.php\/urun\/elestirinin-anatomisi\/"},"modified":"2026-04-16T02:11:45","modified_gmt":"2026-04-15T23:11:45","slug":"elestirinin-anatomisi","status":"publish","type":"product","link":"https:\/\/roveyayinevi.com.tr\/index.php\/urun\/elestirinin-anatomisi\/","title":{"rendered":"Ele\u015ftirinin Anatomisi"},"content":{"rendered":"<p>D\u00fcnya edebiyat ele\u015ftirisi literat\u00fcr\u00fcne \u00f6nemli katk\u0131larda bulunan Northrop Frye\u2019\u0131n, bug\u00fcn art\u0131k \u201ck\u00fclt\u201d kabul edilen eseri Ele\u015ftirinin Anatomisi art\u0131k T\u00fcrk\u00e7e\u2019de. Bu eser, Frye\u2019\u0131n kendi deyimiyle, \u201cedebi ele\u015ftirinin kapsam\u0131, kuram\u0131, prensipleri ve tekniklerine toplu bir bak\u0131\u015f sa\u011flama olas\u0131l\u0131\u011f\u0131 \u00fczerine, s\u00f6zc\u00fc\u011f\u00fcn tam anlam\u0131yla bir deney ya da tamamlanmam\u0131\u015f bir giri\u015fim\u201ddir. \u00d6zellikle ele\u015ftirmenlerin ve edebiyat \u00f6\u011frencilerinin \u201cuygulamal\u0131 bir fayda\u201d sa\u011flamalar\u0131n\u0131 hedefleyerek kaleme ald\u0131\u011f\u0131 bu d\u00f6rt b\u00fcy\u00fck denemesinde Frye edebiyat ele\u015ftirisinin sadece edebiyatla k\u0131s\u0131tl\u0131 d\u00fc\u015f\u00fcn\u00fclemeyece\u011fini ortaya koyuyor. Frye, edebiyat ele\u015ftirisini \u201cYaratma ve bilgi, sanat ve bilim, mit ve kavram aras\u0131ndaki kopmu\u015f ili\u015fkileri yeniden \u00fcreten bir faaliyet\u201d olarak g\u00f6r\u00fcyor. Kitab\u0131n, \u201cD\u00f6rt Deneme\u201dyi kavrayan ve d\u00fc\u015f\u00fcnsel ba\u011flam\u0131na yerle\u015ftiren \u00f6ns\u00f6z ve sonu\u00e7 b\u00f6l\u00fcmleri, Frye\u2019\u0131n bu anlay\u0131\u015f\u0131n\u0131 t\u00fcm derinli\u011fiyle ortaya koyuyor. Ele\u015ftirinin Anatomisi, edebiyat uzam\u0131n\u0131n t\u00fcm sakinlerine, \u00f6zellikle de T\u00fcrkiye\u2019deki edebiyat ele\u015ftirisi \u00e7al\u0131\u015fmalar\u0131na ilham verecek bir arma\u011fan olarak g\u00f6r\u00fclebilir. Frye, dahi olup olmad\u0131\u011f\u0131 meselesini bir yana b\u0131rak\u0131rsak, beni etkilemeyi s\u00fcrd\u00fcr\u00fcyor. Frye\u2019\u0131n, Sanat\u0131n B\u00fcy\u00fck \u015eifresi\u2019ni k\u0131rmak i\u00e7in sonsuz bir zamana sahipmi\u015f\u00e7esine yazd\u0131\u011f\u0131n\u0131 g\u00f6rd\u00fc\u011f\u00fcmde, istemeyerek de olsa duygulan\u0131yorum. <\/p>\n","protected":false},"excerpt":{"rendered":"<p>D\u00fcnya edebiyat ele\u015ftirisi literat\u00fcr\u00fcne \u00f6nemli katk\u0131larda bulunan Northrop Frye\u2019\u0131n, bug\u00fcn art\u0131k \u201ck\u00fclt\u201d kabul edilen eseri Ele\u015ftirinin Anatomisi art\u0131k T\u00fcrk\u00e7e\u2019de. Bu eser, Frye\u2019\u0131n kendi deyimiyle, \u201cedebi ele\u015ftirinin<span class=\"excerpt-hellip\"> [\u2026]<\/span><\/p>\n","protected":false},"featured_media":0,"template":"","meta":{"_monsterinsights_skip_tracking":false,"_monsterinsights_sitenote_active":false,"_monsterinsights_sitenote_note":"","_monsterinsights_sitenote_category":0},"product_brand":[],"product_cat":[13590,12337],"product_tag":[],"class_list":{"0":"post-702502","1":"product","2":"type-product","3":"status-publish","5":"product_cat-arastirma-inceleme-politika-siyaset","6":"product_cat-politika-siyaset","7":"pa_cilt-ciltsiz","8":"pa_tur-kitap","9":"pa_yayinevi-ayrinti-yayinlari","10":"pa_yazar-northrop-frye","12":"first","13":"instock","14":"sale","15":"shipping-taxable","16":"purchasable","17":"product-type-simple"},"_links":{"self":[{"href":"https:\/\/roveyayinevi.com.tr\/index.php\/wp-json\/wp\/v2\/product\/702502","targetHints":{"allow":["GET"]}}],"collection":[{"href":"https:\/\/roveyayinevi.com.tr\/index.php\/wp-json\/wp\/v2\/product"}],"about":[{"href":"https:\/\/roveyayinevi.com.tr\/index.php\/wp-json\/wp\/v2\/types\/product"}],"wp:attachment":[{"href":"https:\/\/roveyayinevi.com.tr\/index.php\/wp-json\/wp\/v2\/media?parent=702502"}],"wp:term":[{"taxonomy":"product_brand","embeddable":true,"href":"https:\/\/roveyayinevi.com.tr\/index.php\/wp-json\/wp\/v2\/product_brand?post=702502"},{"taxonomy":"product_cat","embeddable":true,"href":"https:\/\/roveyayinevi.com.tr\/index.php\/wp-json\/wp\/v2\/product_cat?post=702502"},{"taxonomy":"product_tag","embeddable":true,"href":"https:\/\/roveyayinevi.com.tr\/index.php\/wp-json\/wp\/v2\/product_tag?post=702502"}],"curies":[{"name":"wp","href":"https:\/\/api.w.org\/{rel}","templated":true}]}}