{"id":702500,"date":"2025-08-27T15:17:01","date_gmt":"2025-08-27T12:17:01","guid":{"rendered":"https:\/\/roveyayinevi.com.tr\/index.php\/urun\/ceviz-oynama-zamanlari-gecti\/"},"modified":"2026-04-16T02:11:45","modified_gmt":"2026-04-15T23:11:45","slug":"ceviz-oynama-zamanlari-gecti","status":"publish","type":"product","link":"https:\/\/roveyayinevi.com.tr\/index.php\/urun\/ceviz-oynama-zamanlari-gecti\/","title":{"rendered":"Ceviz Oynama Zamanlar\u0131 Ge\u00e7ti"},"content":{"rendered":"<p>Tarih belli d\u00f6nemlerde unutulmaz insanlar yarat\u0131r. Bunun tan\u0131kl\u0131\u011f\u0131n\u0131 da sonsuza bakan insanlar yaparlar. Astronom Mehmet \u00c7elebi onu al\u0131p uzaydaki bir gezegene g\u00f6t\u00fcren varl\u0131klar\u0131n yard\u0131m\u0131yla evrene zaman \u00f6tesi bakan bir teleskopa kavu\u015fur. Mehmet \u00c7elebi, teleskopuyla zamanda yolculuk yaparken \u00f6yle bir yere odaklan\u0131r ki oras\u0131 bir \u00e7ocu\u011fun do\u011fdu\u011fu ve gelece\u011fe yolculu\u011fun ba\u015flad\u0131\u011f\u0131 yerdir. \u0130\u015fte o odaklanmayla beraber zamanda gelgitler yaparak ve farkl\u0131 d\u00f6nemleri yak\u0131n planda inceleyerek ayn\u0131 zamanda tarihe yeniden tan\u0131kl\u0131k etmektedir. \u00d6yk\u00fcm\u00fcz, Mustafa&#8217;n\u0131n, Mustafa&#8217;dan Kemal&#8217;e yapt\u0131\u011f\u0131 yolculu\u011fun belli d\u00f6nemlerini, Mehmet \u00c7elebi&#8217;nin yapt\u0131\u011f\u0131 g\u00f6rsel tan\u0131kl\u0131klar\u0131 anlat\u0131r. Bir \u00e7ocuk do\u011far, b\u00fcy\u00fcr ve hayata \u00f6ylesine kat\u0131l\u0131r ve \u00f6ylesine unutulmaz katk\u0131lar yapar ki&#8230; Kimdir bu \u00e7ocuk? Onu bu denli sevgiyle an\u0131msatan \u015fey nedir?<\/p>\n","protected":false},"excerpt":{"rendered":"<p>Tarih belli d\u00f6nemlerde unutulmaz insanlar yarat\u0131r. Bunun tan\u0131kl\u0131\u011f\u0131n\u0131 da sonsuza bakan insanlar yaparlar. Astronom Mehmet \u00c7elebi onu al\u0131p uzaydaki bir gezegene g\u00f6t\u00fcren varl\u0131klar\u0131n yard\u0131m\u0131yla evrene zaman<span class=\"excerpt-hellip\"> [\u2026]<\/span><\/p>\n","protected":false},"featured_media":0,"template":"","meta":{"_monsterinsights_skip_tracking":false,"_monsterinsights_sitenote_active":false,"_monsterinsights_sitenote_note":"","_monsterinsights_sitenote_category":0},"product_brand":[],"product_cat":[12274,12284],"product_tag":[],"class_list":{"0":"post-702500","1":"product","2":"type-product","3":"status-publish","5":"product_cat-cocuk-ve-genclik-kitaplari","6":"product_cat-hikayeler","7":"pa_cilt-ciltsiz","8":"pa_tur-kitap","9":"pa_yayinevi-abm-yayinevi","10":"pa_yazar-necdet-neydim","12":"first","13":"instock","14":"sale","15":"shipping-taxable","16":"purchasable","17":"product-type-simple"},"_links":{"self":[{"href":"https:\/\/roveyayinevi.com.tr\/index.php\/wp-json\/wp\/v2\/product\/702500","targetHints":{"allow":["GET"]}}],"collection":[{"href":"https:\/\/roveyayinevi.com.tr\/index.php\/wp-json\/wp\/v2\/product"}],"about":[{"href":"https:\/\/roveyayinevi.com.tr\/index.php\/wp-json\/wp\/v2\/types\/product"}],"wp:attachment":[{"href":"https:\/\/roveyayinevi.com.tr\/index.php\/wp-json\/wp\/v2\/media?parent=702500"}],"wp:term":[{"taxonomy":"product_brand","embeddable":true,"href":"https:\/\/roveyayinevi.com.tr\/index.php\/wp-json\/wp\/v2\/product_brand?post=702500"},{"taxonomy":"product_cat","embeddable":true,"href":"https:\/\/roveyayinevi.com.tr\/index.php\/wp-json\/wp\/v2\/product_cat?post=702500"},{"taxonomy":"product_tag","embeddable":true,"href":"https:\/\/roveyayinevi.com.tr\/index.php\/wp-json\/wp\/v2\/product_tag?post=702500"}],"curies":[{"name":"wp","href":"https:\/\/api.w.org\/{rel}","templated":true}]}}