{"id":702499,"date":"2025-08-27T15:17:00","date_gmt":"2025-08-27T12:17:00","guid":{"rendered":"https:\/\/roveyayinevi.com.tr\/index.php\/urun\/eko-nomi\/"},"modified":"2026-04-16T02:11:45","modified_gmt":"2026-04-15T23:11:45","slug":"eko-nomi","status":"publish","type":"product","link":"https:\/\/roveyayinevi.com.tr\/index.php\/urun\/eko-nomi\/","title":{"rendered":"Eko-Nomi"},"content":{"rendered":"<p>\u00c7evrenin korunmas\u0131 konusunda heyecan duyuldu\u011fu bir ger\u00e7ektir ancak bunda ba\u015far\u0131l\u0131 olmak ba\u015fka bir \u015feydir. \u00e7evreyi korumak ad\u0131na bir\u00e7ok kanun \u00e7\u0131kar\u0131lmaktad\u0131r ama kanunlar bizatihi \u00e7evreyi koruyamaz veya kirlili\u011fi temizleyemezler. Kanunlar niyet ettikleri bu i\u015fi yapmaktan ziyade bunu yapma hedefiyle kurulmu\u015f geni\u015f b\u00fcrokrasiler yaratarak b\u00fcy\u00fck miktarlarda kaynak israf\u0131na sebep olurlar.Bu kitap bir paradoksa odaklanmakta, \u00e7evreyi koruma niyetleriyle yap\u0131lan kanunlar i\u015fe yaramad\u0131\u011f\u0131 halde kapitalist Bat\u0131 \u00fclkelerinin, \u00e7evresel anlamda, nas\u0131l daha ba\u015far\u0131l\u0131 olabildi\u011fini a\u00e7\u0131klamaya \u00e7al\u0131\u015fmaktad\u0131r.\u201c\u00e7evre\u201dnize daha farkl\u0131 bakman\u0131zda size rehberlik sunacak olan Eko-nomi \u00f6zel m\u00fclkiyet, piyasa s\u00fcreci ve \u00e7evre ili\u015fkisi hakk\u0131nda iyi bir giri\u015f vaat ediyor. <\/p>\n","protected":false},"excerpt":{"rendered":"<p>\u00c7evrenin korunmas\u0131 konusunda heyecan duyuldu\u011fu bir ger\u00e7ektir ancak bunda ba\u015far\u0131l\u0131 olmak ba\u015fka bir \u015feydir. \u00e7evreyi korumak ad\u0131na bir\u00e7ok kanun \u00e7\u0131kar\u0131lmaktad\u0131r ama kanunlar bizatihi \u00e7evreyi koruyamaz veya<span class=\"excerpt-hellip\"> [\u2026]<\/span><\/p>\n","protected":false},"featured_media":0,"template":"","meta":{"_monsterinsights_skip_tracking":false,"_monsterinsights_sitenote_active":false,"_monsterinsights_sitenote_note":"","_monsterinsights_sitenote_category":0},"product_brand":[],"product_cat":[13043,14144],"product_tag":[],"class_list":{"0":"post-702499","1":"product","2":"type-product","3":"status-publish","5":"product_cat-ekonomi","6":"product_cat-turkiye-ekonomisi","7":"pa_cilt-ciltsiz","8":"pa_tur-kitap","9":"pa_yayinevi-liberte-yayinlari","10":"pa_yazar-richard-l-stroup","12":"first","13":"instock","14":"sale","15":"shipping-taxable","16":"purchasable","17":"product-type-simple"},"_links":{"self":[{"href":"https:\/\/roveyayinevi.com.tr\/index.php\/wp-json\/wp\/v2\/product\/702499","targetHints":{"allow":["GET"]}}],"collection":[{"href":"https:\/\/roveyayinevi.com.tr\/index.php\/wp-json\/wp\/v2\/product"}],"about":[{"href":"https:\/\/roveyayinevi.com.tr\/index.php\/wp-json\/wp\/v2\/types\/product"}],"wp:attachment":[{"href":"https:\/\/roveyayinevi.com.tr\/index.php\/wp-json\/wp\/v2\/media?parent=702499"}],"wp:term":[{"taxonomy":"product_brand","embeddable":true,"href":"https:\/\/roveyayinevi.com.tr\/index.php\/wp-json\/wp\/v2\/product_brand?post=702499"},{"taxonomy":"product_cat","embeddable":true,"href":"https:\/\/roveyayinevi.com.tr\/index.php\/wp-json\/wp\/v2\/product_cat?post=702499"},{"taxonomy":"product_tag","embeddable":true,"href":"https:\/\/roveyayinevi.com.tr\/index.php\/wp-json\/wp\/v2\/product_tag?post=702499"}],"curies":[{"name":"wp","href":"https:\/\/api.w.org\/{rel}","templated":true}]}}