{"id":702495,"date":"2025-08-27T15:16:59","date_gmt":"2025-08-27T12:16:59","guid":{"rendered":"https:\/\/roveyayinevi.com.tr\/index.php\/urun\/neoklasik-iktisadin-elestirisi-post-otistik-iktisat\/"},"modified":"2026-04-16T02:11:45","modified_gmt":"2026-04-15T23:11:45","slug":"neoklasik-iktisadin-elestirisi-post-otistik-iktisat","status":"publish","type":"product","link":"https:\/\/roveyayinevi.com.tr\/index.php\/urun\/neoklasik-iktisadin-elestirisi-post-otistik-iktisat\/","title":{"rendered":"Neoklasik \u0130ktisad\u0131n Ele\u015ftirisi &#8211; Post Otistik \u0130ktisat"},"content":{"rendered":"<p>Otizm kelimesi t\u0131bbi olarak \u00fc\u00e7 ya\u015f\u0131ndan \u00f6nce ba\u015flayan ve \u00f6m\u00fcr boyu s\u00fcren, sosyal etkile\u015fime ve ileti\u015fime zarar veren, s\u0131n\u0131rl\u0131 ve tekrarlanan davran\u0131\u015flara yol a\u00e7an beynin geli\u015fimini engelleyen bir rahats\u0131zl\u0131kt\u0131r. Biz ekonomistler \u00f6\u011frencilik y\u0131llar\u0131nda ald\u0131\u011f\u0131m\u0131z yo\u011fun neoklasik iktisat teorilerini \u00f6\u011frencilerimize aktarmak suretiyle, ekonominin sadece neoklasik ekonomiden ibaret olmad\u0131\u011f\u0131 ger\u00e7e\u011fini g\u00f6z ard\u0131 etmekteyiz. Oysaki neoklasik teorinin kabul etti\u011fi bir\u00e7ok varsay\u0131m otistiktir. G\u00fcn\u00fcm\u00fcz d\u00fcnyas\u0131 tam rekabet \u015fartlar\u0131na uygun olmayan bir yap\u0131dad\u0131r. \u0130nsanlar daima homo economicus de\u011fildir. Bir\u00e7ok insan rasyonel olmayan davran\u0131\u015flar\u0131n sonucunda ekonomik felaketle kar\u015f\u0131 kar\u015f\u0131ya gelmektedir. Bir ama\u00e7 yerine ara\u00e7 olmas\u0131 gereken matematik, neoklasik teoride bizleri matematiksel ifadelere bo\u011farak iktisat bilimini anla\u015f\u0131lamaz hale sokabilmektedir. Ekonomi \u00f6\u011frencilerinin \u00e7o\u011fu kendi \u00e7abalar\u0131 yada idealist \u00f6\u011freticileri olmamas\u0131 durumunda di\u011fer iktisadi d\u00fc\u015f\u00fcnce okullar\u0131n\u0131n isimlerini bile duymadan mezun olmaktad\u0131r. \u00dcniversiteden sonra i\u015f ya\u015fam\u0131na ba\u015flayan bir\u00e7ok ekonomi \u00f6\u011frencisi, \u00f6\u011frendikleri ekonomi bilgisini ger\u00e7ek ya\u015famda uygulayamamaktad\u0131r. <\/p>\n","protected":false},"excerpt":{"rendered":"<p>Otizm kelimesi t\u0131bbi olarak \u00fc\u00e7 ya\u015f\u0131ndan \u00f6nce ba\u015flayan ve \u00f6m\u00fcr boyu s\u00fcren, sosyal etkile\u015fime ve ileti\u015fime zarar veren, s\u0131n\u0131rl\u0131 ve tekrarlanan davran\u0131\u015flara yol a\u00e7an beynin geli\u015fimini<span class=\"excerpt-hellip\"> [\u2026]<\/span><\/p>\n","protected":false},"featured_media":0,"template":"","meta":{"_monsterinsights_skip_tracking":false,"_monsterinsights_sitenote_active":false,"_monsterinsights_sitenote_note":"","_monsterinsights_sitenote_category":0},"product_brand":[],"product_cat":[12573,12566],"product_tag":[],"class_list":{"0":"post-702495","1":"product","2":"type-product","3":"status-publish","5":"product_cat-akademik-kitaplar","6":"product_cat-egitim","7":"pa_tur-kitap","8":"pa_yayinevi-efil-yayinevi","9":"pa_yazar-utku-altunoz","11":"first","12":"instock","13":"sale","14":"shipping-taxable","15":"purchasable","16":"product-type-simple"},"_links":{"self":[{"href":"https:\/\/roveyayinevi.com.tr\/index.php\/wp-json\/wp\/v2\/product\/702495","targetHints":{"allow":["GET"]}}],"collection":[{"href":"https:\/\/roveyayinevi.com.tr\/index.php\/wp-json\/wp\/v2\/product"}],"about":[{"href":"https:\/\/roveyayinevi.com.tr\/index.php\/wp-json\/wp\/v2\/types\/product"}],"wp:attachment":[{"href":"https:\/\/roveyayinevi.com.tr\/index.php\/wp-json\/wp\/v2\/media?parent=702495"}],"wp:term":[{"taxonomy":"product_brand","embeddable":true,"href":"https:\/\/roveyayinevi.com.tr\/index.php\/wp-json\/wp\/v2\/product_brand?post=702495"},{"taxonomy":"product_cat","embeddable":true,"href":"https:\/\/roveyayinevi.com.tr\/index.php\/wp-json\/wp\/v2\/product_cat?post=702495"},{"taxonomy":"product_tag","embeddable":true,"href":"https:\/\/roveyayinevi.com.tr\/index.php\/wp-json\/wp\/v2\/product_tag?post=702495"}],"curies":[{"name":"wp","href":"https:\/\/api.w.org\/{rel}","templated":true}]}}