{"id":702494,"date":"2025-08-27T15:16:58","date_gmt":"2025-08-27T12:16:58","guid":{"rendered":"https:\/\/roveyayinevi.com.tr\/index.php\/urun\/gun-ortasinda-karanlik\/"},"modified":"2026-04-16T02:11:45","modified_gmt":"2026-04-15T23:11:45","slug":"gun-ortasinda-karanlik","status":"publish","type":"product","link":"https:\/\/roveyayinevi.com.tr\/index.php\/urun\/gun-ortasinda-karanlik\/","title":{"rendered":"G\u00fcn Ortas\u0131nda Karanl\u0131k"},"content":{"rendered":"<p>G\u00fcn Ortas\u0131nda Karanl\u0131k, hapishane edebiyat\u0131n\u0131n d\u00fcnya \u00e7ap\u0131ndaki en ba\u015far\u0131l\u0131 \u00f6rneklerinden biri ve Arthur Koestler\u2019in en \u00e7ok okunan eseridir. <\/p>\n","protected":false},"excerpt":{"rendered":"<p>G\u00fcn Ortas\u0131nda Karanl\u0131k, hapishane edebiyat\u0131n\u0131n d\u00fcnya \u00e7ap\u0131ndaki en ba\u015far\u0131l\u0131 \u00f6rneklerinden biri ve Arthur Koestler\u2019in en \u00e7ok okunan eseridir.<\/p>\n","protected":false},"featured_media":0,"template":"","meta":{"_monsterinsights_skip_tracking":false,"_monsterinsights_sitenote_active":false,"_monsterinsights_sitenote_note":"","_monsterinsights_sitenote_category":0},"product_brand":[],"product_cat":[13661,12291],"product_tag":[],"class_list":{"0":"post-702494","1":"product","2":"type-product","3":"status-publish","5":"product_cat-diger-ulke-edebiyatlari","6":"product_cat-edebiyat","7":"pa_cilt-ciltsiz","8":"pa_tur-kitap","9":"pa_yayinevi-iletisim-yayinlari","10":"pa_yazar-arthur-koestler","12":"first","13":"instock","14":"sale","15":"shipping-taxable","16":"purchasable","17":"product-type-simple"},"_links":{"self":[{"href":"https:\/\/roveyayinevi.com.tr\/index.php\/wp-json\/wp\/v2\/product\/702494","targetHints":{"allow":["GET"]}}],"collection":[{"href":"https:\/\/roveyayinevi.com.tr\/index.php\/wp-json\/wp\/v2\/product"}],"about":[{"href":"https:\/\/roveyayinevi.com.tr\/index.php\/wp-json\/wp\/v2\/types\/product"}],"wp:attachment":[{"href":"https:\/\/roveyayinevi.com.tr\/index.php\/wp-json\/wp\/v2\/media?parent=702494"}],"wp:term":[{"taxonomy":"product_brand","embeddable":true,"href":"https:\/\/roveyayinevi.com.tr\/index.php\/wp-json\/wp\/v2\/product_brand?post=702494"},{"taxonomy":"product_cat","embeddable":true,"href":"https:\/\/roveyayinevi.com.tr\/index.php\/wp-json\/wp\/v2\/product_cat?post=702494"},{"taxonomy":"product_tag","embeddable":true,"href":"https:\/\/roveyayinevi.com.tr\/index.php\/wp-json\/wp\/v2\/product_tag?post=702494"}],"curies":[{"name":"wp","href":"https:\/\/api.w.org\/{rel}","templated":true}]}}