{"id":702490,"date":"2025-08-27T15:16:57","date_gmt":"2025-08-27T12:16:57","guid":{"rendered":"https:\/\/roveyayinevi.com.tr\/index.php\/urun\/devrimciler-olmez\/"},"modified":"2026-04-16T02:11:45","modified_gmt":"2026-04-15T23:11:45","slug":"devrimciler-olmez","status":"publish","type":"product","link":"https:\/\/roveyayinevi.com.tr\/index.php\/urun\/devrimciler-olmez\/","title":{"rendered":"Devrimciler \u00d6lmez"},"content":{"rendered":"<p>Sinan Kaz\u0131m \u00d6z\u00fcdo\u011fru, K\u0131z\u0131ldere\u2019de toplu katliama u\u011frayan 10 devrimci gen\u00e7ten birisiydi. Y\u00fcrekli ve bilin\u00e7li bir devrimci oldu\u011fu kadar g\u00fczel t\u00fcrk\u00fcler s\u00f6yleyen, edebiyat ve \u015fiirle ilgilenen, tiyatro yapan, insanlar\u0131 \u00e7ok seven ve yard\u0131msever ki\u015fili\u011fiyle haf\u0131zalardan silinmeyen K\u00e2z\u0131m\u2019\u0131n arkada\u015flar\u0131, \u00e7evresi ve a\u011fabeyi Emin \u00d6z\u00fcdo\u011fru, onun an\u0131lar\u0131n\u0131 bir araya getirerek bu kitab\u0131 ortaya \u00e7\u0131kard\u0131. <\/p>\n","protected":false},"excerpt":{"rendered":"<p>Sinan Kaz\u0131m \u00d6z\u00fcdo\u011fru, K\u0131z\u0131ldere\u2019de toplu katliama u\u011frayan 10 devrimci gen\u00e7ten birisiydi. Y\u00fcrekli ve bilin\u00e7li bir devrimci oldu\u011fu kadar g\u00fczel t\u00fcrk\u00fcler s\u00f6yleyen, edebiyat ve \u015fiirle ilgilenen, tiyatro<span class=\"excerpt-hellip\"> [\u2026]<\/span><\/p>\n","protected":false},"featured_media":0,"template":"","meta":{"_monsterinsights_skip_tracking":false,"_monsterinsights_sitenote_active":false,"_monsterinsights_sitenote_note":"","_monsterinsights_sitenote_category":0},"product_brand":[],"product_cat":[12312,12304],"product_tag":[],"class_list":{"0":"post-702490","1":"product","2":"type-product","3":"status-publish","5":"product_cat-diger","6":"product_cat-tarih","7":"pa_cilt-ciltsiz","8":"pa_tur-kitap","9":"pa_yayinevi-ayrinti-yayinlari","10":"pa_yazar-kolektif","12":"first","13":"instock","14":"sale","15":"shipping-taxable","16":"purchasable","17":"product-type-simple"},"_links":{"self":[{"href":"https:\/\/roveyayinevi.com.tr\/index.php\/wp-json\/wp\/v2\/product\/702490","targetHints":{"allow":["GET"]}}],"collection":[{"href":"https:\/\/roveyayinevi.com.tr\/index.php\/wp-json\/wp\/v2\/product"}],"about":[{"href":"https:\/\/roveyayinevi.com.tr\/index.php\/wp-json\/wp\/v2\/types\/product"}],"wp:attachment":[{"href":"https:\/\/roveyayinevi.com.tr\/index.php\/wp-json\/wp\/v2\/media?parent=702490"}],"wp:term":[{"taxonomy":"product_brand","embeddable":true,"href":"https:\/\/roveyayinevi.com.tr\/index.php\/wp-json\/wp\/v2\/product_brand?post=702490"},{"taxonomy":"product_cat","embeddable":true,"href":"https:\/\/roveyayinevi.com.tr\/index.php\/wp-json\/wp\/v2\/product_cat?post=702490"},{"taxonomy":"product_tag","embeddable":true,"href":"https:\/\/roveyayinevi.com.tr\/index.php\/wp-json\/wp\/v2\/product_tag?post=702490"}],"curies":[{"name":"wp","href":"https:\/\/api.w.org\/{rel}","templated":true}]}}