{"id":702487,"date":"2025-08-27T15:16:56","date_gmt":"2025-08-27T12:16:56","guid":{"rendered":"https:\/\/roveyayinevi.com.tr\/index.php\/urun\/son-akin\/"},"modified":"2026-04-16T02:11:45","modified_gmt":"2026-04-15T23:11:45","slug":"son-akin","status":"publish","type":"product","link":"https:\/\/roveyayinevi.com.tr\/index.php\/urun\/son-akin\/","title":{"rendered":"Son Ak\u0131n"},"content":{"rendered":"<p>1960\u2019tan 1980\u2019lerin ortalar\u0131na kadar yazd\u0131\u011f\u0131 ve yay\u0131nlad\u0131\u011f\u0131 tarihi romanlarla b\u00fcy\u00fck ilgi g\u00f6ren Bekir B\u00fcy\u00fckark\u0131n 25 y\u0131ll\u0131k bir aradan sonra yeniden okuyucular\u0131yla bulu\u015fuyor. \u00dclkemizde tarihi romanc\u0131l\u0131\u011f\u0131n kilometre ta\u015f\u0131 h\u00fckm\u00fcndeki isimlerinden biri olan Bekir B\u00fcy\u00fckark\u0131n\u2019\u0131n ak\u0131c\u0131 ve s\u00fcr\u00fckleyici \u00fcslubuyla okurlar\u0131m\u0131z\u0131 tarih yolculu\u011funa davet ediyoruz. Bu roman, vatan\u0131 i\u00e7in hayatlar\u0131n\u0131 seve seve feda eden ak\u0131nc\u0131larla serhad gazilerinin ve onlar\u0131n fedak\u00e2r ana, bac\u0131 ve e\u015flerinin aziz ruhlar\u0131na ithaf edilmi\u015ftir. Ruh ve madde \u00e2lemini birle\u015ftiren, y\u00fcz y\u0131llar boyunca \u00f6l\u00fcms\u00fczl\u00fc\u011fe kanat a\u00e7an sizler; Hat\u00e7e analar, Ay\u015fe G\u00fcller, Koca Memiller, Kara Muradlar, Deli Durmu\u015flar, Karapen\u00e7ler, h\u00e2l\u00e2 ya\u015f\u0131yorsunuz&#8230; Bak\u015fa t\u00fcrl\u00fcs\u00fc olamazd\u0131&#8230; <\/p>\n","protected":false},"excerpt":{"rendered":"<p>1960\u2019tan 1980\u2019lerin ortalar\u0131na kadar yazd\u0131\u011f\u0131 ve yay\u0131nlad\u0131\u011f\u0131 tarihi romanlarla b\u00fcy\u00fck ilgi g\u00f6ren Bekir B\u00fcy\u00fckark\u0131n 25 y\u0131ll\u0131k bir aradan sonra yeniden okuyucular\u0131yla bulu\u015fuyor. \u00dclkemizde tarihi romanc\u0131l\u0131\u011f\u0131n kilometre<span class=\"excerpt-hellip\"> [\u2026]<\/span><\/p>\n","protected":false},"featured_media":0,"template":"","meta":{"_monsterinsights_skip_tracking":false,"_monsterinsights_sitenote_active":false,"_monsterinsights_sitenote_note":"","_monsterinsights_sitenote_category":0},"product_brand":[],"product_cat":[12291,12745],"product_tag":[],"class_list":{"0":"post-702487","1":"product","2":"type-product","3":"status-publish","5":"product_cat-edebiyat","6":"product_cat-tarihi-roman","7":"pa_tur-kitap","8":"pa_yayinevi-otuken-nesriyat","9":"pa_yazar-bekir-buyukarkin","11":"first","12":"instock","13":"sale","14":"shipping-taxable","15":"purchasable","16":"product-type-simple"},"_links":{"self":[{"href":"https:\/\/roveyayinevi.com.tr\/index.php\/wp-json\/wp\/v2\/product\/702487","targetHints":{"allow":["GET"]}}],"collection":[{"href":"https:\/\/roveyayinevi.com.tr\/index.php\/wp-json\/wp\/v2\/product"}],"about":[{"href":"https:\/\/roveyayinevi.com.tr\/index.php\/wp-json\/wp\/v2\/types\/product"}],"wp:attachment":[{"href":"https:\/\/roveyayinevi.com.tr\/index.php\/wp-json\/wp\/v2\/media?parent=702487"}],"wp:term":[{"taxonomy":"product_brand","embeddable":true,"href":"https:\/\/roveyayinevi.com.tr\/index.php\/wp-json\/wp\/v2\/product_brand?post=702487"},{"taxonomy":"product_cat","embeddable":true,"href":"https:\/\/roveyayinevi.com.tr\/index.php\/wp-json\/wp\/v2\/product_cat?post=702487"},{"taxonomy":"product_tag","embeddable":true,"href":"https:\/\/roveyayinevi.com.tr\/index.php\/wp-json\/wp\/v2\/product_tag?post=702487"}],"curies":[{"name":"wp","href":"https:\/\/api.w.org\/{rel}","templated":true}]}}