{"id":702480,"date":"2025-08-27T15:16:53","date_gmt":"2025-08-27T12:16:53","guid":{"rendered":"https:\/\/roveyayinevi.com.tr\/index.php\/urun\/terorist-rektor-kumpascilara-nester\/"},"modified":"2026-04-16T02:11:44","modified_gmt":"2026-04-15T23:11:44","slug":"terorist-rektor-kumpascilara-nester","status":"publish","type":"product","link":"https:\/\/roveyayinevi.com.tr\/index.php\/urun\/terorist-rektor-kumpascilara-nester\/","title":{"rendered":"\u201cTer\u00f6rist\u201d Rekt\u00f6r : Kumpas\u00e7\u0131lara Ne\u015fter"},"content":{"rendered":"<p>Prof. Dr. Kemal Alemdaro\u011flu, AKP h\u00fck\u00fcmetinin 2002\u2019de i\u015fba\u015f\u0131na gelmesinden sonra, ba\u015fta medyada lin\u00e7 kampanyas\u0131 olmak \u00fczere, bir\u00e7ok alanda sald\u0131r\u0131ya u\u011frayan rekt\u00f6rlerimizden biridir. <\/p>\n","protected":false},"excerpt":{"rendered":"<p>Prof. Dr. Kemal Alemdaro\u011flu, AKP h\u00fck\u00fcmetinin 2002\u2019de i\u015fba\u015f\u0131na gelmesinden sonra, ba\u015fta medyada lin\u00e7 kampanyas\u0131 olmak \u00fczere, bir\u00e7ok alanda sald\u0131r\u0131ya u\u011frayan rekt\u00f6rlerimizden biridir.<\/p>\n","protected":false},"featured_media":0,"template":"","meta":{"_monsterinsights_skip_tracking":false,"_monsterinsights_sitenote_active":false,"_monsterinsights_sitenote_note":"","_monsterinsights_sitenote_category":0},"product_brand":[],"product_cat":[12337,14543],"product_tag":[],"class_list":{"0":"post-702480","1":"product","2":"type-product","3":"status-publish","5":"product_cat-politika-siyaset","6":"product_cat-turkiye-siyaseti-ve-politikasi","7":"pa_tur-kitap","8":"pa_yayinevi-kaynak-yayinlari","9":"pa_yazar-kemal-alemdaroglu","11":"first","12":"instock","13":"sale","14":"shipping-taxable","15":"purchasable","16":"product-type-simple"},"_links":{"self":[{"href":"https:\/\/roveyayinevi.com.tr\/index.php\/wp-json\/wp\/v2\/product\/702480","targetHints":{"allow":["GET"]}}],"collection":[{"href":"https:\/\/roveyayinevi.com.tr\/index.php\/wp-json\/wp\/v2\/product"}],"about":[{"href":"https:\/\/roveyayinevi.com.tr\/index.php\/wp-json\/wp\/v2\/types\/product"}],"wp:attachment":[{"href":"https:\/\/roveyayinevi.com.tr\/index.php\/wp-json\/wp\/v2\/media?parent=702480"}],"wp:term":[{"taxonomy":"product_brand","embeddable":true,"href":"https:\/\/roveyayinevi.com.tr\/index.php\/wp-json\/wp\/v2\/product_brand?post=702480"},{"taxonomy":"product_cat","embeddable":true,"href":"https:\/\/roveyayinevi.com.tr\/index.php\/wp-json\/wp\/v2\/product_cat?post=702480"},{"taxonomy":"product_tag","embeddable":true,"href":"https:\/\/roveyayinevi.com.tr\/index.php\/wp-json\/wp\/v2\/product_tag?post=702480"}],"curies":[{"name":"wp","href":"https:\/\/api.w.org\/{rel}","templated":true}]}}