{"id":702477,"date":"2025-08-27T15:16:52","date_gmt":"2025-08-27T12:16:52","guid":{"rendered":"https:\/\/roveyayinevi.com.tr\/index.php\/urun\/kucuk-prens-4\/"},"modified":"2026-04-16T02:11:44","modified_gmt":"2026-04-15T23:11:44","slug":"kucuk-prens-4","status":"publish","type":"product","link":"https:\/\/roveyayinevi.com.tr\/index.php\/urun\/kucuk-prens-4\/","title":{"rendered":"K\u00fc\u00e7\u00fck Prens"},"content":{"rendered":"<p>K\u00fc\u00e7\u00fck Prens, u\u00e7a\u011f\u0131 ar\u0131zalan\u0131nca \u00e7\u00f6le inmek zorunda kalan ve orada ba\u015fka bir gezegenden gelen son derece s\u0131ra d\u0131\u015f\u0131, k\u00fc\u00e7\u00fck bir \u00e7ocukla kar\u015f\u0131la\u015fan bir pilotun masals\u0131 \u00f6yk\u00fcs\u00fc. Minicik gezegeninden yola \u00e7\u0131k\u0131p alt\u0131 gezegeni ziyaret eden ve her birinde de\u011fi\u015fik tiplerle tan\u0131\u015fan K\u00fc\u00e7\u00fck Prens sonunda yedinci gezegen olan D\u00fcnya\u2019ya iner ve pilotla kar\u015f\u0131la\u015f\u0131r. Pilot u\u00e7a\u011f\u0131n\u0131 onarmaya \u00e7al\u0131\u015f\u0131rken bir yandan da K\u00fc\u00e7\u00fck Prens\u2019in hikayesini dinler. Evine d\u00f6nmeye \u00e7al\u0131\u015fan sadece pilot de\u011fil, gezegenini ve orada b\u0131rakt\u0131\u011f\u0131 \u00e7i\u00e7e\u011fini de \u00f6zleyen K\u00fc\u00e7\u00fck Prens\u2019tir. D\u00fcnyadaki b\u00fct\u00fcn dillere \u00e7evrilen ve k\u00fc\u00e7\u00fck b\u00fcy\u00fck herkesin ba\u015fucu kitab\u0131 olan K\u00fc\u00e7\u00fck Prens, bizi hayat\u0131n olumlu yanlar\u0131yla tan\u0131\u015ft\u0131ran, her \u015feye farkl\u0131 bir g\u00f6zle bakmam\u0131z\u0131 sa\u011flayan e\u015fsiz bir hazine.<\/p>\n","protected":false},"excerpt":{"rendered":"<p>K\u00fc\u00e7\u00fck Prens, u\u00e7a\u011f\u0131 ar\u0131zalan\u0131nca \u00e7\u00f6le inmek zorunda kalan ve orada ba\u015fka bir gezegenden gelen son derece s\u0131ra d\u0131\u015f\u0131, k\u00fc\u00e7\u00fck bir \u00e7ocukla kar\u015f\u0131la\u015fan bir pilotun masals\u0131 \u00f6yk\u00fcs\u00fc.<span class=\"excerpt-hellip\"> [\u2026]<\/span><\/p>\n","protected":false},"featured_media":0,"template":"","meta":{"_monsterinsights_skip_tracking":false,"_monsterinsights_sitenote_active":false,"_monsterinsights_sitenote_note":"","_monsterinsights_sitenote_category":0},"product_brand":[],"product_cat":[12274,12467],"product_tag":[],"class_list":{"0":"post-702477","1":"product","2":"type-product","3":"status-publish","5":"product_cat-cocuk-ve-genclik-kitaplari","6":"product_cat-dunya-klasikleri","7":"pa_cilt-ciltsiz","8":"pa_tur-kitap","9":"pa_yayinevi-kirmizi-kedi-yayinevi","10":"pa_yazar-antonie-de-saint-exupery","12":"first","13":"instock","14":"sale","15":"shipping-taxable","16":"purchasable","17":"product-type-simple"},"_links":{"self":[{"href":"https:\/\/roveyayinevi.com.tr\/index.php\/wp-json\/wp\/v2\/product\/702477","targetHints":{"allow":["GET"]}}],"collection":[{"href":"https:\/\/roveyayinevi.com.tr\/index.php\/wp-json\/wp\/v2\/product"}],"about":[{"href":"https:\/\/roveyayinevi.com.tr\/index.php\/wp-json\/wp\/v2\/types\/product"}],"wp:attachment":[{"href":"https:\/\/roveyayinevi.com.tr\/index.php\/wp-json\/wp\/v2\/media?parent=702477"}],"wp:term":[{"taxonomy":"product_brand","embeddable":true,"href":"https:\/\/roveyayinevi.com.tr\/index.php\/wp-json\/wp\/v2\/product_brand?post=702477"},{"taxonomy":"product_cat","embeddable":true,"href":"https:\/\/roveyayinevi.com.tr\/index.php\/wp-json\/wp\/v2\/product_cat?post=702477"},{"taxonomy":"product_tag","embeddable":true,"href":"https:\/\/roveyayinevi.com.tr\/index.php\/wp-json\/wp\/v2\/product_tag?post=702477"}],"curies":[{"name":"wp","href":"https:\/\/api.w.org\/{rel}","templated":true}]}}