{"id":702475,"date":"2025-08-27T15:16:51","date_gmt":"2025-08-27T12:16:51","guid":{"rendered":"https:\/\/roveyayinevi.com.tr\/index.php\/urun\/bir-seri-katilin-anatomisi-ted-bundy\/"},"modified":"2026-04-16T02:11:44","modified_gmt":"2026-04-15T23:11:44","slug":"bir-seri-katilin-anatomisi-ted-bundy","status":"publish","type":"product","link":"https:\/\/roveyayinevi.com.tr\/index.php\/urun\/bir-seri-katilin-anatomisi-ted-bundy\/","title":{"rendered":"Bir Seri Katilin Anatomisi: Ted Bundy"},"content":{"rendered":"<p>FBI istatistiklerine g\u00f6re seri katiller d\u00fcnya n\u00fcfusunun %6&#8217;s\u0131na tekab\u00fcl etmektedir. \u00dcstelik bu %6, hen\u00fcz yakalanmayanlar\u0131n say\u0131s\u0131. <\/p>\n","protected":false},"excerpt":{"rendered":"<p>FBI istatistiklerine g\u00f6re seri katiller d\u00fcnya n\u00fcfusunun %6&#8217;s\u0131na tekab\u00fcl etmektedir. \u00dcstelik bu %6, hen\u00fcz yakalanmayanlar\u0131n say\u0131s\u0131.<\/p>\n","protected":false},"featured_media":0,"template":"","meta":{"_monsterinsights_skip_tracking":false,"_monsterinsights_sitenote_active":false,"_monsterinsights_sitenote_note":"","_monsterinsights_sitenote_category":0},"product_brand":[],"product_cat":[14009,12291],"product_tag":[],"class_list":{"0":"post-702475","1":"product","2":"type-product","3":"status-publish","5":"product_cat-biyografi-otobiyografi-edebiyat","6":"product_cat-edebiyat","7":"pa_tur-kitap","8":"pa_yayinevi-herdem-kitap","9":"pa_yazar-arkin-gelisin","11":"first","12":"instock","13":"sale","14":"shipping-taxable","15":"purchasable","16":"product-type-simple"},"_links":{"self":[{"href":"https:\/\/roveyayinevi.com.tr\/index.php\/wp-json\/wp\/v2\/product\/702475","targetHints":{"allow":["GET"]}}],"collection":[{"href":"https:\/\/roveyayinevi.com.tr\/index.php\/wp-json\/wp\/v2\/product"}],"about":[{"href":"https:\/\/roveyayinevi.com.tr\/index.php\/wp-json\/wp\/v2\/types\/product"}],"wp:attachment":[{"href":"https:\/\/roveyayinevi.com.tr\/index.php\/wp-json\/wp\/v2\/media?parent=702475"}],"wp:term":[{"taxonomy":"product_brand","embeddable":true,"href":"https:\/\/roveyayinevi.com.tr\/index.php\/wp-json\/wp\/v2\/product_brand?post=702475"},{"taxonomy":"product_cat","embeddable":true,"href":"https:\/\/roveyayinevi.com.tr\/index.php\/wp-json\/wp\/v2\/product_cat?post=702475"},{"taxonomy":"product_tag","embeddable":true,"href":"https:\/\/roveyayinevi.com.tr\/index.php\/wp-json\/wp\/v2\/product_tag?post=702475"}],"curies":[{"name":"wp","href":"https:\/\/api.w.org\/{rel}","templated":true}]}}