{"id":702473,"date":"2025-08-27T15:16:50","date_gmt":"2025-08-27T12:16:50","guid":{"rendered":"https:\/\/roveyayinevi.com.tr\/index.php\/urun\/milli-kimlik\/"},"modified":"2025-12-30T09:55:03","modified_gmt":"2025-12-30T06:55:03","slug":"milli-kimlik","status":"publish","type":"product","link":"https:\/\/roveyayinevi.com.tr\/index.php\/urun\/milli-kimlik\/","title":{"rendered":"Milli Kimlik"},"content":{"rendered":"<p>Son y\u0131llarda b\u00fct\u00fcn d\u00fcnyada milliyet\u00e7ilik dalgas\u0131n\u0131n kabar\u0131\u015f\u0131yla birlikte, milliyet\u00e7ilik literat\u00fcr\u00fcnde de bir zenginle\u015fme g\u00f6r\u00fcl\u00fcyor. Anthony D. Smith, milliyet\u00e7ilik \u00fczerine ara\u015ft\u0131rmalar literat\u00fcr\u00fcne temel \u00f6nemde eserlerle katk\u0131da bulunan bir ara\u015ft\u0131rmac\u0131. E. J. Hobsbawm\u2019a g\u00f6re, \u201c\u0130ngilizce okuyanlar i\u00e7in bu alan\u0131n ba\u015fl\u0131ca k\u0131lavuzu&#8230;\u201d Smith elinizdeki kitapta, mill\u00ee kimliklerin ve milletlerin olu\u015fum ser\u00fcvenlerine, bug\u00fcn\u00fcn sorunlar\u0131ndan kadim \u00e7a\u011flara uzanan, olduk\u00e7a geni\u015f zamanl\u0131 bir tarihsellik i\u00e7inde bak\u0131yor. Kolektif k\u00fclt\u00fcrel kimlik bi\u00e7imleri aras\u0131nda mill\u00ee kimli\u011fin yerinin ne oldu\u011funu, \u00f6zelliklerini ara\u015ft\u0131r\u0131yor. Modern milliyet\u00e7i ideolojilerin olu\u015fumunda farkl\u0131 etnik temellerin ne gibi roller oynad\u0131\u011f\u0131n\u0131 bulmaya \u00e7al\u0131\u015f\u0131yor. Milliyet\u00e7i sembolizmin kurdu\u011fu zihniyet d\u00fcnyas\u0131n\u0131 \u00e7\u00f6z\u00fcmlemeye u\u011fra\u015f\u0131yor. Farkl\u0131 mill\u00ee kimlik ve mill\u00ee devlet tiplerinin siyas\u00ee d\u00fczeyde yola\u00e7t\u0131\u011f\u0131 olu\u015fumlar\u0131, sonu\u00e7lar\u0131 ay\u0131rt edip g\u00f6steriyor. Yurtta\u015fl\u0131\u011fa ve \u00fclke\/toprak esas\u0131na dayanan mill\u00ee kimlik ile etnik\/soycu mill\u00ee kimlik aras\u0131nda ne t\u00fcr ayr\u0131mlar vard\u0131r ve ne t\u00fcr ge\u00e7i\u015fler olur, a\u00e7\u0131kl\u0131yor. Smith elbette ara\u015ft\u0131rmas\u0131n\u0131 \u015fu soruya bir cevap bulabilme amac\u0131na y\u00f6nelik y\u00fcr\u00fct\u00fcyor: Mill\u00eelik-\u00f6tesi bir kimlik, mill\u00ee devlet \u00f6tesi bir siyas\u00ee model m\u00fcmk\u00fcn olabilir mi? Bug\u00fcn d\u00fcnyaya her zamankinden de fazla kan ve \u015fiddet \u015f\u0131r\u0131nga etmeye aday olan milliyet\u00e7i dalgan\u0131n s\u00f6nd\u00fcrebilmesi i\u00e7in cevaplanmas\u0131 hayat\u00ee \u00f6nemde olan bu soru, Mill\u00ee Kimlik\u2019te, zengin bir tarihsel malzemeye dayanarak ve \u00e7ok \u00e7e\u015fitli \u00f6rnekler kar\u015f\u0131la\u015ft\u0131r\u0131larak ele al\u0131n\u0131yor. <\/p>\n","protected":false},"excerpt":{"rendered":"<p>Son y\u0131llarda b\u00fct\u00fcn d\u00fcnyada milliyet\u00e7ilik dalgas\u0131n\u0131n kabar\u0131\u015f\u0131yla birlikte, milliyet\u00e7ilik literat\u00fcr\u00fcnde de bir zenginle\u015fme g\u00f6r\u00fcl\u00fcyor. Anthony D. Smith, milliyet\u00e7ilik \u00fczerine ara\u015ft\u0131rmalar literat\u00fcr\u00fcne temel \u00f6nemde eserlerle katk\u0131da bulunan<span class=\"excerpt-hellip\"> [\u2026]<\/span><\/p>\n","protected":false},"featured_media":0,"template":"","meta":{"_monsterinsights_skip_tracking":false,"_monsterinsights_sitenote_active":false,"_monsterinsights_sitenote_note":"","_monsterinsights_sitenote_category":0},"product_brand":[],"product_cat":[13633,12324],"product_tag":[],"class_list":{"0":"post-702473","1":"product","2":"type-product","3":"status-publish","5":"product_cat-kultur-ve-bilim","6":"product_cat-sosyoloji","7":"pa_cilt-ciltsiz","8":"pa_tur-kitap","9":"pa_yayinevi-iletisim-yayinlari","10":"pa_yazar-anthony-d-smith","12":"first","13":"instock","14":"sale","15":"shipping-taxable","16":"purchasable","17":"product-type-simple"},"_links":{"self":[{"href":"https:\/\/roveyayinevi.com.tr\/index.php\/wp-json\/wp\/v2\/product\/702473","targetHints":{"allow":["GET"]}}],"collection":[{"href":"https:\/\/roveyayinevi.com.tr\/index.php\/wp-json\/wp\/v2\/product"}],"about":[{"href":"https:\/\/roveyayinevi.com.tr\/index.php\/wp-json\/wp\/v2\/types\/product"}],"wp:attachment":[{"href":"https:\/\/roveyayinevi.com.tr\/index.php\/wp-json\/wp\/v2\/media?parent=702473"}],"wp:term":[{"taxonomy":"product_brand","embeddable":true,"href":"https:\/\/roveyayinevi.com.tr\/index.php\/wp-json\/wp\/v2\/product_brand?post=702473"},{"taxonomy":"product_cat","embeddable":true,"href":"https:\/\/roveyayinevi.com.tr\/index.php\/wp-json\/wp\/v2\/product_cat?post=702473"},{"taxonomy":"product_tag","embeddable":true,"href":"https:\/\/roveyayinevi.com.tr\/index.php\/wp-json\/wp\/v2\/product_tag?post=702473"}],"curies":[{"name":"wp","href":"https:\/\/api.w.org\/{rel}","templated":true}]}}