{"id":702468,"date":"2025-08-27T15:16:48","date_gmt":"2025-08-27T12:16:48","guid":{"rendered":"https:\/\/roveyayinevi.com.tr\/index.php\/urun\/maus\/"},"modified":"2026-04-16T02:11:44","modified_gmt":"2026-04-15T23:11:44","slug":"maus","status":"publish","type":"product","link":"https:\/\/roveyayinevi.com.tr\/index.php\/urun\/maus\/","title":{"rendered":"MAUS"},"content":{"rendered":"<p>\u201cSoyk\u0131r\u0131m hakk\u0131nda \u015fimdiye kadar yap\u0131lm\u0131\u015fen etkileyici ve ba\u015far\u0131l\u0131 anlat\u0131m.\u201d Wall Street Journal\u201cSessiz bir zafer, s\u00fcr\u00fckleyici ve sade &#8211; tam olarak anlatmakimk\u00e2ns\u0131z, \u00e7izgi roman d\u0131\u015f\u0131nda herhangi bir ortamda yakalanmasimk\u00e2ns\u0131z.\u201d Washington Post\u201cBasit \u00e7izgilerle anlat\u0131lan b\u00fcy\u00fck destan.\u201d New York Times\u201cEtkisinde uzun s\u00fcre kal\u0131nacak bir sanat eseri.\u201d Boston Globe <\/p>\n","protected":false},"excerpt":{"rendered":"<p>\u201cSoyk\u0131r\u0131m hakk\u0131nda \u015fimdiye kadar yap\u0131lm\u0131\u015fen etkileyici ve ba\u015far\u0131l\u0131 anlat\u0131m.\u201d Wall Street Journal\u201cSessiz bir zafer, s\u00fcr\u00fckleyici ve sade &#8211; tam olarak anlatmakimk\u00e2ns\u0131z, \u00e7izgi roman d\u0131\u015f\u0131nda herhangi bir<span class=\"excerpt-hellip\"> [\u2026]<\/span><\/p>\n","protected":false},"featured_media":0,"template":"","meta":{"_monsterinsights_skip_tracking":false,"_monsterinsights_sitenote_active":false,"_monsterinsights_sitenote_note":"","_monsterinsights_sitenote_category":0},"product_brand":[],"product_cat":[12689,12274],"product_tag":[],"class_list":{"0":"post-702468","1":"product","2":"type-product","3":"status-publish","5":"product_cat-cizgi-roman-cocuk-ve-genclik-kitaplari","6":"product_cat-cocuk-ve-genclik-kitaplari","7":"pa_cilt-ciltsiz","8":"pa_tur-kitap","9":"pa_yayinevi-iletisim-yayinlari","10":"pa_yazar-art-spiegelman","12":"first","13":"instock","14":"sale","15":"shipping-taxable","16":"purchasable","17":"product-type-simple"},"_links":{"self":[{"href":"https:\/\/roveyayinevi.com.tr\/index.php\/wp-json\/wp\/v2\/product\/702468","targetHints":{"allow":["GET"]}}],"collection":[{"href":"https:\/\/roveyayinevi.com.tr\/index.php\/wp-json\/wp\/v2\/product"}],"about":[{"href":"https:\/\/roveyayinevi.com.tr\/index.php\/wp-json\/wp\/v2\/types\/product"}],"wp:attachment":[{"href":"https:\/\/roveyayinevi.com.tr\/index.php\/wp-json\/wp\/v2\/media?parent=702468"}],"wp:term":[{"taxonomy":"product_brand","embeddable":true,"href":"https:\/\/roveyayinevi.com.tr\/index.php\/wp-json\/wp\/v2\/product_brand?post=702468"},{"taxonomy":"product_cat","embeddable":true,"href":"https:\/\/roveyayinevi.com.tr\/index.php\/wp-json\/wp\/v2\/product_cat?post=702468"},{"taxonomy":"product_tag","embeddable":true,"href":"https:\/\/roveyayinevi.com.tr\/index.php\/wp-json\/wp\/v2\/product_tag?post=702468"}],"curies":[{"name":"wp","href":"https:\/\/api.w.org\/{rel}","templated":true}]}}