{"id":702466,"date":"2025-08-27T15:16:48","date_gmt":"2025-08-27T12:16:48","guid":{"rendered":"https:\/\/roveyayinevi.com.tr\/index.php\/urun\/oteki-tarih\/"},"modified":"2026-04-16T02:11:44","modified_gmt":"2026-04-15T23:11:44","slug":"oteki-tarih","status":"publish","type":"product","link":"https:\/\/roveyayinevi.com.tr\/index.php\/urun\/oteki-tarih\/","title":{"rendered":"\u00d6teki Tarih"},"content":{"rendered":"<p>Aslanlar kendi tarih\u00e7ilerine sahip olana kadar, avc\u0131l\u0131k \u00f6yk\u00fcleri hep avc\u0131lar\u0131 y\u00fcceltecektir  diyen \u00fcnl\u00fc Afrika atas\u00f6z\u00fc, egemen tarih yaz\u0131c\u0131l\u0131\u011f\u0131n\u0131n temel misyonunun yan\u0131nda, halk\u0131n tarihe ba\u015fka bir yerden bakmak zorunda oldu\u011funu g\u00f6sterir. \u00d6teki Tarih, tarih anlat\u0131m\u0131 \u00fczerinden kurulan egemen ideolojik tahakk\u00fcme kar\u015f\u0131, hak ve \u00f6zg\u00fcrl\u00fck eksenli bir tarih bilinci in\u015fa etmeye \u00e7al\u0131\u015f\u0131yor. Tarihin kimi tart\u0131\u015fma alanlar\u0131n\u0131 do\u011fru anlamak ve do\u011fru dersler \u00e7\u0131karmak i\u00e7in inceliyor. Kimi g\u00fcncel sorunlardan hareketle, tarih yaz\u0131m\u0131ndaki \u00e7arp\u0131tmalar ve bizi insanl\u0131\u011f\u0131m\u0131za yabanc\u0131la\u015ft\u0131ran anlat\u0131lar\u0131 te\u015fhir ediyor. Kitap kendi i\u00e7inde be\u015f b\u00f6l\u00fcme ayr\u0131l\u0131yor. Birinci b\u00f6l\u00fcm; idealle\u015ftirici anlat\u0131lar\u0131n aksine ilk \u0130slam devletle\u015fmesinin, \u00f6nc\u00fc kadrolar\u0131n vah\u015fet d\u00fczeyindeki i\u00e7 m\u00fccadeleleriyle belirledi\u011fini g\u00f6zler \u00f6n\u00fcne seriyor. \u0130kinci b\u00f6l\u00fcm; Osmanl\u0131 kimli\u011finin Anadolu halk\u0131 kar\u015f\u0131s\u0131ndaki niteli\u011fini, \u00fc\u00e7\u00fcnc\u00fc b\u00f6l\u00fcm; Osmanl\u0131\u2019n\u0131n imparatorla\u015fmas\u0131n\u0131n etkileri ve gerilemesinin ger\u00e7ek nedenlerini, d\u00f6rd\u00fcnc\u00fc b\u00f6l\u00fcm; demokratikle\u015fme ve bar\u0131\u015f i\u00e7in Osmanl\u0131 miras\u0131yla hesapla\u015fma zorunlulu\u011fumuzu g\u00f6steriyor. Be\u015finci b\u00f6l\u00fcmse, Papa, Ha\u00e7l\u0131 Seferleri, Siyonizm, k\u00f6lelik ve hak ihlalleri ekseninde k\u00fcresel sorunlar\u0131n tarihsel arka plan\u0131n\u0131 irdeliyor. <\/p>\n","protected":false},"excerpt":{"rendered":"<p>Aslanlar kendi tarih\u00e7ilerine sahip olana kadar, avc\u0131l\u0131k \u00f6yk\u00fcleri hep avc\u0131lar\u0131 y\u00fcceltecektir diyen \u00fcnl\u00fc Afrika atas\u00f6z\u00fc, egemen tarih yaz\u0131c\u0131l\u0131\u011f\u0131n\u0131n temel misyonunun yan\u0131nda, halk\u0131n tarihe ba\u015fka bir yerden<span class=\"excerpt-hellip\"> [\u2026]<\/span><\/p>\n","protected":false},"featured_media":0,"template":"","meta":{"_monsterinsights_skip_tracking":false,"_monsterinsights_sitenote_active":false,"_monsterinsights_sitenote_note":"","_monsterinsights_sitenote_category":0},"product_brand":[],"product_cat":[13517,12304],"product_tag":[],"class_list":{"0":"post-702466","1":"product","2":"type-product","3":"status-publish","5":"product_cat-osmanli-tarihi","6":"product_cat-tarih","7":"pa_cilt-ciltsiz","8":"pa_tur-kitap","9":"pa_yayinevi-literatur-yayinevi","10":"pa_yazar-erdogan-aydin","12":"first","13":"instock","14":"sale","15":"shipping-taxable","16":"purchasable","17":"product-type-simple"},"_links":{"self":[{"href":"https:\/\/roveyayinevi.com.tr\/index.php\/wp-json\/wp\/v2\/product\/702466","targetHints":{"allow":["GET"]}}],"collection":[{"href":"https:\/\/roveyayinevi.com.tr\/index.php\/wp-json\/wp\/v2\/product"}],"about":[{"href":"https:\/\/roveyayinevi.com.tr\/index.php\/wp-json\/wp\/v2\/types\/product"}],"wp:attachment":[{"href":"https:\/\/roveyayinevi.com.tr\/index.php\/wp-json\/wp\/v2\/media?parent=702466"}],"wp:term":[{"taxonomy":"product_brand","embeddable":true,"href":"https:\/\/roveyayinevi.com.tr\/index.php\/wp-json\/wp\/v2\/product_brand?post=702466"},{"taxonomy":"product_cat","embeddable":true,"href":"https:\/\/roveyayinevi.com.tr\/index.php\/wp-json\/wp\/v2\/product_cat?post=702466"},{"taxonomy":"product_tag","embeddable":true,"href":"https:\/\/roveyayinevi.com.tr\/index.php\/wp-json\/wp\/v2\/product_tag?post=702466"}],"curies":[{"name":"wp","href":"https:\/\/api.w.org\/{rel}","templated":true}]}}