{"id":702463,"date":"2025-08-27T15:16:47","date_gmt":"2025-08-27T12:16:47","guid":{"rendered":"https:\/\/roveyayinevi.com.tr\/index.php\/urun\/turk-muzigi-nazariyati-ve-solfej-2\/"},"modified":"2026-04-16T02:11:44","modified_gmt":"2026-04-15T23:11:44","slug":"turk-muzigi-nazariyati-ve-solfej-2","status":"publish","type":"product","link":"https:\/\/roveyayinevi.com.tr\/index.php\/urun\/turk-muzigi-nazariyati-ve-solfej-2\/","title":{"rendered":"T\u00fcrk M\u00fczi\u011fi Nazariyat\u0131 ve Solfej &#8211; 2"},"content":{"rendered":"<p>K\u00f6kl\u00fc bir ge\u00e7mi\u015fe sahip olan T\u00fcrk k\u00fclt\u00fcr\u00fc i\u00e7inde m\u00fczik k\u00fclt\u00fcr\u00fcm\u00fcz \u00f6nemli ve geni\u015f bir yere sahiptir. Bu engin m\u00fczik k\u00fclt\u00fcr\u00fc i\u00e7erisinde y\u00fczy\u0131llar \u00f6ncesine dayanan nazariyeler mevcuttur. Farabi ve Saf\u00fcyiddin\u2019den g\u00fcn\u00fcm\u00fcze \u00e7e\u015fitli m\u00fczik bilimi insanlar\u0131 ve bestek\u00e2rlar arac\u0131l\u0131\u011f\u0131yla ula\u015fan makamlar ve binlerce eser bulunmaktad\u0131r. Ancak buna kar\u015f\u0131n T\u00fcrk m\u00fczi\u011fi alan\u0131nda uygulamaya y\u00f6nelik kitaplar\u0131n eksikli\u011fi bir ger\u00e7ektir. Bu ger\u00e7ekten yola \u00e7\u0131k\u0131larak haz\u0131rlanan bu iki solfej kitab\u0131n\u0131n T\u00fcrk m\u00fczi\u011fi alan\u0131nda \u00f6nemli bir bo\u015flu\u011fu doldurmas\u0131 ama\u00e7lanm\u0131\u015ft\u0131r.Makam ve us\u00fbl (ritm) T\u00fcrk m\u00fczi\u011finin karakteristi\u011fidir. I. Kitapta \u201cBasit Makamlar\u201d, II. Kitapta ise \u201cM\u00fcrekkep Makamlar\u201d\u0131n uygulamalar\u0131 yap\u0131lm\u0131\u015ft\u0131r. M\u00fcrekkep makamlar; i\u00e7inde birden fazla makam dizisini, d\u00f6rtl\u00fc ve be\u015fli aral\u0131klar\u0131 bar\u0131nd\u0131r\u0131r. Bu kitapta kolaydan zora varan motifler ve us\u00fbl kal\u0131plar\u0131yla bestelenen egzersizler yard\u0131m\u0131yla bir yandan makam bilgisi verilmeye \u00e7al\u0131\u015f\u0131l\u0131rken, di\u011fer yandan da us\u00fbl bilgisi \u00e7al\u0131\u015f\u0131lm\u0131\u015ft\u0131r. Solfej uygulamalar\u0131nda ise \u00f6nce her bir makam kuramsal olarak tan\u0131t\u0131lm\u0131\u015f, ard\u0131ndan o makam\u0131n peki\u015ftirildi\u011fi \u00f6zg\u00fcn solfejlere ve en son olarak da ilgili makamdaki \u00f6rnek eserlere yer verilmi\u015ftir.\u00c7a\u011f\u0131m\u0131za uygun metodik yakla\u015f\u0131mlar\u0131n yerle\u015fmesi a\u00e7\u0131s\u0131ndan ve ayn\u0131 zamanda m\u00fczik k\u00fclt\u00fcr\u00fcm\u00fcz\u00fcn geli\u015fmesi, yayg\u0131nla\u015fmas\u0131 ad\u0131na \u00f6nemli katk\u0131lar\u0131 olacak bu kitab\u0131n ba\u015fta m\u00fczik e\u011fitimi alan \u00f6\u011frenciler olmak \u00fczere, her kesimden ilgi duyan bireylere yeterli ve d\u00fczenli bir uygulama imk\u00e2n\u0131 sa\u011flamas\u0131 ve faydal\u0131 olmas\u0131 umulmaktad\u0131r.<\/p>\n","protected":false},"excerpt":{"rendered":"<p>K\u00f6kl\u00fc bir ge\u00e7mi\u015fe sahip olan T\u00fcrk k\u00fclt\u00fcr\u00fc i\u00e7inde m\u00fczik k\u00fclt\u00fcr\u00fcm\u00fcz \u00f6nemli ve geni\u015f bir yere sahiptir. Bu engin m\u00fczik k\u00fclt\u00fcr\u00fc i\u00e7erisinde y\u00fczy\u0131llar \u00f6ncesine dayanan nazariyeler mevcuttur.<span class=\"excerpt-hellip\"> [\u2026]<\/span><\/p>\n","protected":false},"featured_media":0,"template":"","meta":{"_monsterinsights_skip_tracking":false,"_monsterinsights_sitenote_active":false,"_monsterinsights_sitenote_note":"","_monsterinsights_sitenote_category":0},"product_brand":[],"product_cat":[14591,14556],"product_tag":[],"class_list":{"0":"post-702463","1":"product","2":"type-product","3":"status-publish","5":"product_cat-genel-kavramlar-kuram-ve-tarihce","6":"product_cat-muzik","7":"pa_cilt-ciltsiz","8":"pa_tur-kitap","9":"pa_yayinevi-muzik-egitimi-yayinlari","10":"pa_yazar-hatice-selen-tekin","12":"first","13":"instock","14":"sale","15":"shipping-taxable","16":"purchasable","17":"product-type-simple"},"_links":{"self":[{"href":"https:\/\/roveyayinevi.com.tr\/index.php\/wp-json\/wp\/v2\/product\/702463","targetHints":{"allow":["GET"]}}],"collection":[{"href":"https:\/\/roveyayinevi.com.tr\/index.php\/wp-json\/wp\/v2\/product"}],"about":[{"href":"https:\/\/roveyayinevi.com.tr\/index.php\/wp-json\/wp\/v2\/types\/product"}],"wp:attachment":[{"href":"https:\/\/roveyayinevi.com.tr\/index.php\/wp-json\/wp\/v2\/media?parent=702463"}],"wp:term":[{"taxonomy":"product_brand","embeddable":true,"href":"https:\/\/roveyayinevi.com.tr\/index.php\/wp-json\/wp\/v2\/product_brand?post=702463"},{"taxonomy":"product_cat","embeddable":true,"href":"https:\/\/roveyayinevi.com.tr\/index.php\/wp-json\/wp\/v2\/product_cat?post=702463"},{"taxonomy":"product_tag","embeddable":true,"href":"https:\/\/roveyayinevi.com.tr\/index.php\/wp-json\/wp\/v2\/product_tag?post=702463"}],"curies":[{"name":"wp","href":"https:\/\/api.w.org\/{rel}","templated":true}]}}