{"id":702459,"date":"2025-08-27T15:16:45","date_gmt":"2025-08-27T12:16:45","guid":{"rendered":"https:\/\/roveyayinevi.com.tr\/index.php\/urun\/devlet-sanat-iliskisi\/"},"modified":"2026-04-16T02:11:44","modified_gmt":"2026-04-15T23:11:44","slug":"devlet-sanat-iliskisi","status":"publish","type":"product","link":"https:\/\/roveyayinevi.com.tr\/index.php\/urun\/devlet-sanat-iliskisi\/","title":{"rendered":"Devlet Sanat \u0130li\u015fkisi"},"content":{"rendered":"<p>Kaz\u0131 ve m\u00fcze say\u0131s\u0131, opera ve bale topluluklar\u0131, tiyatrolar bak\u0131m\u0131ndan, T\u00fcrkiye Cumhuriyeti benzer devletlerin \u00e7o\u011fundan daha ileri seviyededir. Devletimizin k\u00fclt\u00fcr politikas\u0131 farkl\u0131 olsayd\u0131, bir\u00e7ok sanat dallar\u0131n\u0131n geli\u015fmesi \u00f6zel sekt\u00f6re b\u0131rak\u0131lsayd\u0131, \u00fclkemiz bug\u00fcnk\u00fc d\u00fczeyine eri\u015femezdi. <\/p>\n","protected":false},"excerpt":{"rendered":"<p>Kaz\u0131 ve m\u00fcze say\u0131s\u0131, opera ve bale topluluklar\u0131, tiyatrolar bak\u0131m\u0131ndan, T\u00fcrkiye Cumhuriyeti benzer devletlerin \u00e7o\u011fundan daha ileri seviyededir. Devletimizin k\u00fclt\u00fcr politikas\u0131 farkl\u0131 olsayd\u0131, bir\u00e7ok sanat dallar\u0131n\u0131n<span class=\"excerpt-hellip\"> [\u2026]<\/span><\/p>\n","protected":false},"featured_media":0,"template":"","meta":{"_monsterinsights_skip_tracking":false,"_monsterinsights_sitenote_active":false,"_monsterinsights_sitenote_note":"","_monsterinsights_sitenote_category":0},"product_brand":[],"product_cat":[12408],"product_tag":[],"class_list":{"0":"post-702459","1":"product","2":"type-product","3":"status-publish","5":"product_cat-sanat","6":"pa_tur-kitap","7":"pa_yayinevi-efil-yayinevi","8":"pa_yazar-sacit-hadi-akdede","10":"first","11":"instock","12":"sale","13":"shipping-taxable","14":"purchasable","15":"product-type-simple"},"_links":{"self":[{"href":"https:\/\/roveyayinevi.com.tr\/index.php\/wp-json\/wp\/v2\/product\/702459","targetHints":{"allow":["GET"]}}],"collection":[{"href":"https:\/\/roveyayinevi.com.tr\/index.php\/wp-json\/wp\/v2\/product"}],"about":[{"href":"https:\/\/roveyayinevi.com.tr\/index.php\/wp-json\/wp\/v2\/types\/product"}],"wp:attachment":[{"href":"https:\/\/roveyayinevi.com.tr\/index.php\/wp-json\/wp\/v2\/media?parent=702459"}],"wp:term":[{"taxonomy":"product_brand","embeddable":true,"href":"https:\/\/roveyayinevi.com.tr\/index.php\/wp-json\/wp\/v2\/product_brand?post=702459"},{"taxonomy":"product_cat","embeddable":true,"href":"https:\/\/roveyayinevi.com.tr\/index.php\/wp-json\/wp\/v2\/product_cat?post=702459"},{"taxonomy":"product_tag","embeddable":true,"href":"https:\/\/roveyayinevi.com.tr\/index.php\/wp-json\/wp\/v2\/product_tag?post=702459"}],"curies":[{"name":"wp","href":"https:\/\/api.w.org\/{rel}","templated":true}]}}