{"id":702454,"date":"2025-08-27T15:16:43","date_gmt":"2025-08-27T12:16:43","guid":{"rendered":"https:\/\/roveyayinevi.com.tr\/index.php\/urun\/hacli-katil\/"},"modified":"2026-04-16T02:11:44","modified_gmt":"2026-04-15T23:11:44","slug":"hacli-katil","status":"publish","type":"product","link":"https:\/\/roveyayinevi.com.tr\/index.php\/urun\/hacli-katil\/","title":{"rendered":"Ha\u00e7l\u0131 Katil"},"content":{"rendered":"<p>Teredd\u00fct Etmeden \u00d6lmek \u0130steyeceksin!\u201cAlo\u2026 buyurun ben Dedektif Hunter.\u201d\u201cMerhaba Robert, senin i\u00e7in bir s\u00fcrprizim var.\u201dHunter neredeyse kahve fincan\u0131n\u0131 d\u00fc\u015f\u00fcrecekti, donakald\u0131. Bu metalik sesi \u00e7ok iyi tan\u0131yordu. Telefondaki bu sesin tek bir \u015fey ifade etti\u011fini biliyordu.Los Angeles Ulusal Orman\u0131 i\u00e7indeki terk edilmi\u015f bir kul\u00fcbede vah\u015fi bir \u015fekilde \u00f6ld\u00fcr\u00fclm\u00fc\u015f gen\u00e7 bir kad\u0131n\u0131n cesedi bulunur. \u00c7\u0131plak, tahta bir dire\u011fe as\u0131lm\u0131\u015f ve h\u00e2l\u00e2 hayattayken y\u00fcz\u00fcn\u00fcn derisi soyulmu\u015f bir cesettir bu\u2026 Kurban\u0131n ensesine garip bir \u00e7ift ha\u00e7 sembol\u00fc kaz\u0131nm\u0131\u015ft\u0131r, bu lanetli sembol Ha\u00e7l\u0131 Katil olarak bilinen psikopat katilin imzas\u0131d\u0131r. \u00d6te yandan bu m\u00fcmk\u00fcn de\u011fildir. \u00c7\u00fcnk\u00fc Ha\u00e7l\u0131 Katil iki y\u0131l \u00f6nce yakalanm\u0131\u015f ve idam edilmi\u015ftir. Peki, bu taklit\u00e7i bir katilin i\u015fi midir? Mesela daha \u00f6nceki cinayetlerin bas\u0131na s\u0131zmam\u0131\u015f ayr\u0131nt\u0131lar\u0131n\u0131 bir \u015fekilde \u00f6\u011frenmi\u015f olan bir katilin\u2026 Yoksa Dedektif Hunter akl\u0131ndan ge\u00e7irmek dahi istemedi\u011fi \u015f\u00fcphelerinde hakl\u0131 m\u0131d\u0131r? As\u0131l Ha\u00e7l\u0131 Katil d\u0131\u015far\u0131da, bir kez daha kanl\u0131 bir cinayet furyas\u0131 ba\u015flatmak \u00fczere olabilir mi?Robert Hunter ve \u00e7aylak orta\u011f\u0131 tahayy\u00fcl s\u0131n\u0131rlar\u0131n\u0131 a\u015fan bir k\u00e2busun i\u00e7ine girmek \u00fczereler\u2026\u201cS\u00fcr\u00fckleyici. Okumas\u0131 cesaret gerektiriyor.\u201d- HeatChris Carter Seri Katilleri \u00c7ok \u0130yi Tan\u0131yor. Robert Hunter da Pe\u015flerine D\u00fc\u015f\u00fcyor.Su\u00e7 Psikolojisi Uzman\u0131 Chris Carter Y\u00fcze Yak\u0131n Seri Katil, Katil ve Tehlikeli Su\u00e7lar\u0131n Davalar\u0131 \u00dczerinde \u00c7al\u0131\u015ft\u0131. <\/p>\n","protected":false},"excerpt":{"rendered":"<p>Teredd\u00fct Etmeden \u00d6lmek \u0130steyeceksin!\u201cAlo\u2026 buyurun ben Dedektif Hunter.\u201d\u201cMerhaba Robert, senin i\u00e7in bir s\u00fcrprizim var.\u201dHunter neredeyse kahve fincan\u0131n\u0131 d\u00fc\u015f\u00fcrecekti, donakald\u0131. Bu metalik sesi \u00e7ok iyi tan\u0131yordu. Telefondaki<span class=\"excerpt-hellip\"> [\u2026]<\/span><\/p>\n","protected":false},"featured_media":0,"template":"","meta":{"_monsterinsights_skip_tracking":false,"_monsterinsights_sitenote_active":false,"_monsterinsights_sitenote_note":"","_monsterinsights_sitenote_category":0},"product_brand":[],"product_cat":[12291,12711],"product_tag":[],"class_list":{"0":"post-702454","1":"product","2":"type-product","3":"status-publish","5":"product_cat-edebiyat","6":"product_cat-roman-oyku","7":"pa_cilt-ciltsiz","8":"pa_tur-kitap","9":"pa_yayinevi-pegasus-yayinlari","10":"pa_yazar-chris-carter","12":"first","13":"instock","14":"sale","15":"shipping-taxable","16":"purchasable","17":"product-type-simple"},"_links":{"self":[{"href":"https:\/\/roveyayinevi.com.tr\/index.php\/wp-json\/wp\/v2\/product\/702454","targetHints":{"allow":["GET"]}}],"collection":[{"href":"https:\/\/roveyayinevi.com.tr\/index.php\/wp-json\/wp\/v2\/product"}],"about":[{"href":"https:\/\/roveyayinevi.com.tr\/index.php\/wp-json\/wp\/v2\/types\/product"}],"wp:attachment":[{"href":"https:\/\/roveyayinevi.com.tr\/index.php\/wp-json\/wp\/v2\/media?parent=702454"}],"wp:term":[{"taxonomy":"product_brand","embeddable":true,"href":"https:\/\/roveyayinevi.com.tr\/index.php\/wp-json\/wp\/v2\/product_brand?post=702454"},{"taxonomy":"product_cat","embeddable":true,"href":"https:\/\/roveyayinevi.com.tr\/index.php\/wp-json\/wp\/v2\/product_cat?post=702454"},{"taxonomy":"product_tag","embeddable":true,"href":"https:\/\/roveyayinevi.com.tr\/index.php\/wp-json\/wp\/v2\/product_tag?post=702454"}],"curies":[{"name":"wp","href":"https:\/\/api.w.org\/{rel}","templated":true}]}}