{"id":702449,"date":"2025-08-27T15:16:41","date_gmt":"2025-08-27T12:16:41","guid":{"rendered":"https:\/\/roveyayinevi.com.tr\/index.php\/urun\/toplum-bilimlerinde-arastirma-yontem-ve-teknikleri\/"},"modified":"2026-04-16T02:11:44","modified_gmt":"2026-04-15T23:11:44","slug":"toplum-bilimlerinde-arastirma-yontem-ve-teknikleri","status":"publish","type":"product","link":"https:\/\/roveyayinevi.com.tr\/index.php\/urun\/toplum-bilimlerinde-arastirma-yontem-ve-teknikleri\/","title":{"rendered":"Toplum Bilimlerinde Ara\u015ft\u0131rma Y\u00f6ntem ve Teknikleri"},"content":{"rendered":"<p>Siyasal toplumbilimin en tan\u0131nm\u0131\u015f ad\u0131 olan Maurice Duverger&#8217;in Toplum Bilimlerinde Ara\u015ft\u0131rma Y\u00f6ntem ve Teknikleri kitab\u0131, temel eserlerindendir. \u0130nsan ve toplum bilimlerinin y\u00f6ntem ve yordamlar\u0131 \u00fczerine yazd\u0131\u011f\u0131 bu kitab\u0131n Frans\u0131zca asl\u0131ndan tam metin \u00e7evirisi ilk kez Cem Yay\u0131nevi taraf\u0131ndan yay\u0131nlanmaktad\u0131r. \ufffcTan\u0131t\u0131m Metni<\/p>\n","protected":false},"excerpt":{"rendered":"<p>Siyasal toplumbilimin en tan\u0131nm\u0131\u015f ad\u0131 olan Maurice Duverger&#8217;in Toplum Bilimlerinde Ara\u015ft\u0131rma Y\u00f6ntem ve Teknikleri kitab\u0131, temel eserlerindendir. \u0130nsan ve toplum bilimlerinin y\u00f6ntem ve yordamlar\u0131 \u00fczerine yazd\u0131\u011f\u0131<span class=\"excerpt-hellip\"> [\u2026]<\/span><\/p>\n","protected":false},"featured_media":0,"template":"","meta":{"_monsterinsights_skip_tracking":false,"_monsterinsights_sitenote_active":false,"_monsterinsights_sitenote_note":"","_monsterinsights_sitenote_category":0},"product_brand":[],"product_cat":[12325,12324],"product_tag":[],"class_list":{"0":"post-702449","1":"product","2":"type-product","3":"status-publish","5":"product_cat-diger-sosyoloji","6":"product_cat-sosyoloji","7":"pa_tur-kitap","8":"pa_yayinevi-cem-yayinevi","9":"pa_yazar-maurice-duverger","11":"first","12":"instock","13":"sale","14":"shipping-taxable","15":"purchasable","16":"product-type-simple"},"_links":{"self":[{"href":"https:\/\/roveyayinevi.com.tr\/index.php\/wp-json\/wp\/v2\/product\/702449","targetHints":{"allow":["GET"]}}],"collection":[{"href":"https:\/\/roveyayinevi.com.tr\/index.php\/wp-json\/wp\/v2\/product"}],"about":[{"href":"https:\/\/roveyayinevi.com.tr\/index.php\/wp-json\/wp\/v2\/types\/product"}],"wp:attachment":[{"href":"https:\/\/roveyayinevi.com.tr\/index.php\/wp-json\/wp\/v2\/media?parent=702449"}],"wp:term":[{"taxonomy":"product_brand","embeddable":true,"href":"https:\/\/roveyayinevi.com.tr\/index.php\/wp-json\/wp\/v2\/product_brand?post=702449"},{"taxonomy":"product_cat","embeddable":true,"href":"https:\/\/roveyayinevi.com.tr\/index.php\/wp-json\/wp\/v2\/product_cat?post=702449"},{"taxonomy":"product_tag","embeddable":true,"href":"https:\/\/roveyayinevi.com.tr\/index.php\/wp-json\/wp\/v2\/product_tag?post=702449"}],"curies":[{"name":"wp","href":"https:\/\/api.w.org\/{rel}","templated":true}]}}