{"id":702448,"date":"2025-08-27T15:16:41","date_gmt":"2025-08-27T12:16:41","guid":{"rendered":"https:\/\/roveyayinevi.com.tr\/index.php\/urun\/assassins-creed-4-cilt-hawk\/"},"modified":"2026-04-16T02:11:44","modified_gmt":"2026-04-15T23:11:44","slug":"assassins-creed-4-cilt-hawk","status":"publish","type":"product","link":"https:\/\/roveyayinevi.com.tr\/index.php\/urun\/assassins-creed-4-cilt-hawk\/","title":{"rendered":"Assassin\u2019s Creed 4. Cilt : Hawk"},"content":{"rendered":"<p>Yeni bir d\u00f6nem, yeni bir macera, yeni bir suikast\u00e7\u0131! Suikast\u00e7\u0131lar karde\u015fli\u011finin yeni \u00fcyesi Jonathan Hawk, `Dosya 24?\u00fc Desmond Miles&#8217;dan devral\u0131r. 24 numaral\u0131 Cennetin Par\u00e7as\u0131?n\u0131 bulmakla g\u00f6revlidir ve ?El Cakr? arac\u0131l\u0131\u011f\u0131yla 1257 y\u0131l\u0131 M\u0131s\u0131r&#8217;\u0131nda bir aray\u0131\u015fa \u00e7\u0131kar. Bilmedi\u011fi \u015feyse, Tap\u0131nak \u015e\u00f6valyeleri&#8217;nin de ayn\u0131 nesnenin pe\u015finde oldu\u011fudur&#8230; T\u00fcm d\u00fcnyada etkileyici sat\u0131\u015f rakam\u0131na ula\u015fan ?Assassin?s Creed? adl\u0131 bilgisayar oyununun kahramanlar\u0131, \u00fcnl\u00fc senarist Corbeyran?\u0131n kalemi ve Djillali Defali?nin \u00e7izgileriyle hayat buluyor ve bizi, t\u00fcm oyunseverleri \u015fa\u015fk\u0131na \u00e7evirecek, bug\u00fcne kadar hi\u00e7 yay\u0131nlanmam\u0131\u015f, zaman ve bilime meydan okuyan heyecanl\u0131 bir maceraya davet ediyor. <\/p>\n","protected":false},"excerpt":{"rendered":"<p>Yeni bir d\u00f6nem, yeni bir macera, yeni bir suikast\u00e7\u0131! Suikast\u00e7\u0131lar karde\u015fli\u011finin yeni \u00fcyesi Jonathan Hawk, `Dosya 24?\u00fc Desmond Miles&#8217;dan devral\u0131r. 24 numaral\u0131 Cennetin Par\u00e7as\u0131?n\u0131 bulmakla g\u00f6revlidir<span class=\"excerpt-hellip\"> [\u2026]<\/span><\/p>\n","protected":false},"featured_media":0,"template":"","meta":{"_monsterinsights_skip_tracking":false,"_monsterinsights_sitenote_active":false,"_monsterinsights_sitenote_note":"","_monsterinsights_sitenote_category":0},"product_brand":[],"product_cat":[12416,12291],"product_tag":[],"class_list":{"0":"post-702448","1":"product","2":"type-product","3":"status-publish","5":"product_cat-cizgi-roman","6":"product_cat-edebiyat","7":"pa_cilt-ciltsiz","8":"pa_tur-kitap","9":"pa_yayinevi-akil-celen-kitaplar","10":"pa_yazar-eric-corbeyran","12":"first","13":"instock","14":"sale","15":"shipping-taxable","16":"purchasable","17":"product-type-simple"},"_links":{"self":[{"href":"https:\/\/roveyayinevi.com.tr\/index.php\/wp-json\/wp\/v2\/product\/702448","targetHints":{"allow":["GET"]}}],"collection":[{"href":"https:\/\/roveyayinevi.com.tr\/index.php\/wp-json\/wp\/v2\/product"}],"about":[{"href":"https:\/\/roveyayinevi.com.tr\/index.php\/wp-json\/wp\/v2\/types\/product"}],"wp:attachment":[{"href":"https:\/\/roveyayinevi.com.tr\/index.php\/wp-json\/wp\/v2\/media?parent=702448"}],"wp:term":[{"taxonomy":"product_brand","embeddable":true,"href":"https:\/\/roveyayinevi.com.tr\/index.php\/wp-json\/wp\/v2\/product_brand?post=702448"},{"taxonomy":"product_cat","embeddable":true,"href":"https:\/\/roveyayinevi.com.tr\/index.php\/wp-json\/wp\/v2\/product_cat?post=702448"},{"taxonomy":"product_tag","embeddable":true,"href":"https:\/\/roveyayinevi.com.tr\/index.php\/wp-json\/wp\/v2\/product_tag?post=702448"}],"curies":[{"name":"wp","href":"https:\/\/api.w.org\/{rel}","templated":true}]}}