{"id":702446,"date":"2025-08-27T15:16:40","date_gmt":"2025-08-27T12:16:40","guid":{"rendered":"https:\/\/roveyayinevi.com.tr\/index.php\/urun\/gazap\/"},"modified":"2026-04-16T02:11:44","modified_gmt":"2026-04-15T23:11:44","slug":"gazap","status":"publish","type":"product","link":"https:\/\/roveyayinevi.com.tr\/index.php\/urun\/gazap\/","title":{"rendered":"Gazap"},"content":{"rendered":"<p>Ne ekersen onu bi\u00e7ersin&#8230;Maine, Ascension&#8217;da k\u0131\u015f, tatil zaman\u0131d\u0131r. Kar ya\u011fmakta, her \u015feyin huzurlu ve el de\u011fmemi\u015f g\u00f6r\u00fcnmesine neden olmaktad\u0131r. Asl\u0131nda tam olarak her \u015feyin de\u011fil\u2026 Emily tatilleri her zaman sevmi\u015ftir ama bu y\u0131l daha da \u00e7ok sever; aylard\u0131r ho\u015fland\u0131\u011f\u0131 \u00e7ocuk sonunda onu fark etmi\u015ftir. Ama Em bu \u00e7ocukla bir ili\u015fkiye ba\u015flarsa bunun geri d\u00f6n\u00fc\u015f\u00fc olmayacakt\u0131r, \u00e7\u00fcnk\u00fc o en iyi arkada\u015f\u0131n\u0131n erkek arkada\u015f\u0131d\u0131r. Di\u011fer taraftan, kasabada Chase&#8217;in kendi sorunlar\u0131 vard\u0131r. Ev hayat\u0131 \u00e7ekilmez bir hal alm\u0131\u015ft\u0131r ve sosyal ya\u015fam\u0131 hi\u00e7 olmad\u0131\u011f\u0131 kadar s\u0131k\u0131c\u0131d\u0131r. Ancak bu sorunlar\u0131n hi\u00e7biri akl\u0131ndan \u00e7\u0131kmayan o \u015feyle k\u0131yaslanamaz. Chase korkun\u00e7 bir \u015fey yapm\u0131\u015ft\u0131r\u2026 ve bunun ortaya \u00e7\u0131kmas\u0131 sadece an meselesidir. Ascension&#8217;da hatalar \u00f6l\u00fcmc\u00fcl olabilir. \u00dc\u00e7 k\u0131z -\u00fc\u00e7 g\u00fczel ve gizemli k\u0131z- kimin yapt\u0131klar\u0131n\u0131n bedelini \u00f6demesi gerekti\u011fine karar vermek \u00fczere ortaya \u00e7\u0131kt\u0131\u011f\u0131nda, Em ve Chase&#8217;in cezalar\u0131n\u0131 beklemekten ba\u015fka \u015fanslar\u0131 kalmayacakt\u0131r. (Tan\u0131t\u0131m B\u00fclteninden) <\/p>\n","protected":false},"excerpt":{"rendered":"<p>Ne ekersen onu bi\u00e7ersin&#8230;Maine, Ascension&#8217;da k\u0131\u015f, tatil zaman\u0131d\u0131r. Kar ya\u011fmakta, her \u015feyin huzurlu ve el de\u011fmemi\u015f g\u00f6r\u00fcnmesine neden olmaktad\u0131r. Asl\u0131nda tam olarak her \u015feyin de\u011fil\u2026 Emily<span class=\"excerpt-hellip\"> [\u2026]<\/span><\/p>\n","protected":false},"featured_media":0,"template":"","meta":{"_monsterinsights_skip_tracking":false,"_monsterinsights_sitenote_active":false,"_monsterinsights_sitenote_note":"","_monsterinsights_sitenote_category":0},"product_brand":[],"product_cat":[12291,12711],"product_tag":[],"class_list":{"0":"post-702446","1":"product","2":"type-product","3":"status-publish","5":"product_cat-edebiyat","6":"product_cat-roman-oyku","7":"pa_cilt-ciltsiz","8":"pa_tur-kitap","9":"pa_yayinevi-epsilon-yayinlari","10":"pa_yazar-elizabeth-miles","12":"first","13":"instock","14":"sale","15":"shipping-taxable","16":"purchasable","17":"product-type-simple"},"_links":{"self":[{"href":"https:\/\/roveyayinevi.com.tr\/index.php\/wp-json\/wp\/v2\/product\/702446","targetHints":{"allow":["GET"]}}],"collection":[{"href":"https:\/\/roveyayinevi.com.tr\/index.php\/wp-json\/wp\/v2\/product"}],"about":[{"href":"https:\/\/roveyayinevi.com.tr\/index.php\/wp-json\/wp\/v2\/types\/product"}],"wp:attachment":[{"href":"https:\/\/roveyayinevi.com.tr\/index.php\/wp-json\/wp\/v2\/media?parent=702446"}],"wp:term":[{"taxonomy":"product_brand","embeddable":true,"href":"https:\/\/roveyayinevi.com.tr\/index.php\/wp-json\/wp\/v2\/product_brand?post=702446"},{"taxonomy":"product_cat","embeddable":true,"href":"https:\/\/roveyayinevi.com.tr\/index.php\/wp-json\/wp\/v2\/product_cat?post=702446"},{"taxonomy":"product_tag","embeddable":true,"href":"https:\/\/roveyayinevi.com.tr\/index.php\/wp-json\/wp\/v2\/product_tag?post=702446"}],"curies":[{"name":"wp","href":"https:\/\/api.w.org\/{rel}","templated":true}]}}