{"id":702444,"date":"2025-08-27T15:16:39","date_gmt":"2025-08-27T12:16:39","guid":{"rendered":"https:\/\/roveyayinevi.com.tr\/index.php\/urun\/austerlitz\/"},"modified":"2026-04-16T02:11:44","modified_gmt":"2026-04-15T23:11:44","slug":"austerlitz","status":"publish","type":"product","link":"https:\/\/roveyayinevi.com.tr\/index.php\/urun\/austerlitz\/","title":{"rendered":"Austerlitz"},"content":{"rendered":"<p>Vedala\u015fman\u0131n \u0131st\u0131rab\u0131n\u0131 ve bilinmeyenden duyulan korkuyu bir t\u00fcrl\u00fc \u00e7\u0131karam\u0131yorum akl\u0131mdan.   W.G. Sebald\u2019in, 2001 y\u0131l\u0131nda 57 ya\u015f\u0131ndayken ge\u00e7irdi\u011fi bir trafik kazas\u0131 sonucunda \u00f6lmeden \u00f6nce yay\u0131mlanan son yap\u0131t\u0131 Austerlitz, kendi k\u00f6kenini ke\u015ffetmeye giri\u015fen akademik kariyer sahibi Jacques Austerlitz\u2019in izini s\u00fcr\u00fcyor. Vatan\u0131ndan, dilinden ve ad\u0131ndan kopar\u0131lan bir k\u00f6ks\u00fcz\u00fcn, yersiz yurtsuzun \u00f6yk\u00fcs\u00fcn\u00fc anlatan Austerlitz, bir ebed\u00ee gezginin her u\u011frakta b\u0131rakt\u0131\u011f\u0131 izleri ad\u0131m ad\u0131m takip eden bir anlat\u0131. Borges, Calvino, Thomas Bernhard, Nabokov ve Kafka\u2019yla ayn\u0131 soydan say\u0131lan Sebald, her yap\u0131t\u0131nda kendi d\u00fcnyas\u0131n\u0131 yaratmay\u0131 ba\u015faran bir yazar. Austerlitz de, ger\u00e7e\u011fi hayalle harmanlayan, tarihle bug\u00fcn\u00fc \u00e7ak\u0131\u015ft\u0131ran, esteti\u011fi bir an olsun elden b\u0131rakmayan ola\u011fan\u00fcst\u00fc bir belgesel.   Alman edebiyat\u0131n\u0131n benzersiz yazar\u0131 Sebald, \u00fclkesinin \u0130kinci D\u00fcnya Sava\u015f\u0131\u2019ndan sonraki unutkanl\u0131\u011f\u0131na meydan okuyor; ge\u00e7mi\u015fin izlerini s\u00fcrerek toplumun belle\u011fi olmay\u0131 \u00fcstleniyor.   \u201cSebald\u2019in son roman\u0131, ba\u015fyap\u0131t\u0131 ve \u00e7a\u011f\u0131m\u0131z\u0131n en \u00fcst\u00fcn sanat eserlerinden biri.\u201d John Banville, The Guardian<\/p>\n","protected":false},"excerpt":{"rendered":"<p>Vedala\u015fman\u0131n \u0131st\u0131rab\u0131n\u0131 ve bilinmeyenden duyulan korkuyu bir t\u00fcrl\u00fc \u00e7\u0131karam\u0131yorum akl\u0131mdan. W.G. Sebald\u2019in, 2001 y\u0131l\u0131nda 57 ya\u015f\u0131ndayken ge\u00e7irdi\u011fi bir trafik kazas\u0131 sonucunda \u00f6lmeden \u00f6nce yay\u0131mlanan son yap\u0131t\u0131<span class=\"excerpt-hellip\"> [\u2026]<\/span><\/p>\n","protected":false},"featured_media":0,"template":"","meta":{"_monsterinsights_skip_tracking":false,"_monsterinsights_sitenote_active":false,"_monsterinsights_sitenote_note":"","_monsterinsights_sitenote_category":0},"product_brand":[],"product_cat":[12782,12291],"product_tag":[],"class_list":{"0":"post-702444","1":"product","2":"type-product","3":"status-publish","5":"product_cat-alman-edebiyati","6":"product_cat-edebiyat","7":"pa_cilt-ciltsiz","8":"pa_tur-kitap","9":"pa_yayinevi-can-yayinlari","10":"pa_yazar-w-g-sebald","12":"first","13":"instock","14":"sale","15":"shipping-taxable","16":"purchasable","17":"product-type-simple"},"_links":{"self":[{"href":"https:\/\/roveyayinevi.com.tr\/index.php\/wp-json\/wp\/v2\/product\/702444","targetHints":{"allow":["GET"]}}],"collection":[{"href":"https:\/\/roveyayinevi.com.tr\/index.php\/wp-json\/wp\/v2\/product"}],"about":[{"href":"https:\/\/roveyayinevi.com.tr\/index.php\/wp-json\/wp\/v2\/types\/product"}],"wp:attachment":[{"href":"https:\/\/roveyayinevi.com.tr\/index.php\/wp-json\/wp\/v2\/media?parent=702444"}],"wp:term":[{"taxonomy":"product_brand","embeddable":true,"href":"https:\/\/roveyayinevi.com.tr\/index.php\/wp-json\/wp\/v2\/product_brand?post=702444"},{"taxonomy":"product_cat","embeddable":true,"href":"https:\/\/roveyayinevi.com.tr\/index.php\/wp-json\/wp\/v2\/product_cat?post=702444"},{"taxonomy":"product_tag","embeddable":true,"href":"https:\/\/roveyayinevi.com.tr\/index.php\/wp-json\/wp\/v2\/product_tag?post=702444"}],"curies":[{"name":"wp","href":"https:\/\/api.w.org\/{rel}","templated":true}]}}