{"id":702443,"date":"2025-08-27T15:16:39","date_gmt":"2025-08-27T12:16:39","guid":{"rendered":"https:\/\/roveyayinevi.com.tr\/index.php\/urun\/atesten-gomlek\/"},"modified":"2026-04-16T02:11:44","modified_gmt":"2026-04-15T23:11:44","slug":"atesten-gomlek","status":"publish","type":"product","link":"https:\/\/roveyayinevi.com.tr\/index.php\/urun\/atesten-gomlek\/","title":{"rendered":"Ate\u015ften G\u00f6mlek"},"content":{"rendered":"<p>Ate\u015ften G\u00f6mlek, cepheden, romanda anlat\u0131lan ki\u015filerle omuz omuza ya\u015fam\u0131\u015f birinden gelen yap\u0131t. Kurtulu\u015f Sava\u015f\u0131&#8217;n\u0131n Ate\u015ften G\u00f6mle\u011finin i\u00e7inden \u00e7\u0131km\u0131\u015f bir roman. Halide Edip Ad\u0131var, her birini yak\u0131ndan tam\u0131d\u0131\u011f\u0131 roman ki\u015filerini, yani silah arkada\u015flar\u0131n\u0131 i\u00e7tenlikle, \u00e7a\u011f\u0131na ve ya\u015fanan ac\u0131 olaylara sorumlulukta tan\u0131kl\u0131k ederek anlat\u0131ryor. Ba\u011f\u0131ms\u0131zl\u0131k sava\u015f\u0131m\u0131z\u0131 b\u00fct\u00fcn ger\u00e7ekli\u011fi ve canl\u0131l\u0131\u011f\u0131yla anlatan belki de en \u00f6nemli roman, Ate\u015ften G\u00f6mlek. <\/p>\n","protected":false},"excerpt":{"rendered":"<p>Ate\u015ften G\u00f6mlek, cepheden, romanda anlat\u0131lan ki\u015filerle omuz omuza ya\u015fam\u0131\u015f birinden gelen yap\u0131t. Kurtulu\u015f Sava\u015f\u0131&#8217;n\u0131n Ate\u015ften G\u00f6mle\u011finin i\u00e7inden \u00e7\u0131km\u0131\u015f bir roman. Halide Edip Ad\u0131var, her birini yak\u0131ndan<span class=\"excerpt-hellip\"> [\u2026]<\/span><\/p>\n","protected":false},"featured_media":0,"template":"","meta":{"_monsterinsights_skip_tracking":false,"_monsterinsights_sitenote_active":false,"_monsterinsights_sitenote_note":"","_monsterinsights_sitenote_category":0},"product_brand":[],"product_cat":[12291,12292],"product_tag":[],"class_list":{"0":"post-702443","1":"product","2":"type-product","3":"status-publish","5":"product_cat-edebiyat","6":"product_cat-turk-edebiyati","7":"pa_cilt-ciltsiz","8":"pa_tur-kitap","9":"pa_yayinevi-can-yayinlari","10":"pa_yazar-halide-edib-adivar","12":"first","13":"instock","14":"sale","15":"shipping-taxable","16":"purchasable","17":"product-type-simple"},"_links":{"self":[{"href":"https:\/\/roveyayinevi.com.tr\/index.php\/wp-json\/wp\/v2\/product\/702443","targetHints":{"allow":["GET"]}}],"collection":[{"href":"https:\/\/roveyayinevi.com.tr\/index.php\/wp-json\/wp\/v2\/product"}],"about":[{"href":"https:\/\/roveyayinevi.com.tr\/index.php\/wp-json\/wp\/v2\/types\/product"}],"wp:attachment":[{"href":"https:\/\/roveyayinevi.com.tr\/index.php\/wp-json\/wp\/v2\/media?parent=702443"}],"wp:term":[{"taxonomy":"product_brand","embeddable":true,"href":"https:\/\/roveyayinevi.com.tr\/index.php\/wp-json\/wp\/v2\/product_brand?post=702443"},{"taxonomy":"product_cat","embeddable":true,"href":"https:\/\/roveyayinevi.com.tr\/index.php\/wp-json\/wp\/v2\/product_cat?post=702443"},{"taxonomy":"product_tag","embeddable":true,"href":"https:\/\/roveyayinevi.com.tr\/index.php\/wp-json\/wp\/v2\/product_tag?post=702443"}],"curies":[{"name":"wp","href":"https:\/\/api.w.org\/{rel}","templated":true}]}}