{"id":702440,"date":"2025-08-27T15:16:37","date_gmt":"2025-08-27T12:16:37","guid":{"rendered":"https:\/\/roveyayinevi.com.tr\/index.php\/urun\/bil-bakalim-ay-neden-sekil-degistirir\/"},"modified":"2026-03-22T02:17:39","modified_gmt":"2026-03-21T23:17:39","slug":"bil-bakalim-ay-neden-sekil-degistirir","status":"publish","type":"product","link":"https:\/\/roveyayinevi.com.tr\/index.php\/urun\/bil-bakalim-ay-neden-sekil-degistirir\/","title":{"rendered":"Bil Bakal\u0131m Ay Neden \u015eekil De\u011fi\u015ftirir?"},"content":{"rendered":"<p>Hayat ne g\u00fczel! B\u00f6ylesine heyecan verici bir d\u00fcnyada ya\u015famaktan daha keyifli bir \u015fey olabilir mi? \u00d6\u011frenecek bir s\u00fcr\u00fc \u015fey, ke\u015ffedecek nice gizem var etraf\u0131m\u0131zda. <\/p>\n","protected":false},"excerpt":{"rendered":"<p>Hayat ne g\u00fczel! B\u00f6ylesine heyecan verici bir d\u00fcnyada ya\u015famaktan daha keyifli bir \u015fey olabilir mi? \u00d6\u011frenecek bir s\u00fcr\u00fc \u015fey, ke\u015ffedecek nice gizem var etraf\u0131m\u0131zda.<\/p>\n","protected":false},"featured_media":0,"template":"","meta":{"_monsterinsights_skip_tracking":false,"_monsterinsights_sitenote_active":false,"_monsterinsights_sitenote_note":"","_monsterinsights_sitenote_category":0},"product_brand":[],"product_cat":[13829,12274],"product_tag":[],"class_list":{"0":"post-702440","1":"product","2":"type-product","3":"status-publish","5":"product_cat-bilimsel-kitaplar","6":"product_cat-cocuk-ve-genclik-kitaplari","7":"pa_tur-kitap","8":"pa_yayinevi-1001-cicek-kitaplar","9":"pa_yazar-shirley-willis","11":"first","12":"instock","13":"sale","14":"shipping-taxable","15":"purchasable","16":"product-type-simple"},"_links":{"self":[{"href":"https:\/\/roveyayinevi.com.tr\/index.php\/wp-json\/wp\/v2\/product\/702440","targetHints":{"allow":["GET"]}}],"collection":[{"href":"https:\/\/roveyayinevi.com.tr\/index.php\/wp-json\/wp\/v2\/product"}],"about":[{"href":"https:\/\/roveyayinevi.com.tr\/index.php\/wp-json\/wp\/v2\/types\/product"}],"wp:attachment":[{"href":"https:\/\/roveyayinevi.com.tr\/index.php\/wp-json\/wp\/v2\/media?parent=702440"}],"wp:term":[{"taxonomy":"product_brand","embeddable":true,"href":"https:\/\/roveyayinevi.com.tr\/index.php\/wp-json\/wp\/v2\/product_brand?post=702440"},{"taxonomy":"product_cat","embeddable":true,"href":"https:\/\/roveyayinevi.com.tr\/index.php\/wp-json\/wp\/v2\/product_cat?post=702440"},{"taxonomy":"product_tag","embeddable":true,"href":"https:\/\/roveyayinevi.com.tr\/index.php\/wp-json\/wp\/v2\/product_tag?post=702440"}],"curies":[{"name":"wp","href":"https:\/\/api.w.org\/{rel}","templated":true}]}}