{"id":702435,"date":"2025-08-27T15:16:25","date_gmt":"2025-08-27T12:16:25","guid":{"rendered":"https:\/\/roveyayinevi.com.tr\/index.php\/urun\/egitimde-drama-teorik-temelleri-ve-uygulama-ornekleri\/"},"modified":"2026-04-16T02:11:43","modified_gmt":"2026-04-15T23:11:43","slug":"egitimde-drama-teorik-temelleri-ve-uygulama-ornekleri","status":"publish","type":"product","link":"https:\/\/roveyayinevi.com.tr\/index.php\/urun\/egitimde-drama-teorik-temelleri-ve-uygulama-ornekleri\/","title":{"rendered":"E\u011fitimde Drama : Teorik Temelleri ve Uygulama \u00d6rnekleri"},"content":{"rendered":"<p>E\u011fitim sayesinde insan kendine, milletine ve d\u00fcnya insanl\u0131\u011f\u0131na faydal\u0131 bir vatanda\u015f olabilir. Bili\u015fim, ileti\u015fim ve ula\u015f\u0131m alanlar\u0131nda ya\u015fanan h\u0131zl\u0131 ve b\u00fcy\u00fck geli\u015fmeler, bilgi ve haberlerin d\u00fcnyan\u0131n her yerine ayn\u0131 anda ula\u015fmalar\u0131na olanak sa\u011flam\u0131\u015ft\u0131r. Bu durum, k\u00fcreselle\u015fme \u00e7abalar\u0131n\u0131 ortaya \u00e7\u0131karm\u0131\u015ft\u0131r. Meydana gelen k\u00fcreselle\u015fme hareketleri ekonomisi ve \u00f6zellikle de e\u011fitim sistemi bozuk olan \u00fclkeleri ve toplumlar\u0131 yok etme noktas\u0131na getirmi\u015ftir. T\u00fcm bunlar g\u00f6z \u00f6n\u00fcne al\u0131nd\u0131\u011f\u0131nda, uluslar\u0131n hem bu geli\u015fmelere ayak uydurmalar\u0131 hem de kendi kimliklerini korumalar\u0131 zorunlulu\u011fu ortaya \u00e7\u0131km\u0131\u015ft\u0131r. Bu durum, e\u011fitim sistemimizin yeniden g\u00f6zden ge\u00e7irilerek ona yeni ve farkl\u0131 i\u015flevler y\u00fcklenmesi gereklili\u011fini ortaya \u00e7\u0131karm\u0131\u015ft\u0131r. \ufffcTan\u0131t\u0131m Metni<\/p>\n","protected":false},"excerpt":{"rendered":"<p>E\u011fitim sayesinde insan kendine, milletine ve d\u00fcnya insanl\u0131\u011f\u0131na faydal\u0131 bir vatanda\u015f olabilir. Bili\u015fim, ileti\u015fim ve ula\u015f\u0131m alanlar\u0131nda ya\u015fanan h\u0131zl\u0131 ve b\u00fcy\u00fck geli\u015fmeler, bilgi ve haberlerin d\u00fcnyan\u0131n<span class=\"excerpt-hellip\"> [\u2026]<\/span><\/p>\n","protected":false},"featured_media":0,"template":"","meta":{"_monsterinsights_skip_tracking":false,"_monsterinsights_sitenote_active":false,"_monsterinsights_sitenote_note":"","_monsterinsights_sitenote_category":0},"product_brand":[],"product_cat":[12409,12408],"product_tag":[],"class_list":{"0":"post-702435","1":"product","2":"type-product","3":"status-publish","5":"product_cat-fotograf-sinema-tiyatro","6":"product_cat-sanat","7":"pa_cilt-ciltsiz","8":"pa_tur-kitap","9":"pa_yayinevi-ani-yayincilik","10":"pa_yazar-nihat-caliskan","12":"first","13":"instock","14":"sale","15":"shipping-taxable","16":"purchasable","17":"product-type-simple"},"_links":{"self":[{"href":"https:\/\/roveyayinevi.com.tr\/index.php\/wp-json\/wp\/v2\/product\/702435","targetHints":{"allow":["GET"]}}],"collection":[{"href":"https:\/\/roveyayinevi.com.tr\/index.php\/wp-json\/wp\/v2\/product"}],"about":[{"href":"https:\/\/roveyayinevi.com.tr\/index.php\/wp-json\/wp\/v2\/types\/product"}],"wp:attachment":[{"href":"https:\/\/roveyayinevi.com.tr\/index.php\/wp-json\/wp\/v2\/media?parent=702435"}],"wp:term":[{"taxonomy":"product_brand","embeddable":true,"href":"https:\/\/roveyayinevi.com.tr\/index.php\/wp-json\/wp\/v2\/product_brand?post=702435"},{"taxonomy":"product_cat","embeddable":true,"href":"https:\/\/roveyayinevi.com.tr\/index.php\/wp-json\/wp\/v2\/product_cat?post=702435"},{"taxonomy":"product_tag","embeddable":true,"href":"https:\/\/roveyayinevi.com.tr\/index.php\/wp-json\/wp\/v2\/product_tag?post=702435"}],"curies":[{"name":"wp","href":"https:\/\/api.w.org\/{rel}","templated":true}]}}