{"id":702432,"date":"2025-08-27T15:16:24","date_gmt":"2025-08-27T12:16:24","guid":{"rendered":"https:\/\/roveyayinevi.com.tr\/index.php\/urun\/kitaplardan-korkan-cocuk\/"},"modified":"2026-04-16T02:11:43","modified_gmt":"2026-04-15T23:11:43","slug":"kitaplardan-korkan-cocuk","status":"publish","type":"product","link":"https:\/\/roveyayinevi.com.tr\/index.php\/urun\/kitaplardan-korkan-cocuk\/","title":{"rendered":"Kitaplardan Korkan \u00c7ocuk"},"content":{"rendered":"<p>Y\u00fcre\u011finin G\u00f6t\u00fcrd\u00fc\u011f\u00fc Yere Git adl\u0131 kitab\u0131yla \u00fclkemizde \u00e7ok sevilen Susanna Tamaro, \u00e7ocuklar i\u00e7in de kitaplar yazd\u0131. Kitaplardan Korkan \u00c7ocuk, onun en sevilen \u00e7ocuk kitab\u0131. K\u00fc\u00e7\u00fck Leopold, daha sekiz ya\u015f\u0131ndad\u0131r, ger\u00e7ekten de kitaplardan \u00e7ok korkmaktad\u0131r. Her y\u0131l oldu\u011fu gibi sekizinci do\u011fum g\u00fcn\u00fcnde de, annesiyle babas\u0131n\u0131n getirdikler arma\u011fan paketini heyecanla a\u00e7ar, ne yaz\u0131k ki, o \u00e7ok sevdi\u011fi, sahip olmak i\u00e7in can att\u0131\u011f\u0131 bir \u00e7ift ko\u015fu ayakkab\u0131s\u0131 yerine parlak kapl\u0131 iki kitapla burun buruna gelir. H\u0131\u00e7k\u0131rarak a\u011flamaya ba\u015flar. Kitaplar\u0131 \u00f6fkeyle yere f\u0131rlat\u0131r, gider odas\u0131na kapan\u0131r. Annenin baban\u0131n \u00fcz\u00fcnt\u00fcs\u00fc b\u00fcy\u00fckt\u00fcr. Leopold de kendince hakl\u0131d\u0131r. \u00c7\u00fcnk\u00fc hangi kitab\u0131 a\u00e7sa kara kara harfler, kara kara lekeler havalarda u\u00e7u\u015fmakta, \u00e7ocu\u011fun ba\u015f\u0131 d\u00f6nmektedir. <\/p>\n","protected":false},"excerpt":{"rendered":"<p>Y\u00fcre\u011finin G\u00f6t\u00fcrd\u00fc\u011f\u00fc Yere Git adl\u0131 kitab\u0131yla \u00fclkemizde \u00e7ok sevilen Susanna Tamaro, \u00e7ocuklar i\u00e7in de kitaplar yazd\u0131. Kitaplardan Korkan \u00c7ocuk, onun en sevilen \u00e7ocuk kitab\u0131. K\u00fc\u00e7\u00fck Leopold,<span class=\"excerpt-hellip\"> [\u2026]<\/span><\/p>\n","protected":false},"featured_media":0,"template":"","meta":{"_monsterinsights_skip_tracking":false,"_monsterinsights_sitenote_active":false,"_monsterinsights_sitenote_note":"","_monsterinsights_sitenote_category":0},"product_brand":[],"product_cat":[12275,12274],"product_tag":[],"class_list":{"0":"post-702432","1":"product","2":"type-product","3":"status-publish","5":"product_cat-6-12-yas-kitaplari","6":"product_cat-cocuk-ve-genclik-kitaplari","7":"pa_cilt-ciltsiz","8":"pa_tur-kitap","9":"pa_yayinevi-can-cocuk-yayinlari","10":"pa_yazar-susanna-tamaro","12":"first","13":"instock","14":"sale","15":"shipping-taxable","16":"purchasable","17":"product-type-simple"},"_links":{"self":[{"href":"https:\/\/roveyayinevi.com.tr\/index.php\/wp-json\/wp\/v2\/product\/702432","targetHints":{"allow":["GET"]}}],"collection":[{"href":"https:\/\/roveyayinevi.com.tr\/index.php\/wp-json\/wp\/v2\/product"}],"about":[{"href":"https:\/\/roveyayinevi.com.tr\/index.php\/wp-json\/wp\/v2\/types\/product"}],"wp:attachment":[{"href":"https:\/\/roveyayinevi.com.tr\/index.php\/wp-json\/wp\/v2\/media?parent=702432"}],"wp:term":[{"taxonomy":"product_brand","embeddable":true,"href":"https:\/\/roveyayinevi.com.tr\/index.php\/wp-json\/wp\/v2\/product_brand?post=702432"},{"taxonomy":"product_cat","embeddable":true,"href":"https:\/\/roveyayinevi.com.tr\/index.php\/wp-json\/wp\/v2\/product_cat?post=702432"},{"taxonomy":"product_tag","embeddable":true,"href":"https:\/\/roveyayinevi.com.tr\/index.php\/wp-json\/wp\/v2\/product_tag?post=702432"}],"curies":[{"name":"wp","href":"https:\/\/api.w.org\/{rel}","templated":true}]}}