{"id":702430,"date":"2025-08-27T15:16:23","date_gmt":"2025-08-27T12:16:23","guid":{"rendered":"https:\/\/roveyayinevi.com.tr\/index.php\/urun\/kainatin-efendisi-peygamberimizin-hayati-2-kitap-takim\/"},"modified":"2026-04-16T02:11:43","modified_gmt":"2026-04-15T23:11:43","slug":"kainatin-efendisi-peygamberimizin-hayati-2-kitap-takim","status":"publish","type":"product","link":"https:\/\/roveyayinevi.com.tr\/index.php\/urun\/kainatin-efendisi-peygamberimizin-hayati-2-kitap-takim\/","title":{"rendered":"Kainat\u0131n Efendisi Peygamberimizin Hayat\u0131 (2 Kitap Tak\u0131m)"},"content":{"rendered":"<p>G\u00fcn\u00fcm\u00fczde insanl\u0131\u011f\u0131n as\u0131l \u0131zd\u0131rab\u0131, kainat\u0131n efendisi Hz. Muhammed\u2019i (a.s.m.) tam manas\u0131 ile tan\u0131mam\u0131\u015f, hakiki \u015fahsiyetini bilememi\u015f olmas\u0131ndan ve getirdi\u011fi, hayat bah\u015feden esaslara a\u015fk ve \u015fevk i\u00e7inde kucak a\u00e7may\u0131\u015f\u0131ndan gelmektedir. D\u00fcnyan\u0131n manevi sars\u0131nt\u0131s\u0131 da, s\u0131k\u0131nt\u0131s\u0131 da, anar\u015fi ve huzursuzluk i\u00e7inde bocalay\u0131\u015f\u0131 da bundan do\u011fmaktad\u0131r.O&#8217;nu ( s.a.m.) anlamad\u0131k\u00e7a sevmedik\u00e7e ve hayat bah\u015feden prensiplerini kendisine rehber edinmedik\u00e7e de insanl\u0131\u011f\u0131n bu s\u0131k\u0131nt\u0131, sars\u0131nt\u0131 ve buhrandan kurtulmas\u0131 m\u00fcmk\u00fcn de\u011fildir.\u0130nsanl\u0131k onu anlamak zorundad\u0131r! D\u00fcnya Siyer \u00d6d\u00fcl\u00fc birincisi bu eserimiz, onun bir nebze olsun anla\u015f\u0131lmas\u0131na vesile olacaksa kendimizi bahtiyar addedece\u011fiz.<\/p>\n","protected":false},"excerpt":{"rendered":"<p>G\u00fcn\u00fcm\u00fczde insanl\u0131\u011f\u0131n as\u0131l \u0131zd\u0131rab\u0131, kainat\u0131n efendisi Hz. Muhammed\u2019i (a.s.m.) tam manas\u0131 ile tan\u0131mam\u0131\u015f, hakiki \u015fahsiyetini bilememi\u015f olmas\u0131ndan ve getirdi\u011fi, hayat bah\u015feden esaslara a\u015fk ve \u015fevk i\u00e7inde<span class=\"excerpt-hellip\"> [\u2026]<\/span><\/p>\n","protected":false},"featured_media":0,"template":"","meta":{"_monsterinsights_skip_tracking":false,"_monsterinsights_sitenote_active":false,"_monsterinsights_sitenote_note":"","_monsterinsights_sitenote_category":0},"product_brand":[],"product_cat":[18094,12718,12719],"product_tag":[],"class_list":{"0":"post-702430","1":"product","2":"type-product","3":"status-publish","5":"product_cat-biyografi-otobiyografi-islam","6":"product_cat-din","7":"product_cat-islam","8":"pa_cilt-ciltsiz","9":"pa_tur-kitap","10":"pa_yayinevi-nesil-yayinlari","11":"pa_yazar-salih-suruc","13":"first","14":"instock","15":"sale","16":"shipping-taxable","17":"purchasable","18":"product-type-simple"},"_links":{"self":[{"href":"https:\/\/roveyayinevi.com.tr\/index.php\/wp-json\/wp\/v2\/product\/702430","targetHints":{"allow":["GET"]}}],"collection":[{"href":"https:\/\/roveyayinevi.com.tr\/index.php\/wp-json\/wp\/v2\/product"}],"about":[{"href":"https:\/\/roveyayinevi.com.tr\/index.php\/wp-json\/wp\/v2\/types\/product"}],"wp:attachment":[{"href":"https:\/\/roveyayinevi.com.tr\/index.php\/wp-json\/wp\/v2\/media?parent=702430"}],"wp:term":[{"taxonomy":"product_brand","embeddable":true,"href":"https:\/\/roveyayinevi.com.tr\/index.php\/wp-json\/wp\/v2\/product_brand?post=702430"},{"taxonomy":"product_cat","embeddable":true,"href":"https:\/\/roveyayinevi.com.tr\/index.php\/wp-json\/wp\/v2\/product_cat?post=702430"},{"taxonomy":"product_tag","embeddable":true,"href":"https:\/\/roveyayinevi.com.tr\/index.php\/wp-json\/wp\/v2\/product_tag?post=702430"}],"curies":[{"name":"wp","href":"https:\/\/api.w.org\/{rel}","templated":true}]}}