{"id":702420,"date":"2025-08-27T15:16:18","date_gmt":"2025-08-27T12:16:18","guid":{"rendered":"https:\/\/roveyayinevi.com.tr\/index.php\/urun\/ey-ask-ey-en-sevdigim\/"},"modified":"2026-04-16T02:11:43","modified_gmt":"2026-04-15T23:11:43","slug":"ey-ask-ey-en-sevdigim","status":"publish","type":"product","link":"https:\/\/roveyayinevi.com.tr\/index.php\/urun\/ey-ask-ey-en-sevdigim\/","title":{"rendered":"Ey A\u015fk! Ey en Sevdi\u011fim!"},"content":{"rendered":"<p>(O sakl\u0131 kelime benim)   \u2018Hayati S\u0131r\u2019 en son kitab\u0131na \u2018bir\u2019 kitap daha yakla\u015ft\u0131\u2026 Son s\u00f6z\u00fcne zaman\u0131n! Belki de zaman\u0131n sonuna gelmeden \u00f6nce s\u00f6ylenecek son s\u00f6zlerdir bunlar!   Ey okuyucu! E\u011fer bu kitab\u0131 okumadan \u00f6nce sen de kalbinde tek \u2018bir\u2019 a\u015fka ihtiya\u00e7 duyuyorsan i\u015fte o zaman anlayabilirsin bu kitab\u0131\u2026 \u2018A\u015fk\u2019 olmadan insan kendini bilemez\u2026 Asl\u0131nda tek \u2018bir\u2019 a\u015fk vard\u0131r\u2026 Ve o a\u015fk\u0131n milyonlarca tezah\u00fcr\u00fc&#8230;   Ey ihtiya\u00e7! Ey kalbinde o tek \u2018bir\u2019 a\u015fka ihtiya\u00e7 duyan milyonlarca insan! Bu kitap belki de sizler i\u00e7in yaz\u0131ld\u0131\u2026 Sizin de kalbinizde bekleyen o \u2018sakl\u0131 kelime\u2019yi uyand\u0131rmak ve size kim oldu\u011funuzu bildirmek i\u00e7in\u2026   Ey insanlar! Ey \u015feytan taraf\u0131ndan d\u00fcnyada kendini bile \u2018oku\u2019maktan aciz b\u0131rak\u0131lm\u0131\u015f insanlar!   \u2018Oku\u2019yun o zaman!   \u2018Oku\u2019yun ve kim oldu\u011funuzu bilin art\u0131k!   Zaman\u0131n sonuna bu kadar yakla\u015fm\u0131\u015fken \u2018oku\u2019yun bir an \u00f6nce kalbinizi ve \u00f6\u011frenin orada sizi bekleyen ebedi \u2018a\u015fk\u2019\u0131n\u0131z\u0131!   Ey A\u015fk!   Ey en sevdi\u011fim!   \u0130\u015fte o sakl\u0131 \u2018kelime\u2019 benim! <\/p>\n","protected":false},"excerpt":{"rendered":"<p>(O sakl\u0131 kelime benim) \u2018Hayati S\u0131r\u2019 en son kitab\u0131na \u2018bir\u2019 kitap daha yakla\u015ft\u0131\u2026 Son s\u00f6z\u00fcne zaman\u0131n! Belki de zaman\u0131n sonuna gelmeden \u00f6nce s\u00f6ylenecek son s\u00f6zlerdir bunlar!<span class=\"excerpt-hellip\"> [\u2026]<\/span><\/p>\n","protected":false},"featured_media":0,"template":"","meta":{"_monsterinsights_skip_tracking":false,"_monsterinsights_sitenote_active":false,"_monsterinsights_sitenote_note":"","_monsterinsights_sitenote_category":0},"product_brand":[],"product_cat":[12718,12719,15238],"product_tag":[],"class_list":{"0":"post-702420","1":"product","2":"type-product","3":"status-publish","5":"product_cat-din","6":"product_cat-islam","7":"product_cat-tasavvuf","8":"pa_cilt-ciltsiz","9":"pa_tur-kitap","10":"pa_yayinevi-hayykitap","11":"pa_yazar-hayati-sir","13":"first","14":"instock","15":"sale","16":"shipping-taxable","17":"purchasable","18":"product-type-simple"},"_links":{"self":[{"href":"https:\/\/roveyayinevi.com.tr\/index.php\/wp-json\/wp\/v2\/product\/702420","targetHints":{"allow":["GET"]}}],"collection":[{"href":"https:\/\/roveyayinevi.com.tr\/index.php\/wp-json\/wp\/v2\/product"}],"about":[{"href":"https:\/\/roveyayinevi.com.tr\/index.php\/wp-json\/wp\/v2\/types\/product"}],"wp:attachment":[{"href":"https:\/\/roveyayinevi.com.tr\/index.php\/wp-json\/wp\/v2\/media?parent=702420"}],"wp:term":[{"taxonomy":"product_brand","embeddable":true,"href":"https:\/\/roveyayinevi.com.tr\/index.php\/wp-json\/wp\/v2\/product_brand?post=702420"},{"taxonomy":"product_cat","embeddable":true,"href":"https:\/\/roveyayinevi.com.tr\/index.php\/wp-json\/wp\/v2\/product_cat?post=702420"},{"taxonomy":"product_tag","embeddable":true,"href":"https:\/\/roveyayinevi.com.tr\/index.php\/wp-json\/wp\/v2\/product_tag?post=702420"}],"curies":[{"name":"wp","href":"https:\/\/api.w.org\/{rel}","templated":true}]}}