{"id":702418,"date":"2025-08-27T15:16:17","date_gmt":"2025-08-27T12:16:17","guid":{"rendered":"https:\/\/roveyayinevi.com.tr\/index.php\/urun\/havada-kalan-sorular-yolcu-ucagi-ucus-ile-ilgili-sorulariniz-ve-cevaplari\/"},"modified":"2026-04-16T02:11:43","modified_gmt":"2026-04-15T23:11:43","slug":"havada-kalan-sorular-yolcu-ucagi-ucus-ile-ilgili-sorulariniz-ve-cevaplari","status":"publish","type":"product","link":"https:\/\/roveyayinevi.com.tr\/index.php\/urun\/havada-kalan-sorular-yolcu-ucagi-ucus-ile-ilgili-sorulariniz-ve-cevaplari\/","title":{"rendered":"Havada Kalan Sorular &#8211; Yolcu U\u00e7a\u011f\u0131, U\u00e7u\u015f ile \u0130lgili Sorular\u0131n\u0131z ve Cevaplar\u0131"},"content":{"rendered":"<p>G\u00fcn\u00fcm\u00fczde yolcu u\u00e7aklar\u0131 yayg\u0131nla\u015fsa da hala i\u00e7imizde u\u00e7a\u011fa kar\u015f\u0131 bilinmeyen korkular ve cevaplanmas\u0131 gereken fakat tam a\u00e7\u0131klanmam\u0131\u015f \u00e7ok fazla sorunun var oldu\u011funu d\u00fc\u015f\u00fcn\u00fcyorum. Bilinmeyen \u015feyler insanlar\u0131n kafas\u0131nda her zaman bir teredd\u00fct ve korku olu\u015fturur. Hele hele saatte ortalama 850 km gibi muazzam bir h\u0131zla giden ta\u015f\u0131t\u0131n i\u00e7erisinde ve g\u00f6ky\u00fcz\u00fcnde iken&#8230; Pilot acil durumlarda arkadaki yolcuyu d\u00fc\u015f\u00fcn\u00fcr m\u00fc? Hava bo\u015flu\u011fu nedir? Kanatlar\u0131m\u0131z k\u0131r\u0131l\u0131r m\u0131? F\u0131rt\u0131na bulutlar\u0131 gibi k\u00f6t\u00fc hava \u015fartlar\u0131nda u\u00e7ak d\u00fc\u015fer mi? U\u00e7a\u011f\u0131n t\u00fcm motorlar\u0131 durabilir mi? Durursa ne olur? Neden u\u00e7u\u015f boyunca kemerlerimiz ba\u011fl\u0131 kalmal\u0131d\u0131r? Neden r\u00f6tar olur? Pilotlar u\u00e7an daire g\u00f6r\u00fcyor mu? U\u00e7aklar inerken niye burunlar\u0131 yukar\u0131da gelir? En son g\u00f6klerde kaybolan u\u00e7ak, yeni u\u00e7aklarda nas\u0131l sonu\u00e7lar do\u011furur? Ve bunun gibi y\u00fczlerce soru ve cevab\u0131\u2026 Bu kitap ile \u00f6ncelikle u\u00e7a\u011f\u0131 seyahatlerinde kullanan de\u011ferli yolcular\u0131m\u0131z\u0131n sonra da havac\u0131l\u0131k sevdas\u0131 ile g\u00f6klerde g\u00f6rev almak isteyen gen\u00e7lerimizin kafalar\u0131nda kalan sorulara pilot g\u00f6z\u00fcyle cevap vermeye \u00e7al\u0131\u015ft\u0131m. Umar\u0131m sizlerden gelen sorular\u0131n \u00e7o\u011funa cevap verebilmi\u015fimdir. Bir g\u00fcn sizlerle g\u00f6klerde u\u00e7mak dile\u011fiyle&#8230; Kaptan Pilot MENDERES \u00c7AKICI <\/p>\n","protected":false},"excerpt":{"rendered":"<p>G\u00fcn\u00fcm\u00fczde yolcu u\u00e7aklar\u0131 yayg\u0131nla\u015fsa da hala i\u00e7imizde u\u00e7a\u011fa kar\u015f\u0131 bilinmeyen korkular ve cevaplanmas\u0131 gereken fakat tam a\u00e7\u0131klanmam\u0131\u015f \u00e7ok fazla sorunun var oldu\u011funu d\u00fc\u015f\u00fcn\u00fcyorum. Bilinmeyen \u015feyler insanlar\u0131n<span class=\"excerpt-hellip\"> [\u2026]<\/span><\/p>\n","protected":false},"featured_media":0,"template":"","meta":{"_monsterinsights_skip_tracking":false,"_monsterinsights_sitenote_active":false,"_monsterinsights_sitenote_note":"","_monsterinsights_sitenote_category":0},"product_brand":[],"product_cat":[12777,12291],"product_tag":[],"class_list":{"0":"post-702418","1":"product","2":"type-product","3":"status-publish","5":"product_cat-deneme","6":"product_cat-edebiyat","7":"pa_cilt-ciltsiz","8":"pa_tur-kitap","9":"pa_yayinevi-efil-yayinevi","10":"pa_yazar-menderes-cakici","12":"first","13":"instock","14":"sale","15":"shipping-taxable","16":"purchasable","17":"product-type-simple"},"_links":{"self":[{"href":"https:\/\/roveyayinevi.com.tr\/index.php\/wp-json\/wp\/v2\/product\/702418","targetHints":{"allow":["GET"]}}],"collection":[{"href":"https:\/\/roveyayinevi.com.tr\/index.php\/wp-json\/wp\/v2\/product"}],"about":[{"href":"https:\/\/roveyayinevi.com.tr\/index.php\/wp-json\/wp\/v2\/types\/product"}],"wp:attachment":[{"href":"https:\/\/roveyayinevi.com.tr\/index.php\/wp-json\/wp\/v2\/media?parent=702418"}],"wp:term":[{"taxonomy":"product_brand","embeddable":true,"href":"https:\/\/roveyayinevi.com.tr\/index.php\/wp-json\/wp\/v2\/product_brand?post=702418"},{"taxonomy":"product_cat","embeddable":true,"href":"https:\/\/roveyayinevi.com.tr\/index.php\/wp-json\/wp\/v2\/product_cat?post=702418"},{"taxonomy":"product_tag","embeddable":true,"href":"https:\/\/roveyayinevi.com.tr\/index.php\/wp-json\/wp\/v2\/product_tag?post=702418"}],"curies":[{"name":"wp","href":"https:\/\/api.w.org\/{rel}","templated":true}]}}