{"id":702415,"date":"2025-08-27T15:16:16","date_gmt":"2025-08-27T12:16:16","guid":{"rendered":"https:\/\/roveyayinevi.com.tr\/index.php\/urun\/kucuk-prens-3\/"},"modified":"2026-04-16T02:11:43","modified_gmt":"2026-04-15T23:11:43","slug":"kucuk-prens-3","status":"publish","type":"product","link":"https:\/\/roveyayinevi.com.tr\/index.php\/urun\/kucuk-prens-3\/","title":{"rendered":"K\u00fc\u00e7\u00fck Prens"},"content":{"rendered":"<p>\u201cSenin ya\u015fad\u0131\u011f\u0131n yerdeki insanlar,\u201d dedi K\u00fc\u00e7\u00fck Prens, \u201cbir bah\u00e7enin i\u00e7inde binlerce g\u00fcl yeti\u015ftiriyor ve yine de arad\u0131klar\u0131n\u0131 bulam\u0131yorlar.\u201d \u201cDo\u011fru, bulam\u0131yorlar.\u201d \u201cVe asl\u0131nda arad\u0131klar\u0131 \u015feyi, tek bir g\u00fclde veya bir avu\u00e7 suda bulabilirlerdi.\u201d \u201cElbette.\u201d Ve K\u00fc\u00e7\u00fck Prens ekledi: \u201cAma g\u00f6zler g\u00f6remez. \u0130nsan\u0131n kalbiyle aramas\u0131 gerekir.\u201d \ufffc<\/p>\n","protected":false},"excerpt":{"rendered":"<p>\u201cSenin ya\u015fad\u0131\u011f\u0131n yerdeki insanlar,\u201d dedi K\u00fc\u00e7\u00fck Prens, \u201cbir bah\u00e7enin i\u00e7inde binlerce g\u00fcl yeti\u015ftiriyor ve yine de arad\u0131klar\u0131n\u0131 bulam\u0131yorlar.\u201d \u201cDo\u011fru, bulam\u0131yorlar.\u201d \u201cVe asl\u0131nda arad\u0131klar\u0131 \u015feyi, tek bir<span class=\"excerpt-hellip\"> [\u2026]<\/span><\/p>\n","protected":false},"featured_media":0,"template":"","meta":{"_monsterinsights_skip_tracking":false,"_monsterinsights_sitenote_active":false,"_monsterinsights_sitenote_note":"","_monsterinsights_sitenote_category":0},"product_brand":[],"product_cat":[12913,12274],"product_tag":[],"class_list":{"0":"post-702415","1":"product","2":"type-product","3":"status-publish","5":"product_cat-3-6-yas-kitaplari","6":"product_cat-cocuk-ve-genclik-kitaplari","7":"pa_cilt-ciltsiz","8":"pa_tur-kitap","9":"pa_yayinevi-fom-kitap","10":"pa_yazar-antonie-de-saint-exupery","12":"first","13":"instock","14":"sale","15":"shipping-taxable","16":"purchasable","17":"product-type-simple"},"_links":{"self":[{"href":"https:\/\/roveyayinevi.com.tr\/index.php\/wp-json\/wp\/v2\/product\/702415","targetHints":{"allow":["GET"]}}],"collection":[{"href":"https:\/\/roveyayinevi.com.tr\/index.php\/wp-json\/wp\/v2\/product"}],"about":[{"href":"https:\/\/roveyayinevi.com.tr\/index.php\/wp-json\/wp\/v2\/types\/product"}],"wp:attachment":[{"href":"https:\/\/roveyayinevi.com.tr\/index.php\/wp-json\/wp\/v2\/media?parent=702415"}],"wp:term":[{"taxonomy":"product_brand","embeddable":true,"href":"https:\/\/roveyayinevi.com.tr\/index.php\/wp-json\/wp\/v2\/product_brand?post=702415"},{"taxonomy":"product_cat","embeddable":true,"href":"https:\/\/roveyayinevi.com.tr\/index.php\/wp-json\/wp\/v2\/product_cat?post=702415"},{"taxonomy":"product_tag","embeddable":true,"href":"https:\/\/roveyayinevi.com.tr\/index.php\/wp-json\/wp\/v2\/product_tag?post=702415"}],"curies":[{"name":"wp","href":"https:\/\/api.w.org\/{rel}","templated":true}]}}