{"id":702414,"date":"2025-08-27T15:16:15","date_gmt":"2025-08-27T12:16:15","guid":{"rendered":"https:\/\/roveyayinevi.com.tr\/index.php\/urun\/nakit-akisi-olcum-ceyregi\/"},"modified":"2025-10-20T03:21:50","modified_gmt":"2025-10-20T00:21:50","slug":"nakit-akisi-olcum-ceyregi","status":"publish","type":"product","link":"https:\/\/roveyayinevi.com.tr\/index.php\/urun\/nakit-akisi-olcum-ceyregi\/","title":{"rendered":"Nakit Ak\u0131\u015f\u0131 &#8211; \u00d6l\u00e7\u00fcm \u00c7eyre\u011fi"},"content":{"rendered":"<p>\u00d6l\u00e7\u00fcm \u00c7eyre\u011fi kimilerinin neden daha az \u00e7al\u0131\u015f\u0131p daha \u00e7ok kazand\u0131klar\u0131na, daha az vergi \u00f6dediklerine ama ba\u015fkalar\u0131na g\u00f6re kendilerini mali a\u00e7\u0131dan neden daha \u00e7ok g\u00fcvende hissettiklerine \u0131\u015f\u0131k tutuyor. \u0130\u015fin s\u0131rr\u0131 \u00d6l\u00e7\u00fcm \u00c7eyre\u011finin hangi diliminde \u00e7al\u0131\u015faca\u011f\u0131n\u0131z\u0131 ve zaman\u0131n\u0131 bilmekte. Hi\u00e7 merak ettiniz mi?\u00c7al\u0131\u015fan biri olmakla i\u015f sahibi olmak aras\u0131ndaki fark\u0131&#8230;Baz\u0131 yat\u0131r\u0131mc\u0131lar daha az risk alarak daha \u00e7ok para kazan\u0131rken, \u00f6tekilerin neden k\u00e2r bile edemediklerini&#8230;\u00c7al\u0131\u015fanlar\u0131n \u00e7o\u011fu bir i\u015fyerinden di\u011ferine s\u00fcrekli yer de\u011fi\u015ftirirken, baz\u0131lar\u0131n\u0131n kendi i\u015f imparatorluklar\u0131n\u0131 kurmak \u00fczere neden i\u015flerinden ayr\u0131ld\u0131klar\u0131n\u0131&#8230;Sanayi \u00c7a\u011f\u0131nda \u00e7o\u011fu ebeveyn \u00e7ocuklar\u0131n\u0131n doktor, muhasebeci ya da avukat  olmas\u0131n\u0131 isterken, Bilgi \u00c7a\u011f\u0131nda bu mesleklerin neden mali topa tutuldu\u011funu&#8230;\u00dcniversitelerden mezun olan parlak \u00f6\u011frencilerinin bir\u00e7o\u011funun \u00f6\u011frenimini yar\u0131da b\u0131rakm\u0131\u015f kimselerin, \u00f6rne\u011fin Microsoft\u2019ta Bill Gates\u2019in, Virgin Industries\u2019de Richard Branson\u2019\u0131n, Dell Computers\u2019da Michael Dell\u2019in, CNN\u2019de Ted Turner\u2019\u0131n yan\u0131nda \u00e7al\u0131\u015fmak istedikleri dikkatinizi \u00e7ekti mi hi\u00e7? Okulu terk eden bu insanlar bug\u00fcn\u00fcn \u201cultra\u201d zenginleri.\u201d Bu kitap bunlar gibi pek \u00e7ok soruya yan\u0131t verirken ayn\u0131 zamanda h\u0131zl\u0131 bir mali d\u00f6n\u00fc\u015f\u00fcmden ge\u00e7en bir d\u00fcnyada kendi yolunuzu bulman\u0131za yard\u0131mc\u0131 oluyor.    <\/p>\n","protected":false},"excerpt":{"rendered":"<p>\u00d6l\u00e7\u00fcm \u00c7eyre\u011fi kimilerinin neden daha az \u00e7al\u0131\u015f\u0131p daha \u00e7ok kazand\u0131klar\u0131na, daha az vergi \u00f6dediklerine ama ba\u015fkalar\u0131na g\u00f6re kendilerini mali a\u00e7\u0131dan neden daha \u00e7ok g\u00fcvende hissettiklerine \u0131\u015f\u0131k<span class=\"excerpt-hellip\"> [\u2026]<\/span><\/p>\n","protected":false},"featured_media":0,"template":"","meta":{"_monsterinsights_skip_tracking":false,"_monsterinsights_sitenote_active":false,"_monsterinsights_sitenote_note":"","_monsterinsights_sitenote_category":0},"product_brand":[],"product_cat":[13043,14754],"product_tag":[],"class_list":{"0":"post-702414","1":"product","2":"type-product","3":"status-publish","5":"product_cat-ekonomi","6":"product_cat-halkla-iliskiler-insan-kaynaklari","7":"pa_cilt-ciltsiz","8":"pa_tur-kitap","9":"pa_yayinevi-alfa-yayinlari","10":"pa_yazar-robert-t-kiyosaki","12":"first","13":"instock","14":"sale","15":"shipping-taxable","16":"purchasable","17":"product-type-simple"},"_links":{"self":[{"href":"https:\/\/roveyayinevi.com.tr\/index.php\/wp-json\/wp\/v2\/product\/702414","targetHints":{"allow":["GET"]}}],"collection":[{"href":"https:\/\/roveyayinevi.com.tr\/index.php\/wp-json\/wp\/v2\/product"}],"about":[{"href":"https:\/\/roveyayinevi.com.tr\/index.php\/wp-json\/wp\/v2\/types\/product"}],"wp:attachment":[{"href":"https:\/\/roveyayinevi.com.tr\/index.php\/wp-json\/wp\/v2\/media?parent=702414"}],"wp:term":[{"taxonomy":"product_brand","embeddable":true,"href":"https:\/\/roveyayinevi.com.tr\/index.php\/wp-json\/wp\/v2\/product_brand?post=702414"},{"taxonomy":"product_cat","embeddable":true,"href":"https:\/\/roveyayinevi.com.tr\/index.php\/wp-json\/wp\/v2\/product_cat?post=702414"},{"taxonomy":"product_tag","embeddable":true,"href":"https:\/\/roveyayinevi.com.tr\/index.php\/wp-json\/wp\/v2\/product_tag?post=702414"}],"curies":[{"name":"wp","href":"https:\/\/api.w.org\/{rel}","templated":true}]}}