{"id":702413,"date":"2025-08-27T15:16:15","date_gmt":"2025-08-27T12:16:15","guid":{"rendered":"https:\/\/roveyayinevi.com.tr\/index.php\/urun\/eglenceli-seyler-kitabi\/"},"modified":"2026-04-16T02:11:43","modified_gmt":"2026-04-15T23:11:43","slug":"eglenceli-seyler-kitabi","status":"publish","type":"product","link":"https:\/\/roveyayinevi.com.tr\/index.php\/urun\/eglenceli-seyler-kitabi\/","title":{"rendered":"E\u011flenceli \u015eeyler Kitab\u0131"},"content":{"rendered":"<p>\u00c7ocuk edebiyat\u0131n\u0131n bol \u00f6d\u00fcll\u00fc, usta kalemi Mavisel Yener\u2019den e\u011flenceli, s\u0131ra d\u0131\u015f\u0131, \u015fa\u015f\u0131rt\u0131c\u0131 deneyimler sunan bir kitap. B\u00fcy\u00fcy\u00fcnce yazar olmay\u0131 d\u00fc\u015fleyen \u00e7ocuklara yepyeni pencereler a\u00e7\u0131l\u0131yor. Okumay\u0131 seven \u00e7ocuklar\u0131 bekleyen s\u00fcrprizler sayfalarda onlara g\u00fcl\u00fcms\u00fcyor. Yarat\u0131c\u0131 okuma ve yazma \u00e7al\u0131\u015fmalar\u0131 yapt\u0131rmak isteyen \u00f6\u011fretmenler i\u00e7in de bir arma\u011fan\u2026 \u00d6yk\u00fc, masal, \u015fiir, deneme, an\u0131, \u00e7izgi roman, bilmece, bulmaca ve daha pek \u00e7o\u011fu E\u011flenceli \u015eeyler Kitab\u0131&#8217;nda \u00e7ocuklara g\u00fcl\u00fcms\u00fcyor. <\/p>\n","protected":false},"excerpt":{"rendered":"<p>\u00c7ocuk edebiyat\u0131n\u0131n bol \u00f6d\u00fcll\u00fc, usta kalemi Mavisel Yener\u2019den e\u011flenceli, s\u0131ra d\u0131\u015f\u0131, \u015fa\u015f\u0131rt\u0131c\u0131 deneyimler sunan bir kitap. B\u00fcy\u00fcy\u00fcnce yazar olmay\u0131 d\u00fc\u015fleyen \u00e7ocuklara yepyeni pencereler a\u00e7\u0131l\u0131yor. Okumay\u0131 seven<span class=\"excerpt-hellip\"> [\u2026]<\/span><\/p>\n","protected":false},"featured_media":0,"template":"","meta":{"_monsterinsights_skip_tracking":false,"_monsterinsights_sitenote_active":false,"_monsterinsights_sitenote_note":"","_monsterinsights_sitenote_category":0},"product_brand":[],"product_cat":[12274,12631],"product_tag":[],"class_list":{"0":"post-702413","1":"product","2":"type-product","3":"status-publish","5":"product_cat-cocuk-ve-genclik-kitaplari","6":"product_cat-diger-cocuk-ve-genclik-kitaplari","7":"pa_cilt-ciltli","8":"pa_tur-kitap","9":"pa_yayinevi-bilgi-yayinevi-cocuk","10":"pa_yazar-mavisel-yener","12":"first","13":"instock","14":"sale","15":"shipping-taxable","16":"purchasable","17":"product-type-simple"},"_links":{"self":[{"href":"https:\/\/roveyayinevi.com.tr\/index.php\/wp-json\/wp\/v2\/product\/702413","targetHints":{"allow":["GET"]}}],"collection":[{"href":"https:\/\/roveyayinevi.com.tr\/index.php\/wp-json\/wp\/v2\/product"}],"about":[{"href":"https:\/\/roveyayinevi.com.tr\/index.php\/wp-json\/wp\/v2\/types\/product"}],"wp:attachment":[{"href":"https:\/\/roveyayinevi.com.tr\/index.php\/wp-json\/wp\/v2\/media?parent=702413"}],"wp:term":[{"taxonomy":"product_brand","embeddable":true,"href":"https:\/\/roveyayinevi.com.tr\/index.php\/wp-json\/wp\/v2\/product_brand?post=702413"},{"taxonomy":"product_cat","embeddable":true,"href":"https:\/\/roveyayinevi.com.tr\/index.php\/wp-json\/wp\/v2\/product_cat?post=702413"},{"taxonomy":"product_tag","embeddable":true,"href":"https:\/\/roveyayinevi.com.tr\/index.php\/wp-json\/wp\/v2\/product_tag?post=702413"}],"curies":[{"name":"wp","href":"https:\/\/api.w.org\/{rel}","templated":true}]}}