{"id":702409,"date":"2025-08-27T15:16:13","date_gmt":"2025-08-27T12:16:13","guid":{"rendered":"https:\/\/roveyayinevi.com.tr\/index.php\/urun\/karanligin-sonu\/"},"modified":"2026-01-29T02:20:56","modified_gmt":"2026-01-28T23:20:56","slug":"karanligin-sonu","status":"publish","type":"product","link":"https:\/\/roveyayinevi.com.tr\/index.php\/urun\/karanligin-sonu\/","title":{"rendered":"Karanl\u0131\u011f\u0131n Sonu"},"content":{"rendered":"<p>Karanl\u0131\u011f\u0131n Sonu\u2026\u2019nda yer alan yaz\u0131lar, bir \u201cdurum saptamas\u0131\u201d yapma g\u00f6revini \u00fcstleniyor: T\u00fcrkiye\u2019de iktidar partisinin ko\u00e7ba\u015fl\u0131\u011f\u0131n\u0131 \u00fcstlendi\u011fi neo-liberal sald\u0131rganl\u0131\u011f\u0131n ya\u015fam\u0131n her alan\u0131na n\u00fcfuz edi\u015fi\u2026 AKP\u2019nin \u201ca\u00e7\u0131l\u0131m\u0131\/kapan\u0131\u201d bab\u0131nda co\u011frafyan\u0131n kanayan yaras\u0131, filizlenen umudu K\u00fcrt sorunu&#8230; Nihayet, iktidar\u0131n \u201cdemokratikle\u015fme s\u00f6ylenceleri\u201dne kar\u015f\u0131, g\u00fcn\u00fcm\u00fcz\u00fcn iktisad\u00ee siyasalar\u0131n\u0131n izini 12 Eyl\u00fcl rejimine dek s\u00fcrerek 12 Eyl\u00fcl\u2019\u00fcn \u201cg\u00fcncelli\u011fi\u201dni tart\u0131\u015fmaya a\u00e7\u0131yor. O g\u00f6rkemli Haziran 2013\u2019\u00fcn yazd\u0131rd\u0131\u011f\u0131 yaz\u0131lar\u2026 Umut, co\u015fku, sevin\u00e7, ac\u0131\u2026 Bu yaz\u0131lar bir yandan da \u201cliberal\u201d, \u201cdemokrat\u201d, \u201cho\u015fg\u00f6r\u00fcl\u00fc\u201d AKP iktidar\u0131n\u0131n i\u00e7inden, bu ilk ciddi muhalefet kar\u015f\u0131s\u0131nda 12 Eyl\u00fcl hortla\u011f\u0131n\u0131n nas\u0131l f\u0131\u015fk\u0131rd\u0131\u011f\u0131n\u0131n izini s\u00fcr\u00fcyor\u2026 \u0130nan\u0131n, bu \u00fclkede art\u0131k bask\u0131lar\u0131n, s\u00f6m\u00fcr\u00fcn\u00fcn, tahakk\u00fcm\u00fcn, umutsuzlu\u011fun, umars\u0131zl\u0131\u011f\u0131n de\u011fil, direni\u015fin, isyan\u0131n, umudun kitaplar\u0131 yaz\u0131lacak. Ethem Sar\u0131s\u00fcl\u00fck, Abdullah C\u00f6mert, Mehmet Ayval\u0131ta\u015f, Ali \u0130smail Korkmaz, Medeni Y\u0131ld\u0131r\u0131m, Ahmet Atakan, Hasan Ferit Gedik, Berkin Elvan\u2026 silkinip kalkacaklar kabirlerinden; ellerinde bir g\u00fcne\u015f gibi ta\u015f\u0131yarak yaralar\u0131n\u0131\u2026 Karanl\u0131\u011f\u0131n Sonu, bu umut ve bu g\u00fcvenle Onlar\u0131n an\u0131lar\u0131na ithaf edildi; sayg\u0131yla, sevgiyle, minnetle\u2026 <\/p>\n","protected":false},"excerpt":{"rendered":"<p>Karanl\u0131\u011f\u0131n Sonu\u2026\u2019nda yer alan yaz\u0131lar, bir \u201cdurum saptamas\u0131\u201d yapma g\u00f6revini \u00fcstleniyor: T\u00fcrkiye\u2019de iktidar partisinin ko\u00e7ba\u015fl\u0131\u011f\u0131n\u0131 \u00fcstlendi\u011fi neo-liberal sald\u0131rganl\u0131\u011f\u0131n ya\u015fam\u0131n her alan\u0131na n\u00fcfuz edi\u015fi\u2026 AKP\u2019nin \u201ca\u00e7\u0131l\u0131m\u0131\/kapan\u0131\u201d bab\u0131nda<span class=\"excerpt-hellip\"> [\u2026]<\/span><\/p>\n","protected":false},"featured_media":0,"template":"","meta":{"_monsterinsights_skip_tracking":false,"_monsterinsights_sitenote_active":false,"_monsterinsights_sitenote_note":"","_monsterinsights_sitenote_category":0},"product_brand":[],"product_cat":[12337,14543],"product_tag":[],"class_list":{"0":"post-702409","1":"product","2":"type-product","3":"status-publish","5":"product_cat-politika-siyaset","6":"product_cat-turkiye-siyaseti-ve-politikasi","7":"pa_cilt-ciltsiz","8":"pa_tur-kitap","9":"pa_yayinevi-utopya-yayinevi","10":"pa_yazar-sibel-ozbudun","12":"first","13":"instock","14":"sale","15":"shipping-taxable","16":"purchasable","17":"product-type-simple"},"_links":{"self":[{"href":"https:\/\/roveyayinevi.com.tr\/index.php\/wp-json\/wp\/v2\/product\/702409","targetHints":{"allow":["GET"]}}],"collection":[{"href":"https:\/\/roveyayinevi.com.tr\/index.php\/wp-json\/wp\/v2\/product"}],"about":[{"href":"https:\/\/roveyayinevi.com.tr\/index.php\/wp-json\/wp\/v2\/types\/product"}],"wp:attachment":[{"href":"https:\/\/roveyayinevi.com.tr\/index.php\/wp-json\/wp\/v2\/media?parent=702409"}],"wp:term":[{"taxonomy":"product_brand","embeddable":true,"href":"https:\/\/roveyayinevi.com.tr\/index.php\/wp-json\/wp\/v2\/product_brand?post=702409"},{"taxonomy":"product_cat","embeddable":true,"href":"https:\/\/roveyayinevi.com.tr\/index.php\/wp-json\/wp\/v2\/product_cat?post=702409"},{"taxonomy":"product_tag","embeddable":true,"href":"https:\/\/roveyayinevi.com.tr\/index.php\/wp-json\/wp\/v2\/product_tag?post=702409"}],"curies":[{"name":"wp","href":"https:\/\/api.w.org\/{rel}","templated":true}]}}