{"id":702406,"date":"2025-08-27T15:16:12","date_gmt":"2025-08-27T12:16:12","guid":{"rendered":"https:\/\/roveyayinevi.com.tr\/index.php\/urun\/felsefe-i-zenan-letaif-i-rivayat\/"},"modified":"2026-04-16T02:11:43","modified_gmt":"2026-04-15T23:11:43","slug":"felsefe-i-zenan-letaif-i-rivayat","status":"publish","type":"product","link":"https:\/\/roveyayinevi.com.tr\/index.php\/urun\/felsefe-i-zenan-letaif-i-rivayat\/","title":{"rendered":"Felsefe-i Zenan (Letaif-i Rivayat)"},"content":{"rendered":"<p>Tanzimat edebiyat\u0131n\u0131n \u00f6nc\u00fc ve \u00fcretken kalemi Ahmet Mithat Efendi\u2019nin hen\u00fcz 28 ya\u015f\u0131ndayken kaleme ald\u0131\u011f\u0131 Felsefe-i Zenan (Kad\u0131nlar\u0131n Felsefesi), Letaif-i Rivayat adl\u0131 hik\u00e2ye koleksiyonunun en k\u0131ymetli c\u00fczlerinden biri olmakla beraber kad\u0131n sorununa ses veren ilk yerli eserdir. Bu yap\u0131t\u0131nda, Tanzimat\u2019tan sonra en \u00e7ok de\u011fi\u015fime u\u011frayan kurumlardan biri olan ailenin mevcut geleneksel yap\u0131s\u0131n\u0131n, kad\u0131nlar\u0131n hayat\u0131n\u0131 ne denli y\u0131k\u0131c\u0131 bir d\u00f6n\u00fc\u015f\u00fcme u\u011fratt\u0131\u011f\u0131na odaklanan yazar Akile, Faz\u0131la ve Zekiye gibi sembolik anlamlar y\u00fckledi\u011fi \u00fc\u00e7 s\u0131rad\u0131\u015f\u0131 kad\u0131n\u0131n ya\u015fam\u0131n\u0131 anlat\u0131r. Evlili\u011fin bekas\u0131 u\u011fruna kendilerini feda etmemi\u015f; e\u011fitimin, \u00fcretimin ve ekonomik \u00f6zg\u00fcrl\u00fc\u011f\u00fcn de\u011ferini \u00f6z\u00fcmsemi\u015f bu kad\u0131nlar d\u00f6nemin toplumsal ya\u015fant\u0131s\u0131n\u0131n gereklerine kar\u015f\u0131 da birer z\u0131rh ku\u015fanm\u0131\u015flard\u0131r. Aile kurumuna atfedilen \u00f6nemi sarsmas\u0131n\u0131n yan\u0131 s\u0131ra mektup-roman tarz\u0131n\u0131n T\u00fcrk\u00e7edeki ilk \u00f6rne\u011fi olan bu eseri, Osmanl\u0131ca orijinaliyle birlikte sunuyoruz. <\/p>\n","protected":false},"excerpt":{"rendered":"<p>Tanzimat edebiyat\u0131n\u0131n \u00f6nc\u00fc ve \u00fcretken kalemi Ahmet Mithat Efendi\u2019nin hen\u00fcz 28 ya\u015f\u0131ndayken kaleme ald\u0131\u011f\u0131 Felsefe-i Zenan (Kad\u0131nlar\u0131n Felsefesi), Letaif-i Rivayat adl\u0131 hik\u00e2ye koleksiyonunun en k\u0131ymetli c\u00fczlerinden<span class=\"excerpt-hellip\"> [\u2026]<\/span><\/p>\n","protected":false},"featured_media":0,"template":"","meta":{"_monsterinsights_skip_tracking":false,"_monsterinsights_sitenote_active":false,"_monsterinsights_sitenote_note":"","_monsterinsights_sitenote_category":0},"product_brand":[],"product_cat":[14741,13488],"product_tag":[],"class_list":{"0":"post-702406","1":"product","2":"type-product","3":"status-publish","5":"product_cat-kadin-sorunlari-feminizm","6":"product_cat-toplum-ve-insan","7":"pa_cilt-ciltsiz","8":"pa_tur-kitap","9":"pa_yayinevi-sel-yayincilik","10":"pa_yazar-ahmet-mithat-efendi","12":"first","13":"instock","14":"sale","15":"shipping-taxable","16":"purchasable","17":"product-type-simple"},"_links":{"self":[{"href":"https:\/\/roveyayinevi.com.tr\/index.php\/wp-json\/wp\/v2\/product\/702406","targetHints":{"allow":["GET"]}}],"collection":[{"href":"https:\/\/roveyayinevi.com.tr\/index.php\/wp-json\/wp\/v2\/product"}],"about":[{"href":"https:\/\/roveyayinevi.com.tr\/index.php\/wp-json\/wp\/v2\/types\/product"}],"wp:attachment":[{"href":"https:\/\/roveyayinevi.com.tr\/index.php\/wp-json\/wp\/v2\/media?parent=702406"}],"wp:term":[{"taxonomy":"product_brand","embeddable":true,"href":"https:\/\/roveyayinevi.com.tr\/index.php\/wp-json\/wp\/v2\/product_brand?post=702406"},{"taxonomy":"product_cat","embeddable":true,"href":"https:\/\/roveyayinevi.com.tr\/index.php\/wp-json\/wp\/v2\/product_cat?post=702406"},{"taxonomy":"product_tag","embeddable":true,"href":"https:\/\/roveyayinevi.com.tr\/index.php\/wp-json\/wp\/v2\/product_tag?post=702406"}],"curies":[{"name":"wp","href":"https:\/\/api.w.org\/{rel}","templated":true}]}}