{"id":702405,"date":"2025-08-27T15:16:12","date_gmt":"2025-08-27T12:16:12","guid":{"rendered":"https:\/\/roveyayinevi.com.tr\/index.php\/urun\/makedonyali-iskender\/"},"modified":"2026-04-16T02:11:43","modified_gmt":"2026-04-15T23:11:43","slug":"makedonyali-iskender","status":"publish","type":"product","link":"https:\/\/roveyayinevi.com.tr\/index.php\/urun\/makedonyali-iskender\/","title":{"rendered":"Makedonyal\u0131 \u0130skender"},"content":{"rendered":"<p>B\u00fcy\u00fck \u0130skender\u2019in d\u00fcnyas\u0131 hakk\u0131nda asl\u0131nda hi\u00e7 de o kadar bilgi sahibi de\u011filiz ve onun karakteri hakk\u0131nda bug\u00fcn\u00fcn \u015fartlar\u0131yla saptamalar yapmaya \u00e7al\u0131\u015fmak da yarars\u0131z bir u\u011fra\u015ft\u0131r. \u0130skender b\u00fcy\u00fck bir fatih miydi, sava\u015flarda usta biri miydi, bir devlet adam\u0131 m\u0131yd\u0131, bir ka\u015fif ya da bilimle u\u011fra\u015fan bir filozof muydu? Bu s\u00f6ylenenlerin belki de hi\u00e7biri ona tam olarak uymayacakt\u0131r. \u0130skender\u2019i bir fatih olarak Cengiz Han gibi bir adamla kar\u015f\u0131la\u015ft\u0131rmak m\u00fcmk\u00fcn m\u00fcd\u00fcr? Her ikisi de farkl\u0131 ama\u00e7larla farkl\u0131 sonu\u00e7lara ula\u015fm\u0131\u015flard\u0131r; Cengiz Han\u2019\u0131n amac\u0131n\u0131n ne oldu\u011fu bellidir ama \u0130skender\u2019inkinin ne oldu\u011funu bilmek m\u00fcmk\u00fcn olmam\u0131\u015ft\u0131r. \u0130skender ger\u00e7ekten de bilimsel felsefede sadece Aristotales\u2019in fikirlerini mi benimsemi\u015ftir? Her zaman g\u00f6zden ka\u00e7an bir bir durum varsa o da \u0130skender\u2019in ya\u015fad\u0131\u011f\u0131m\u0131z d\u00fcnyadaki en iyi ka\u015fiflerden birisi oldu\u011fudur. B\u00fct\u00fcn bunlar\u0131 yaparken fark edilmesi g\u00fc\u00e7 ama \u00e7ok \u00f6nemli olan insanlar\u0131 da harekete ge\u00e7irmi\u015ftir. \u0130skender\u2019in hayat\u0131ndaki en b\u00fcy\u00fck \u00e7eli\u015fkilerden biri de budur. Asl\u0131n \u00f6nemli olan da \u0130skender\u2019in varl\u0131\u011f\u0131n\u0131n etkisinin \u00f6l\u00fcm\u00fcne kadar ger\u00e7ekten de anla\u015f\u0131lmam\u0131\u015f olmas\u0131d\u0131r. Onunla birlikte ortaya \u00e7\u0131kan g\u00fc\u00e7l\u00fc insanlar\u0131n neredeyse hepsi de insanl\u0131k tarihinde \u00f6nemli izler b\u0131rakm\u0131\u015flard\u0131r. Bu izler varl\u0131klar\u0131n\u0131 uzun s\u00fcre korumu\u015f ve zaten kolayl\u0131kla da g\u00f6r\u00fclebilecek \u015feylerdir. Bir \u201ckral\u0131n d\u00fcnyan\u0131na sonuna ula\u015fmak\u201d i\u00e7in yapt\u0131\u011f\u0131 yolculu\u011funu okuyaca\u011f\u0131n\u0131z bu kitapta, B\u00fcy\u00fck \u0130skender\u2019le yolculuk edecek, onun hayat hikayesini okurken \u00f6\u011freneceklerinizin bug\u00fcne nas\u0131l ve ne \u015fekilde yans\u0131d\u0131\u011f\u0131n\u0131 da yapaca\u011f\u0131n\u0131z \u00e7\u0131kar\u0131mlarla anlam\u0131\u015f olacaks\u0131n\u0131z. <\/p>\n","protected":false},"excerpt":{"rendered":"<p>B\u00fcy\u00fck \u0130skender\u2019in d\u00fcnyas\u0131 hakk\u0131nda asl\u0131nda hi\u00e7 de o kadar bilgi sahibi de\u011filiz ve onun karakteri hakk\u0131nda bug\u00fcn\u00fcn \u015fartlar\u0131yla saptamalar yapmaya \u00e7al\u0131\u015fmak da yarars\u0131z bir u\u011fra\u015ft\u0131r. \u0130skender<span class=\"excerpt-hellip\"> [\u2026]<\/span><\/p>\n","protected":false},"featured_media":0,"template":"","meta":{"_monsterinsights_skip_tracking":false,"_monsterinsights_sitenote_active":false,"_monsterinsights_sitenote_note":"","_monsterinsights_sitenote_category":0},"product_brand":[],"product_cat":[12291,12745],"product_tag":[],"class_list":{"0":"post-702405","1":"product","2":"type-product","3":"status-publish","5":"product_cat-edebiyat","6":"product_cat-tarihi-roman","7":"pa_cilt-ciltsiz","8":"pa_tur-kitap","9":"pa_yayinevi-parola-yayinlari","10":"pa_yazar-harold-lamb","12":"first","13":"instock","14":"sale","15":"shipping-taxable","16":"purchasable","17":"product-type-simple"},"_links":{"self":[{"href":"https:\/\/roveyayinevi.com.tr\/index.php\/wp-json\/wp\/v2\/product\/702405","targetHints":{"allow":["GET"]}}],"collection":[{"href":"https:\/\/roveyayinevi.com.tr\/index.php\/wp-json\/wp\/v2\/product"}],"about":[{"href":"https:\/\/roveyayinevi.com.tr\/index.php\/wp-json\/wp\/v2\/types\/product"}],"wp:attachment":[{"href":"https:\/\/roveyayinevi.com.tr\/index.php\/wp-json\/wp\/v2\/media?parent=702405"}],"wp:term":[{"taxonomy":"product_brand","embeddable":true,"href":"https:\/\/roveyayinevi.com.tr\/index.php\/wp-json\/wp\/v2\/product_brand?post=702405"},{"taxonomy":"product_cat","embeddable":true,"href":"https:\/\/roveyayinevi.com.tr\/index.php\/wp-json\/wp\/v2\/product_cat?post=702405"},{"taxonomy":"product_tag","embeddable":true,"href":"https:\/\/roveyayinevi.com.tr\/index.php\/wp-json\/wp\/v2\/product_tag?post=702405"}],"curies":[{"name":"wp","href":"https:\/\/api.w.org\/{rel}","templated":true}]}}