{"id":702404,"date":"2025-08-27T15:16:11","date_gmt":"2025-08-27T12:16:11","guid":{"rendered":"https:\/\/roveyayinevi.com.tr\/index.php\/urun\/din-dis-politika-iliskisi-abd-ornegi\/"},"modified":"2026-04-16T02:11:43","modified_gmt":"2026-04-15T23:11:43","slug":"din-dis-politika-iliskisi-abd-ornegi","status":"publish","type":"product","link":"https:\/\/roveyayinevi.com.tr\/index.php\/urun\/din-dis-politika-iliskisi-abd-ornegi\/","title":{"rendered":"Din &#8211; D\u0131\u015f Politika \u0130li\u015fkisi ABD \u00d6rne\u011fi"},"content":{"rendered":"<p>11 Eyl\u00fcl 2001 olaylar\u0131na kadar uluslararas\u0131 ili\u015fkiler uzmanlar\u0131 ve d\u0131\u015f politika yap\u0131c\u0131lar\u0131 taraf\u0131ndan yeterli ilgiyi g\u00f6rmeyen din, art\u0131k uluslararas\u0131 politikada\/d\u0131\u015f politikada \u00f6nemli bir unsur olarak varl\u0131\u011f\u0131n\u0131 ortaya koymaktad\u0131r. <\/p>\n","protected":false},"excerpt":{"rendered":"<p>11 Eyl\u00fcl 2001 olaylar\u0131na kadar uluslararas\u0131 ili\u015fkiler uzmanlar\u0131 ve d\u0131\u015f politika yap\u0131c\u0131lar\u0131 taraf\u0131ndan yeterli ilgiyi g\u00f6rmeyen din, art\u0131k uluslararas\u0131 politikada\/d\u0131\u015f politikada \u00f6nemli bir unsur olarak varl\u0131\u011f\u0131n\u0131<span class=\"excerpt-hellip\"> [\u2026]<\/span><\/p>\n","protected":false},"featured_media":0,"template":"","meta":{"_monsterinsights_skip_tracking":false,"_monsterinsights_sitenote_active":false,"_monsterinsights_sitenote_note":"","_monsterinsights_sitenote_category":0},"product_brand":[],"product_cat":[12338,12337],"product_tag":[],"class_list":{"0":"post-702404","1":"product","2":"type-product","3":"status-publish","5":"product_cat-dunya-siyaseti-ve-politikasi","6":"product_cat-politika-siyaset","7":"pa_tur-kitap","8":"pa_yayinevi-baris-kitap","9":"pa_yazar-mehmet-sahin","11":"first","12":"instock","13":"sale","14":"shipping-taxable","15":"purchasable","16":"product-type-simple"},"_links":{"self":[{"href":"https:\/\/roveyayinevi.com.tr\/index.php\/wp-json\/wp\/v2\/product\/702404","targetHints":{"allow":["GET"]}}],"collection":[{"href":"https:\/\/roveyayinevi.com.tr\/index.php\/wp-json\/wp\/v2\/product"}],"about":[{"href":"https:\/\/roveyayinevi.com.tr\/index.php\/wp-json\/wp\/v2\/types\/product"}],"wp:attachment":[{"href":"https:\/\/roveyayinevi.com.tr\/index.php\/wp-json\/wp\/v2\/media?parent=702404"}],"wp:term":[{"taxonomy":"product_brand","embeddable":true,"href":"https:\/\/roveyayinevi.com.tr\/index.php\/wp-json\/wp\/v2\/product_brand?post=702404"},{"taxonomy":"product_cat","embeddable":true,"href":"https:\/\/roveyayinevi.com.tr\/index.php\/wp-json\/wp\/v2\/product_cat?post=702404"},{"taxonomy":"product_tag","embeddable":true,"href":"https:\/\/roveyayinevi.com.tr\/index.php\/wp-json\/wp\/v2\/product_tag?post=702404"}],"curies":[{"name":"wp","href":"https:\/\/api.w.org\/{rel}","templated":true}]}}