{"id":702403,"date":"2025-08-27T15:16:11","date_gmt":"2025-08-27T12:16:11","guid":{"rendered":"https:\/\/roveyayinevi.com.tr\/index.php\/urun\/mimar-sinan-mimarideki-osmanli-muhru\/"},"modified":"2026-04-16T02:11:43","modified_gmt":"2026-04-15T23:11:43","slug":"mimar-sinan-mimarideki-osmanli-muhru","status":"publish","type":"product","link":"https:\/\/roveyayinevi.com.tr\/index.php\/urun\/mimar-sinan-mimarideki-osmanli-muhru\/","title":{"rendered":"Mimar Sinan: Mimarideki Osmanl\u0131 M\u00fchr\u00fc"},"content":{"rendered":"<p>Sinan camileri b\u00f6ylesine bir b\u00fct\u00fcnsellik i\u00e7erir: Mermeri sanatla, sanat\u0131 hayatla bulu\u015fturur. Daha avluda \u015fa\u015f\u0131r\u0131p b\u00fcy\u00fclenmeye ba\u015flars\u0131n\u0131z. O \u015fa\u015fk\u0131nl\u0131k ve hayranl\u0131k deminde, kap\u0131ya ve pencerelere bak\u0131n: Pencerelerle duvarlar\u0131n b\u00fcy\u00fcleyici uyumunu, k\u00fcndekar\u0131 kap\u0131n\u0131n kubbelere y\u00fckseli\u015fini, kudret eliyle serpi\u015ftirilmi\u015f hissini veren \u201c\u00e7il \u00e7il kubbe\u201dlerin yer yer minarele\u015fip g\u00f6z\u00fc hi\u00e7 rahats\u0131z etmeden sonsuzlu\u011fa ula\u015f\u0131m\u0131n\u0131 seyredin\u2026 \ufffcTan\u0131t\u0131m Metni<\/p>\n","protected":false},"excerpt":{"rendered":"<p>Sinan camileri b\u00f6ylesine bir b\u00fct\u00fcnsellik i\u00e7erir: Mermeri sanatla, sanat\u0131 hayatla bulu\u015fturur. Daha avluda \u015fa\u015f\u0131r\u0131p b\u00fcy\u00fclenmeye ba\u015flars\u0131n\u0131z. O \u015fa\u015fk\u0131nl\u0131k ve hayranl\u0131k deminde, kap\u0131ya ve pencerelere bak\u0131n: Pencerelerle<span class=\"excerpt-hellip\"> [\u2026]<\/span><\/p>\n","protected":false},"featured_media":0,"template":"","meta":{"_monsterinsights_skip_tracking":false,"_monsterinsights_sitenote_active":false,"_monsterinsights_sitenote_note":"","_monsterinsights_sitenote_category":0},"product_brand":[],"product_cat":[12370,12304],"product_tag":[],"class_list":{"0":"post-702403","1":"product","2":"type-product","3":"status-publish","5":"product_cat-arastirma-inceleme","6":"product_cat-tarih","7":"pa_tur-kitap","8":"pa_yayinevi-panama-yayincilik","9":"pa_yazar-yavuz-bahadiroglu","11":"first","12":"instock","13":"sale","14":"shipping-taxable","15":"purchasable","16":"product-type-simple"},"_links":{"self":[{"href":"https:\/\/roveyayinevi.com.tr\/index.php\/wp-json\/wp\/v2\/product\/702403","targetHints":{"allow":["GET"]}}],"collection":[{"href":"https:\/\/roveyayinevi.com.tr\/index.php\/wp-json\/wp\/v2\/product"}],"about":[{"href":"https:\/\/roveyayinevi.com.tr\/index.php\/wp-json\/wp\/v2\/types\/product"}],"wp:attachment":[{"href":"https:\/\/roveyayinevi.com.tr\/index.php\/wp-json\/wp\/v2\/media?parent=702403"}],"wp:term":[{"taxonomy":"product_brand","embeddable":true,"href":"https:\/\/roveyayinevi.com.tr\/index.php\/wp-json\/wp\/v2\/product_brand?post=702403"},{"taxonomy":"product_cat","embeddable":true,"href":"https:\/\/roveyayinevi.com.tr\/index.php\/wp-json\/wp\/v2\/product_cat?post=702403"},{"taxonomy":"product_tag","embeddable":true,"href":"https:\/\/roveyayinevi.com.tr\/index.php\/wp-json\/wp\/v2\/product_tag?post=702403"}],"curies":[{"name":"wp","href":"https:\/\/api.w.org\/{rel}","templated":true}]}}