{"id":702402,"date":"2025-08-27T15:16:11","date_gmt":"2025-08-27T12:16:11","guid":{"rendered":"https:\/\/roveyayinevi.com.tr\/index.php\/urun\/bir-pazarlama-araci-olarak-turizm-fuarlari-ve-fuar-yonetimi\/"},"modified":"2026-04-16T02:11:43","modified_gmt":"2026-04-15T23:11:43","slug":"bir-pazarlama-araci-olarak-turizm-fuarlari-ve-fuar-yonetimi","status":"publish","type":"product","link":"https:\/\/roveyayinevi.com.tr\/index.php\/urun\/bir-pazarlama-araci-olarak-turizm-fuarlari-ve-fuar-yonetimi\/","title":{"rendered":"Bir Pazarlama Arac\u0131 Olarak Turizm Fuarlar\u0131 ve Fuar Y\u00f6netimi"},"content":{"rendered":"<p>\u00dclkemizde fuarc\u0131l\u0131k ve fuarlara kat\u0131l\u0131m di\u011fer sekt\u00f6rlerle birlikte turizmde de yeni kullan\u0131lmaya ba\u015flanan bir pazarlama y\u00f6ntemidir. Turizm sekt\u00f6r\u00fcnde faaliyet g\u00f6steren i\u015fletmelere fuar y\u00f6netimi konusunda yol g\u00f6sterecek rehber kitaplar ya da e\u011fitim programlar\u0131 ihtiyac\u0131 kar\u015f\u0131layacak i\u00e7erik ve d\u00fczeyde bulunmamaktad\u0131r. Bu kitap, fuar y\u00f6netimi konusundaki eksikliklerin giderilmesi amac\u0131 ile fuarlara kat\u0131lan i\u015fletmelere fuar \u00f6ncesi, fuar s\u0131ras\u0131nda ve sonras\u0131nda yap\u0131lmas\u0131 gerekenler konusunda rehber kaynak niteli\u011fi ta\u015f\u0131maktad\u0131r. <\/p>\n","protected":false},"excerpt":{"rendered":"<p>\u00dclkemizde fuarc\u0131l\u0131k ve fuarlara kat\u0131l\u0131m di\u011fer sekt\u00f6rlerle birlikte turizmde de yeni kullan\u0131lmaya ba\u015flanan bir pazarlama y\u00f6ntemidir. Turizm sekt\u00f6r\u00fcnde faaliyet g\u00f6steren i\u015fletmelere fuar y\u00f6netimi konusunda yol g\u00f6sterecek<span class=\"excerpt-hellip\"> [\u2026]<\/span><\/p>\n","protected":false},"featured_media":0,"template":"","meta":{"_monsterinsights_skip_tracking":false,"_monsterinsights_sitenote_active":false,"_monsterinsights_sitenote_note":"","_monsterinsights_sitenote_category":0},"product_brand":[],"product_cat":[13043,14754],"product_tag":[],"class_list":{"0":"post-702402","1":"product","2":"type-product","3":"status-publish","5":"product_cat-ekonomi","6":"product_cat-halkla-iliskiler-insan-kaynaklari","7":"pa_tur-kitap","8":"pa_yayinevi-baris-kitap","9":"pa_yazar-dilek-gecgel","11":"first","12":"instock","13":"sale","14":"shipping-taxable","15":"purchasable","16":"product-type-simple"},"_links":{"self":[{"href":"https:\/\/roveyayinevi.com.tr\/index.php\/wp-json\/wp\/v2\/product\/702402","targetHints":{"allow":["GET"]}}],"collection":[{"href":"https:\/\/roveyayinevi.com.tr\/index.php\/wp-json\/wp\/v2\/product"}],"about":[{"href":"https:\/\/roveyayinevi.com.tr\/index.php\/wp-json\/wp\/v2\/types\/product"}],"wp:attachment":[{"href":"https:\/\/roveyayinevi.com.tr\/index.php\/wp-json\/wp\/v2\/media?parent=702402"}],"wp:term":[{"taxonomy":"product_brand","embeddable":true,"href":"https:\/\/roveyayinevi.com.tr\/index.php\/wp-json\/wp\/v2\/product_brand?post=702402"},{"taxonomy":"product_cat","embeddable":true,"href":"https:\/\/roveyayinevi.com.tr\/index.php\/wp-json\/wp\/v2\/product_cat?post=702402"},{"taxonomy":"product_tag","embeddable":true,"href":"https:\/\/roveyayinevi.com.tr\/index.php\/wp-json\/wp\/v2\/product_tag?post=702402"}],"curies":[{"name":"wp","href":"https:\/\/api.w.org\/{rel}","templated":true}]}}