{"id":702398,"date":"2025-08-27T15:16:10","date_gmt":"2025-08-27T12:16:10","guid":{"rendered":"https:\/\/roveyayinevi.com.tr\/index.php\/urun\/karatay-diyetiyle-beslenme-tuzaklarindan-kurtulus-rehberi\/"},"modified":"2026-04-16T02:11:43","modified_gmt":"2026-04-15T23:11:43","slug":"karatay-diyetiyle-beslenme-tuzaklarindan-kurtulus-rehberi","status":"publish","type":"product","link":"https:\/\/roveyayinevi.com.tr\/index.php\/urun\/karatay-diyetiyle-beslenme-tuzaklarindan-kurtulus-rehberi\/","title":{"rendered":"Karatay Diyeti&#8217;yle Beslenme Tuzaklar\u0131ndan Kurtulu\u015f Rehberi"},"content":{"rendered":"<p>Porf. Dr. Canan Karatay bu kitab\u0131nda sa\u011fl\u0131\u011f\u0131n\u0131 d\u00fc\u015f\u00fcnen bilin\u00e7li bireyin en \u00e7ok sordu\u011fu soruya yan\u0131t veriyor: Neyi ni\u00e7in yiyelim, neyi ni\u00e7in yemeyelim? Bu sorunun yan\u0131t\u0131 \u00f6nemli \u00e7\u00fcnk\u00fc modern \u00e7a\u011f, insan\u0131 hasta eden beslenme tuzaklar\u0131yla dolu. Yanl\u0131\u015f bilgilendirme, para u\u011fruna ger\u00e7ekleri gizleme, sat\u0131\u015flar d\u00fc\u015fmesin diye belli \u00fcr\u00fcnlerin zararlar\u0131n\u0131 \u00f6rtbas etme, geleneksel ve sa\u011fl\u0131kl\u0131 \u00fcr\u00fcnleri karalama, end\u00fcstrinin s\u0131k ba\u015fvurdu\u011fu taktiklerden&#8230; Bu &#8216;ambalajl\u0131&#8217; tuzaklara d\u00fc\u015fen masum insanlar da \u00f6nce enerjisini ve sonra sa\u011fl\u0131\u011f\u0131n\u0131 kaybediyor. \ufffcTan\u0131t\u0131m Metni<\/p>\n","protected":false},"excerpt":{"rendered":"<p>Porf. Dr. Canan Karatay bu kitab\u0131nda sa\u011fl\u0131\u011f\u0131n\u0131 d\u00fc\u015f\u00fcnen bilin\u00e7li bireyin en \u00e7ok sordu\u011fu soruya yan\u0131t veriyor: Neyi ni\u00e7in yiyelim, neyi ni\u00e7in yemeyelim? Bu sorunun yan\u0131t\u0131 \u00f6nemli<span class=\"excerpt-hellip\"> [\u2026]<\/span><\/p>\n","protected":false},"featured_media":0,"template":"","meta":{"_monsterinsights_skip_tracking":false,"_monsterinsights_sitenote_active":false,"_monsterinsights_sitenote_note":"","_monsterinsights_sitenote_category":0},"product_brand":[],"product_cat":[13402,13365],"product_tag":[],"class_list":{"0":"post-702398","1":"product","2":"type-product","3":"status-publish","5":"product_cat-beslenme-ve-diyet","6":"product_cat-saglik","7":"pa_cilt-ciltsiz","8":"pa_tur-kitap","9":"pa_yayinevi-hayykitap","10":"pa_yazar-canan-efendigil-karatay","12":"first","13":"instock","14":"sale","15":"shipping-taxable","16":"purchasable","17":"product-type-simple"},"_links":{"self":[{"href":"https:\/\/roveyayinevi.com.tr\/index.php\/wp-json\/wp\/v2\/product\/702398","targetHints":{"allow":["GET"]}}],"collection":[{"href":"https:\/\/roveyayinevi.com.tr\/index.php\/wp-json\/wp\/v2\/product"}],"about":[{"href":"https:\/\/roveyayinevi.com.tr\/index.php\/wp-json\/wp\/v2\/types\/product"}],"wp:attachment":[{"href":"https:\/\/roveyayinevi.com.tr\/index.php\/wp-json\/wp\/v2\/media?parent=702398"}],"wp:term":[{"taxonomy":"product_brand","embeddable":true,"href":"https:\/\/roveyayinevi.com.tr\/index.php\/wp-json\/wp\/v2\/product_brand?post=702398"},{"taxonomy":"product_cat","embeddable":true,"href":"https:\/\/roveyayinevi.com.tr\/index.php\/wp-json\/wp\/v2\/product_cat?post=702398"},{"taxonomy":"product_tag","embeddable":true,"href":"https:\/\/roveyayinevi.com.tr\/index.php\/wp-json\/wp\/v2\/product_tag?post=702398"}],"curies":[{"name":"wp","href":"https:\/\/api.w.org\/{rel}","templated":true}]}}