{"id":702396,"date":"2025-08-27T15:16:09","date_gmt":"2025-08-27T12:16:09","guid":{"rendered":"https:\/\/roveyayinevi.com.tr\/index.php\/urun\/cilekli-dondurma\/"},"modified":"2026-04-16T02:11:43","modified_gmt":"2026-04-15T23:11:43","slug":"cilekli-dondurma","status":"publish","type":"product","link":"https:\/\/roveyayinevi.com.tr\/index.php\/urun\/cilekli-dondurma\/","title":{"rendered":"\u00c7ilekli Dondurma"},"content":{"rendered":"<p>G\u00fcl\u00fc\u015f, \u015feker mi \u015feker bir k\u0131zd\u0131r. Evin tek k\u0131z\u0131 olmas\u0131na kar\u015f\u0131n, yaln\u0131z kalmaya hi\u00e7 niyeti yoktur. M\u00fczede \u00e7al\u0131\u015fan halas\u0131yla, annelerini kaybetmi\u015f, y\u00fcre\u011fi yaral\u0131 yavru k\u00f6peklerle, odas\u0131nda aniden canlanan heykelcikle, s\u0131k\u0131c\u0131 emeklilik g\u00fcnlerini renklendirmek isteyen Bay Fonti&#8217;yle ve tonton dedesiyle kurdu\u011fu dostluk, onu birbirinden keyifli ser\u00fcvenlere s\u00fcr\u00fckler&#8230;\ufffc<\/p>\n","protected":false},"excerpt":{"rendered":"<p>G\u00fcl\u00fc\u015f, \u015feker mi \u015feker bir k\u0131zd\u0131r. Evin tek k\u0131z\u0131 olmas\u0131na kar\u015f\u0131n, yaln\u0131z kalmaya hi\u00e7 niyeti yoktur. M\u00fczede \u00e7al\u0131\u015fan halas\u0131yla, annelerini kaybetmi\u015f, y\u00fcre\u011fi yaral\u0131 yavru k\u00f6peklerle, odas\u0131nda<span class=\"excerpt-hellip\"> [\u2026]<\/span><\/p>\n","protected":false},"featured_media":0,"template":"","meta":{"_monsterinsights_skip_tracking":false,"_monsterinsights_sitenote_active":false,"_monsterinsights_sitenote_note":"","_monsterinsights_sitenote_category":0},"product_brand":[],"product_cat":[12275,12274],"product_tag":[],"class_list":{"0":"post-702396","1":"product","2":"type-product","3":"status-publish","5":"product_cat-6-12-yas-kitaplari","6":"product_cat-cocuk-ve-genclik-kitaplari","7":"pa_cilt-ciltsiz","8":"pa_tur-kitap","9":"pa_yayinevi-can-cocuk-yayinlari","10":"pa_yazar-sevim-ak","12":"first","13":"instock","14":"sale","15":"shipping-taxable","16":"purchasable","17":"product-type-simple"},"_links":{"self":[{"href":"https:\/\/roveyayinevi.com.tr\/index.php\/wp-json\/wp\/v2\/product\/702396","targetHints":{"allow":["GET"]}}],"collection":[{"href":"https:\/\/roveyayinevi.com.tr\/index.php\/wp-json\/wp\/v2\/product"}],"about":[{"href":"https:\/\/roveyayinevi.com.tr\/index.php\/wp-json\/wp\/v2\/types\/product"}],"wp:attachment":[{"href":"https:\/\/roveyayinevi.com.tr\/index.php\/wp-json\/wp\/v2\/media?parent=702396"}],"wp:term":[{"taxonomy":"product_brand","embeddable":true,"href":"https:\/\/roveyayinevi.com.tr\/index.php\/wp-json\/wp\/v2\/product_brand?post=702396"},{"taxonomy":"product_cat","embeddable":true,"href":"https:\/\/roveyayinevi.com.tr\/index.php\/wp-json\/wp\/v2\/product_cat?post=702396"},{"taxonomy":"product_tag","embeddable":true,"href":"https:\/\/roveyayinevi.com.tr\/index.php\/wp-json\/wp\/v2\/product_tag?post=702396"}],"curies":[{"name":"wp","href":"https:\/\/api.w.org\/{rel}","templated":true}]}}