{"id":702389,"date":"2025-08-27T15:16:06","date_gmt":"2025-08-27T12:16:06","guid":{"rendered":"https:\/\/roveyayinevi.com.tr\/index.php\/urun\/yazin-ve-yasam\/"},"modified":"2026-04-16T02:11:43","modified_gmt":"2026-04-15T23:11:43","slug":"yazin-ve-yasam","status":"publish","type":"product","link":"https:\/\/roveyayinevi.com.tr\/index.php\/urun\/yazin-ve-yasam\/","title":{"rendered":"Yaz\u0131n ve Ya\u015fam"},"content":{"rendered":"<p>Yaz\u0131n ve Ya\u015fam\u2019daki denemeler, edebiyat alan\u0131nda olup bitenleri izleyerek tart\u0131\u015fmalara kat\u0131lan, s\u00f6z alan bir b\u00fcy\u00fck yazar\u0131n, Tahsin Y\u00fccel\u2019in bir \u00f6zelli\u011fini ortaya koyuyor: Y\u00fccel, yapt\u0131\u011f\u0131 \u00f6nemli tespitleri, \u00f6vg\u00fcs\u00fcn\u00fc, yergisini a\u00e7\u0131k\u00e7a s\u00f6yl\u00fcyor. Bu nedenle bu denemeler yay\u0131nland\u0131\u011f\u0131 y\u0131llarda \u00e7ok ses getirdi. Kemal Tahir\u2019den Ata\u00e7\u2019a, Michel Butor, Robbe-Grillet\u2019den modernlik sonras\u0131 Avrupa edebiyat\u0131na uzanan bu yaz\u0131lar, Y\u00fccel\u2019in ele ald\u0131\u011f\u0131 konulara yakla\u015f\u0131m\u0131n\u0131n evrenselli\u011fi nedeniyle hep g\u00fcndemde. <\/p>\n","protected":false},"excerpt":{"rendered":"<p>Yaz\u0131n ve Ya\u015fam\u2019daki denemeler, edebiyat alan\u0131nda olup bitenleri izleyerek tart\u0131\u015fmalara kat\u0131lan, s\u00f6z alan bir b\u00fcy\u00fck yazar\u0131n, Tahsin Y\u00fccel\u2019in bir \u00f6zelli\u011fini ortaya koyuyor: Y\u00fccel, yapt\u0131\u011f\u0131 \u00f6nemli tespitleri,<span class=\"excerpt-hellip\"> [\u2026]<\/span><\/p>\n","protected":false},"featured_media":0,"template":"","meta":{"_monsterinsights_skip_tracking":false,"_monsterinsights_sitenote_active":false,"_monsterinsights_sitenote_note":"","_monsterinsights_sitenote_category":0},"product_brand":[],"product_cat":[12777,12291],"product_tag":[],"class_list":{"0":"post-702389","1":"product","2":"type-product","3":"status-publish","5":"product_cat-deneme","6":"product_cat-edebiyat","7":"pa_cilt-ciltsiz","8":"pa_tur-kitap","9":"pa_yayinevi-can-yayinlari","10":"pa_yazar-tahsin-yucel","12":"first","13":"instock","14":"sale","15":"shipping-taxable","16":"purchasable","17":"product-type-simple"},"_links":{"self":[{"href":"https:\/\/roveyayinevi.com.tr\/index.php\/wp-json\/wp\/v2\/product\/702389","targetHints":{"allow":["GET"]}}],"collection":[{"href":"https:\/\/roveyayinevi.com.tr\/index.php\/wp-json\/wp\/v2\/product"}],"about":[{"href":"https:\/\/roveyayinevi.com.tr\/index.php\/wp-json\/wp\/v2\/types\/product"}],"wp:attachment":[{"href":"https:\/\/roveyayinevi.com.tr\/index.php\/wp-json\/wp\/v2\/media?parent=702389"}],"wp:term":[{"taxonomy":"product_brand","embeddable":true,"href":"https:\/\/roveyayinevi.com.tr\/index.php\/wp-json\/wp\/v2\/product_brand?post=702389"},{"taxonomy":"product_cat","embeddable":true,"href":"https:\/\/roveyayinevi.com.tr\/index.php\/wp-json\/wp\/v2\/product_cat?post=702389"},{"taxonomy":"product_tag","embeddable":true,"href":"https:\/\/roveyayinevi.com.tr\/index.php\/wp-json\/wp\/v2\/product_tag?post=702389"}],"curies":[{"name":"wp","href":"https:\/\/api.w.org\/{rel}","templated":true}]}}