{"id":702388,"date":"2025-08-27T15:16:06","date_gmt":"2025-08-27T12:16:06","guid":{"rendered":"https:\/\/roveyayinevi.com.tr\/index.php\/urun\/tonio-kroger\/"},"modified":"2026-04-16T02:11:43","modified_gmt":"2026-04-15T23:11:43","slug":"tonio-kroger","status":"publish","type":"product","link":"https:\/\/roveyayinevi.com.tr\/index.php\/urun\/tonio-kroger\/","title":{"rendered":"Tonio Kr\u00f6ger"},"content":{"rendered":"<p>\u0130ki d\u00fcnya aras\u0131nday\u0131m, her ikisinde de rahat edemiyorum, bu y\u00fczden i\u015fim zor. Siz sanat\u00e7\u0131lar benim bir burjuva oldu\u011fumu s\u00f6yl\u00fcyorsunuz, burjuvalarsa beni tutuklamaya kalk\u0131\u015ft\u0131lar\u2026 Burjuvalar aptal; ama g\u00fczelli\u011fin hayranlar\u0131 olan sizler, benim a\u011f\u0131rkanl\u0131 oldu\u011fumu, \u00f6zlemlerim olmad\u0131\u011f\u0131n\u0131 s\u00f6yleyenler hi\u00e7bir \u00f6zlemin s\u0131radanl\u0131\u011f\u0131n hazlar\u0131ndan daha tatl\u0131 ve dokunakl\u0131 olmad\u0131\u011f\u0131n\u0131 savunan bir sanat\u00e7\u0131l\u0131k anlay\u0131\u015f\u0131 da oldu\u011funu g\u00f6z \u00f6n\u00fcnde bulundurmal\u0131s\u0131n\u0131z&#8230;   Sanat\u0131n ve sanat\u00e7\u0131n\u0131n sorunlar\u0131, Thomas Mann eserlerinin en s\u0131k kar\u015f\u0131la\u015ft\u0131\u011f\u0131m\u0131z motiflerindendir. Yazar\u0131n erken d\u00f6nem \u00e7al\u0131\u015fmalar\u0131 aras\u0131nda \u00f6ne \u00e7\u0131kan Tonio Kr\u00f6ger\u2019de bu motif, toplumsal konularda apolitik yakla\u015f\u0131m\u0131yla ad\u0131n\u0131 duyuran gen\u00e7 bir sanat\u00e7\u0131n\u0131n hayata dair \u00f6zlemlerinde ifade bulur. Mann\u2019\u0131n burjuvazi ile sanat aras\u0131ndaki ili\u015fkiyi sorunsalla\u015ft\u0131rd\u0131\u011f\u0131 Tonio Kr\u00f6ger, sanat\u00e7\u0131n\u0131n kendi d\u00fcnyas\u0131 d\u0131\u015f\u0131ndaki hayatla y\u00fczle\u015fmesini \u00f6yk\u00fcler. <\/p>\n","protected":false},"excerpt":{"rendered":"<p>\u0130ki d\u00fcnya aras\u0131nday\u0131m, her ikisinde de rahat edemiyorum, bu y\u00fczden i\u015fim zor. Siz sanat\u00e7\u0131lar benim bir burjuva oldu\u011fumu s\u00f6yl\u00fcyorsunuz, burjuvalarsa beni tutuklamaya kalk\u0131\u015ft\u0131lar\u2026 Burjuvalar aptal; ama<span class=\"excerpt-hellip\"> [\u2026]<\/span><\/p>\n","protected":false},"featured_media":0,"template":"","meta":{"_monsterinsights_skip_tracking":false,"_monsterinsights_sitenote_active":false,"_monsterinsights_sitenote_note":"","_monsterinsights_sitenote_category":0},"product_brand":[],"product_cat":[12782,12291],"product_tag":[],"class_list":{"0":"post-702388","1":"product","2":"type-product","3":"status-publish","5":"product_cat-alman-edebiyati","6":"product_cat-edebiyat","7":"pa_cilt-ciltsiz","8":"pa_tur-kitap","9":"pa_yayinevi-can-yayinlari","10":"pa_yazar-thomas-mann","12":"first","13":"instock","14":"sale","15":"shipping-taxable","16":"purchasable","17":"product-type-simple"},"_links":{"self":[{"href":"https:\/\/roveyayinevi.com.tr\/index.php\/wp-json\/wp\/v2\/product\/702388","targetHints":{"allow":["GET"]}}],"collection":[{"href":"https:\/\/roveyayinevi.com.tr\/index.php\/wp-json\/wp\/v2\/product"}],"about":[{"href":"https:\/\/roveyayinevi.com.tr\/index.php\/wp-json\/wp\/v2\/types\/product"}],"wp:attachment":[{"href":"https:\/\/roveyayinevi.com.tr\/index.php\/wp-json\/wp\/v2\/media?parent=702388"}],"wp:term":[{"taxonomy":"product_brand","embeddable":true,"href":"https:\/\/roveyayinevi.com.tr\/index.php\/wp-json\/wp\/v2\/product_brand?post=702388"},{"taxonomy":"product_cat","embeddable":true,"href":"https:\/\/roveyayinevi.com.tr\/index.php\/wp-json\/wp\/v2\/product_cat?post=702388"},{"taxonomy":"product_tag","embeddable":true,"href":"https:\/\/roveyayinevi.com.tr\/index.php\/wp-json\/wp\/v2\/product_tag?post=702388"}],"curies":[{"name":"wp","href":"https:\/\/api.w.org\/{rel}","templated":true}]}}