{"id":702385,"date":"2025-08-27T15:16:05","date_gmt":"2025-08-27T12:16:05","guid":{"rendered":"https:\/\/roveyayinevi.com.tr\/index.php\/urun\/19-yuzyilda-osmanli-ekonomisi-uzerine-arastirmalar\/"},"modified":"2026-04-16T02:11:42","modified_gmt":"2026-04-15T23:11:42","slug":"19-yuzyilda-osmanli-ekonomisi-uzerine-arastirmalar","status":"publish","type":"product","link":"https:\/\/roveyayinevi.com.tr\/index.php\/urun\/19-yuzyilda-osmanli-ekonomisi-uzerine-arastirmalar\/","title":{"rendered":"19. Y\u00fczy\u0131lda Osmanl\u0131 Ekonomisi \u00dczerine Ara\u015ft\u0131rmalar"},"content":{"rendered":"<p>19. y\u00fczy\u0131l hem Sanayi Devrimi\u2019nin bir sonucu olarak \u00fclkeler aras\u0131nda ekonomik geli\u015fmi\u015flik geri kalm\u0131\u015fl\u0131k ayr\u0131\u015fmas\u0131n\u0131n temelinin at\u0131ld\u0131\u011f\u0131, hem de ilk k\u00fcreselle\u015fme s\u00fcrecinin ya\u015fand\u0131\u011f\u0131 d\u00f6nemdi. D\u00fcnya ekonomisinin bu son derece kritik y\u00fczy\u0131l\u0131nda Osmanl\u0131 ekonomisinde de gerek i\u00e7 dinamiklerin ve gerekse d\u00fcnya ekonomisindeki geli\u015fmelerin etkisiyle \u00f6nemli de\u011fi\u015fim ve d\u00f6n\u00fc\u015f\u00fcmler ortaya \u00e7\u0131km\u0131\u015f, ancak t\u00fcm \u00e7abalara ra\u011fmen sanayile\u015fme ve ekonomik geli\u015fme ba\u015far\u0131s\u0131 g\u00f6sterilememi\u015ftir. \ufffcTan\u0131t\u0131m Metni<\/p>\n","protected":false},"excerpt":{"rendered":"<p>19. y\u00fczy\u0131l hem Sanayi Devrimi\u2019nin bir sonucu olarak \u00fclkeler aras\u0131nda ekonomik geli\u015fmi\u015flik geri kalm\u0131\u015fl\u0131k ayr\u0131\u015fmas\u0131n\u0131n temelinin at\u0131ld\u0131\u011f\u0131, hem de ilk k\u00fcreselle\u015fme s\u00fcrecinin ya\u015fand\u0131\u011f\u0131 d\u00f6nemdi. D\u00fcnya ekonomisinin<span class=\"excerpt-hellip\"> [\u2026]<\/span><\/p>\n","protected":false},"featured_media":0,"template":"","meta":{"_monsterinsights_skip_tracking":false,"_monsterinsights_sitenote_active":false,"_monsterinsights_sitenote_note":"","_monsterinsights_sitenote_category":0},"product_brand":[],"product_cat":[13517,12304],"product_tag":[],"class_list":{"0":"post-702385","1":"product","2":"type-product","3":"status-publish","5":"product_cat-osmanli-tarihi","6":"product_cat-tarih","7":"pa_cilt-ciltsiz","8":"pa_tur-kitap","9":"pa_yayinevi-is-bankasi-kultur-yayinlari","10":"pa_yazar-tevfik-guran","12":"first","13":"instock","14":"sale","15":"shipping-taxable","16":"purchasable","17":"product-type-simple"},"_links":{"self":[{"href":"https:\/\/roveyayinevi.com.tr\/index.php\/wp-json\/wp\/v2\/product\/702385","targetHints":{"allow":["GET"]}}],"collection":[{"href":"https:\/\/roveyayinevi.com.tr\/index.php\/wp-json\/wp\/v2\/product"}],"about":[{"href":"https:\/\/roveyayinevi.com.tr\/index.php\/wp-json\/wp\/v2\/types\/product"}],"wp:attachment":[{"href":"https:\/\/roveyayinevi.com.tr\/index.php\/wp-json\/wp\/v2\/media?parent=702385"}],"wp:term":[{"taxonomy":"product_brand","embeddable":true,"href":"https:\/\/roveyayinevi.com.tr\/index.php\/wp-json\/wp\/v2\/product_brand?post=702385"},{"taxonomy":"product_cat","embeddable":true,"href":"https:\/\/roveyayinevi.com.tr\/index.php\/wp-json\/wp\/v2\/product_cat?post=702385"},{"taxonomy":"product_tag","embeddable":true,"href":"https:\/\/roveyayinevi.com.tr\/index.php\/wp-json\/wp\/v2\/product_tag?post=702385"}],"curies":[{"name":"wp","href":"https:\/\/api.w.org\/{rel}","templated":true}]}}