{"id":702384,"date":"2025-08-27T15:16:04","date_gmt":"2025-08-27T12:16:04","guid":{"rendered":"https:\/\/roveyayinevi.com.tr\/index.php\/urun\/yildiz-gezgini\/"},"modified":"2026-04-16T02:11:42","modified_gmt":"2026-04-15T23:11:42","slug":"yildiz-gezgini","status":"publish","type":"product","link":"https:\/\/roveyayinevi.com.tr\/index.php\/urun\/yildiz-gezgini\/","title":{"rendered":"Y\u0131ld\u0131z Gezgini"},"content":{"rendered":"<p>Bir akademisyen meslekta\u015f\u0131n\u0131 \u00f6ld\u00fcrerek San Quentin Hapishanesi\u2019ne d\u00fc\u015fen eski bir profes\u00f6r, burada ya\u015fam boyu hapis cezas\u0131n\u0131 \u00e7ekerken maruz kald\u0131\u011f\u0131 korkun\u00e7 i\u015fkenceden ka\u00e7mak i\u00e7in zihinsel taktikler geli\u015ftirir. Ac\u0131 \u00e7eken bedenini terk ederek, tarihin farkl\u0131 d\u00f6nemlerinde, farkl\u0131 co\u011frafyalarda ge\u00e7en \u00f6nceki ya\u015famlar\u0131na geri d\u00f6nd\u00fc\u011f\u00fc yolculuklara \u00e7\u0131kar. \ufffc<\/p>\n","protected":false},"excerpt":{"rendered":"<p>Bir akademisyen meslekta\u015f\u0131n\u0131 \u00f6ld\u00fcrerek San Quentin Hapishanesi\u2019ne d\u00fc\u015fen eski bir profes\u00f6r, burada ya\u015fam boyu hapis cezas\u0131n\u0131 \u00e7ekerken maruz kald\u0131\u011f\u0131 korkun\u00e7 i\u015fkenceden ka\u00e7mak i\u00e7in zihinsel taktikler geli\u015ftirir.<span class=\"excerpt-hellip\"> [\u2026]<\/span><\/p>\n","protected":false},"featured_media":0,"template":"","meta":{"_monsterinsights_skip_tracking":false,"_monsterinsights_sitenote_active":false,"_monsterinsights_sitenote_note":"","_monsterinsights_sitenote_category":0},"product_brand":[],"product_cat":[13835],"product_tag":[],"class_list":{"0":"post-702384","1":"product","2":"type-product","3":"status-publish","5":"product_cat-cok-satanlar","6":"pa_cilt-ciltsiz","7":"pa_tur-kitap","8":"pa_yayinevi-is-bankasi-kultur-yayinlari","9":"pa_yazar-jack-london","11":"first","12":"instock","13":"sale","14":"shipping-taxable","15":"purchasable","16":"product-type-simple"},"_links":{"self":[{"href":"https:\/\/roveyayinevi.com.tr\/index.php\/wp-json\/wp\/v2\/product\/702384","targetHints":{"allow":["GET"]}}],"collection":[{"href":"https:\/\/roveyayinevi.com.tr\/index.php\/wp-json\/wp\/v2\/product"}],"about":[{"href":"https:\/\/roveyayinevi.com.tr\/index.php\/wp-json\/wp\/v2\/types\/product"}],"wp:attachment":[{"href":"https:\/\/roveyayinevi.com.tr\/index.php\/wp-json\/wp\/v2\/media?parent=702384"}],"wp:term":[{"taxonomy":"product_brand","embeddable":true,"href":"https:\/\/roveyayinevi.com.tr\/index.php\/wp-json\/wp\/v2\/product_brand?post=702384"},{"taxonomy":"product_cat","embeddable":true,"href":"https:\/\/roveyayinevi.com.tr\/index.php\/wp-json\/wp\/v2\/product_cat?post=702384"},{"taxonomy":"product_tag","embeddable":true,"href":"https:\/\/roveyayinevi.com.tr\/index.php\/wp-json\/wp\/v2\/product_tag?post=702384"}],"curies":[{"name":"wp","href":"https:\/\/api.w.org\/{rel}","templated":true}]}}