{"id":702380,"date":"2025-08-27T15:16:03","date_gmt":"2025-08-27T12:16:03","guid":{"rendered":"https:\/\/roveyayinevi.com.tr\/index.php\/urun\/savas-sanati-4\/"},"modified":"2026-04-16T02:11:42","modified_gmt":"2026-04-15T23:11:42","slug":"savas-sanati-4","status":"publish","type":"product","link":"https:\/\/roveyayinevi.com.tr\/index.php\/urun\/savas-sanati-4\/","title":{"rendered":"Sava\u015f Sanat\u0131"},"content":{"rendered":"<p>Antik \u00e7a\u011flardan beri sava\u015f \u00fczerine say\u0131s\u0131z kitap yaz\u0131lm\u0131\u015ft\u0131r. Bunlar\u0131n \u00e7o\u011fu strateji ve sava\u015f taktiklerinin kurgusu \u00fczerine temellenir. Ancak Machiavelli\u2019nin Sava\u015f Sanat\u0131\u2019nda mihenk ta\u015f\u0131, ordudur. Ordu yoksa ya da g\u00fc\u00e7s\u00fczse ve bozulmu\u015fsa, ne bir cumhuriyetin ne de bir prensin elinde iktidar\u0131 kal\u0131r; \u00fclke k\u0131sa s\u00fcrede \u00f6zg\u00fcrl\u00fc\u011f\u00fcn\u00fc yitirir ve ba\u015fkalar\u0131n\u0131n av\u0131 haline gelir. G\u00fc\u00e7l\u00fc ordu, cumhuriyetin yurtta\u015f ordusudur, d\u00f6v\u00fc\u015fmesi i\u00e7in gereken nedeni kendi \u00f6z\u00fcnde bulur. Sahip oldu\u011fu sava\u015f taktikleri tarihin i\u00e7inden gelir ve mevcut \u015fartlara uyum sa\u011flayarak d\u00f6n\u00fc\u015fmek zorundad\u0131r. Generalinin basireti ve sahip oldu\u011fu Virt\u00f9 (erdem), orduya dinamik bir yap\u0131n\u0131n ve zaferin yolunu a\u00e7ar. \ufffcTan\u0131t\u0131m Metni<\/p>\n","protected":false},"excerpt":{"rendered":"<p>Antik \u00e7a\u011flardan beri sava\u015f \u00fczerine say\u0131s\u0131z kitap yaz\u0131lm\u0131\u015ft\u0131r. Bunlar\u0131n \u00e7o\u011fu strateji ve sava\u015f taktiklerinin kurgusu \u00fczerine temellenir. Ancak Machiavelli\u2019nin Sava\u015f Sanat\u0131\u2019nda mihenk ta\u015f\u0131, ordudur. Ordu yoksa<span class=\"excerpt-hellip\"> [\u2026]<\/span><\/p>\n","protected":false},"featured_media":0,"template":"","meta":{"_monsterinsights_skip_tracking":false,"_monsterinsights_sitenote_active":false,"_monsterinsights_sitenote_note":"","_monsterinsights_sitenote_category":0},"product_brand":[],"product_cat":[12312,12304],"product_tag":[],"class_list":{"0":"post-702380","1":"product","2":"type-product","3":"status-publish","5":"product_cat-diger","6":"product_cat-tarih","7":"pa_cilt-ciltsiz","8":"pa_tur-kitap","9":"pa_yayinevi-say-yayinlari","10":"pa_yazar-niccolo-machiavelli","12":"first","13":"instock","14":"sale","15":"shipping-taxable","16":"purchasable","17":"product-type-simple"},"_links":{"self":[{"href":"https:\/\/roveyayinevi.com.tr\/index.php\/wp-json\/wp\/v2\/product\/702380","targetHints":{"allow":["GET"]}}],"collection":[{"href":"https:\/\/roveyayinevi.com.tr\/index.php\/wp-json\/wp\/v2\/product"}],"about":[{"href":"https:\/\/roveyayinevi.com.tr\/index.php\/wp-json\/wp\/v2\/types\/product"}],"wp:attachment":[{"href":"https:\/\/roveyayinevi.com.tr\/index.php\/wp-json\/wp\/v2\/media?parent=702380"}],"wp:term":[{"taxonomy":"product_brand","embeddable":true,"href":"https:\/\/roveyayinevi.com.tr\/index.php\/wp-json\/wp\/v2\/product_brand?post=702380"},{"taxonomy":"product_cat","embeddable":true,"href":"https:\/\/roveyayinevi.com.tr\/index.php\/wp-json\/wp\/v2\/product_cat?post=702380"},{"taxonomy":"product_tag","embeddable":true,"href":"https:\/\/roveyayinevi.com.tr\/index.php\/wp-json\/wp\/v2\/product_tag?post=702380"}],"curies":[{"name":"wp","href":"https:\/\/api.w.org\/{rel}","templated":true}]}}