{"id":702379,"date":"2025-08-27T15:16:03","date_gmt":"2025-08-27T12:16:03","guid":{"rendered":"https:\/\/roveyayinevi.com.tr\/index.php\/urun\/kendi-everestinize-tirmanin\/"},"modified":"2026-04-11T13:29:57","modified_gmt":"2026-04-11T10:29:57","slug":"kendi-everestinize-tirmanin","status":"publish","type":"product","link":"https:\/\/roveyayinevi.com.tr\/index.php\/urun\/kendi-everestinize-tirmanin\/","title":{"rendered":"Kendi Everest\u2019inize T\u0131rman\u0131n"},"content":{"rendered":"<p>Z\u0130H\u0130N HAR\u0130TASI HED\u0130YEL\u0130\u2026 EVEREST DA\u011eINA TIRMANAN \u0130LK T\u00dcRK VE M\u00dcSL\u00dcMAN DA\u011eCI, AKUT BA\u015eKANI NASUH MAHRUK\u0130\u2019DEN B\u0130R K\u0130\u015e\u0130SEL GEL\u0130\u015e\u0130M BA\u015eYAPITI! Ya\u015fam\u0131m\u0131z her g\u00fcn yapt\u0131\u011f\u0131m\u0131z binlerce se\u00e7imden olu\u015fuyor. Her se\u00e7im bir kap\u0131 a\u00e7ar ya da kapat\u0131r. \u015eimdi elinize bu kitab\u0131 ald\u0131n\u0131z ve alay\u0131m m\u0131, almayay\u0131m m\u0131 diye d\u00fc\u015f\u00fcn\u00fcyorsunuz. Karar verme durumundas\u0131n\u0131z. S\u0131k\u0131c\u0131 bir kitap olabilir; bo\u015funa para ve zaman harcam\u0131\u015f olursunuz. Ama belki de ya\u015fam\u0131n\u0131z\u0131 zenginle\u015ftiren \u00f6nemli bir kayna\u011fa sahip olursunuz. Bu kitab\u0131 okuyarak ruhunuza \u00f6zen g\u00f6stermi\u015f olaca\u011f\u0131n\u0131z\u0131 biliyorum. Hi\u00e7 da\u011fa t\u0131rmanmad\u0131m, da\u011fa t\u0131rmanmakla hi\u00e7 ilgilenmedim, \u015fimdiden sonra ilgilenece\u011fimi de sanm\u0131yorum. Nas\u0131l oluyor da da\u011fa t\u0131rmanmay\u0131 b\u00fcy\u00fck bir ba\u015far\u0131 olarak g\u00f6ren birinin yazd\u0131\u011f\u0131 kitaptan bu kadar etkileniyorum? \u00dcniversite \u00f6\u011frencilerinin, \u00f6\u011fretmenlerin, y\u00f6neticilerin ve anababalar\u0131n okumas\u0131n\u0131 ni\u00e7in istiyorum? Bu kitab\u0131 okumak benim i\u00e7in ruhsal bir yolculuk oldu. Ya\u015fanmam\u0131\u015f ya\u015famlar d\u00fcnyas\u0131nday\u0131z. Ya sen hayat\u0131 ya\u015fars\u0131n ya da hayat seni ya\u015far. \u0130nsanlar\u0131n \u00e7o\u011fu bunun fark\u0131nda de\u011fil. Yan\u0131 konu benim da\u011fa t\u0131rmanmam de\u011fil, konu ya\u015fam\u0131m\u0131n hakk\u0131n\u0131 vererek ya\u015famam. Ve  bu d\u00fcnyada  b\u00fcy\u00fck  bir \u00e7o\u011funlu\u011fumuz ya\u015famadan  \u00f6l\u00fcyoruz. Kitap ya\u015farken yapt\u0131\u011f\u0131m\u0131z se\u00e7imlerle ilgili. Ya\u015fad\u0131\u011f\u0131m\u0131z   ya\u015fam\u0131   se\u00e7iyoruz;   hepsi   bu. \u0130nsan kendi ya\u015fam\u0131n\u0131 ya\u015famay\u0131 nas\u0131l se\u00e7er? Olabilece\u011finin en iyisi olma yolunu nas\u0131l se\u00e7er? \u0130lk ad\u0131m fark\u0131na varmakt\u0131r, ilk ad\u0131m\u0131 atmak isteyenler i\u00e7in bu kitap \u00f6nemli bir kaynak. Bu kitapta, olabilece\u011finin en iyisi olmak isteyenlere ger\u00e7ek\u00e7i altm\u0131\u015f d\u00f6rt \u00f6\u011f\u00fct var. Unutmamak gerekir ki bu, k\u0131rk iki ya\u015f\u0131nda ve bug\u00fcne dek \u00e7ok az insan\u0131n ba\u015farabilece\u011fi bir\u00e7ok \u015feyi ba\u015farm\u0131\u015f bir insan taraf\u0131ndan kaleme al\u0131nm\u0131\u015f bir kitap. Umar\u0131m bu kitab\u0131 okurken benim kadar haz al\u0131rs\u0131n\u0131z. Do\u011fan C\u00fccelo\u011flu\u2019n\u0131n \u00f6ns\u00f6z\u00fcnden.<\/p>\n","protected":false},"excerpt":{"rendered":"<p>Z\u0130H\u0130N HAR\u0130TASI HED\u0130YEL\u0130\u2026 EVEREST DA\u011eINA TIRMANAN \u0130LK T\u00dcRK VE M\u00dcSL\u00dcMAN DA\u011eCI, AKUT BA\u015eKANI NASUH MAHRUK\u0130\u2019DEN B\u0130R K\u0130\u015e\u0130SEL GEL\u0130\u015e\u0130M BA\u015eYAPITI! Ya\u015fam\u0131m\u0131z her g\u00fcn yapt\u0131\u011f\u0131m\u0131z binlerce se\u00e7imden olu\u015fuyor.<span class=\"excerpt-hellip\"> [\u2026]<\/span><\/p>\n","protected":false},"featured_media":0,"template":"","meta":{"_monsterinsights_skip_tracking":false,"_monsterinsights_sitenote_active":false,"_monsterinsights_sitenote_note":"","_monsterinsights_sitenote_category":0},"product_brand":[],"product_cat":[12364,12376],"product_tag":[],"class_list":{"0":"post-702379","1":"product","2":"type-product","3":"status-publish","5":"product_cat-genel-konular","6":"product_cat-kisisel-gelisim","7":"pa_cilt-ciltsiz","8":"pa_tur-kitap","9":"pa_yayinevi-alfa-yayinlari","10":"pa_yazar-nasuh-mahruki","12":"first","13":"instock","14":"sale","15":"shipping-taxable","16":"purchasable","17":"product-type-simple"},"_links":{"self":[{"href":"https:\/\/roveyayinevi.com.tr\/index.php\/wp-json\/wp\/v2\/product\/702379","targetHints":{"allow":["GET"]}}],"collection":[{"href":"https:\/\/roveyayinevi.com.tr\/index.php\/wp-json\/wp\/v2\/product"}],"about":[{"href":"https:\/\/roveyayinevi.com.tr\/index.php\/wp-json\/wp\/v2\/types\/product"}],"wp:attachment":[{"href":"https:\/\/roveyayinevi.com.tr\/index.php\/wp-json\/wp\/v2\/media?parent=702379"}],"wp:term":[{"taxonomy":"product_brand","embeddable":true,"href":"https:\/\/roveyayinevi.com.tr\/index.php\/wp-json\/wp\/v2\/product_brand?post=702379"},{"taxonomy":"product_cat","embeddable":true,"href":"https:\/\/roveyayinevi.com.tr\/index.php\/wp-json\/wp\/v2\/product_cat?post=702379"},{"taxonomy":"product_tag","embeddable":true,"href":"https:\/\/roveyayinevi.com.tr\/index.php\/wp-json\/wp\/v2\/product_tag?post=702379"}],"curies":[{"name":"wp","href":"https:\/\/api.w.org\/{rel}","templated":true}]}}