{"id":702378,"date":"2025-08-27T15:16:02","date_gmt":"2025-08-27T12:16:02","guid":{"rendered":"https:\/\/roveyayinevi.com.tr\/index.php\/urun\/cocuklarla-beraber\/"},"modified":"2026-04-16T02:11:42","modified_gmt":"2026-04-15T23:11:42","slug":"cocuklarla-beraber","status":"publish","type":"product","link":"https:\/\/roveyayinevi.com.tr\/index.php\/urun\/cocuklarla-beraber\/","title":{"rendered":"\u00c7ocuklarla Beraber"},"content":{"rendered":"<p>B\u00fcy\u00fck Dostoyevski\u2019den k\u00fc\u00e7\u00fck bir \u00f6yk\u00fc D\u00fcnyan\u0131n en iyi yazarlar\u0131ndan Dostoyevski\u2019nin Karamazov Karde\u015fler roman\u0131n\u0131n kahraman\u0131 Alyo\u015fa\u2019n\u0131n ba\u015f\u0131ndan ge\u00e7enlerin derlendi\u011fi bir \u00f6yk\u00fc. \u0130nsana insan\u0131 anlatan Dostoyevski ile tan\u0131\u015fman\u0131z i\u00e7in&#8230; \ufffcTan\u0131t\u0131m Metni<\/p>\n","protected":false},"excerpt":{"rendered":"<p>B\u00fcy\u00fck Dostoyevski\u2019den k\u00fc\u00e7\u00fck bir \u00f6yk\u00fc D\u00fcnyan\u0131n en iyi yazarlar\u0131ndan Dostoyevski\u2019nin Karamazov Karde\u015fler roman\u0131n\u0131n kahraman\u0131 Alyo\u015fa\u2019n\u0131n ba\u015f\u0131ndan ge\u00e7enlerin derlendi\u011fi bir \u00f6yk\u00fc. \u0130nsana insan\u0131 anlatan Dostoyevski ile tan\u0131\u015fman\u0131z<span class=\"excerpt-hellip\"> [\u2026]<\/span><\/p>\n","protected":false},"featured_media":0,"template":"","meta":{"_monsterinsights_skip_tracking":false,"_monsterinsights_sitenote_active":false,"_monsterinsights_sitenote_note":"","_monsterinsights_sitenote_category":0},"product_brand":[],"product_cat":[12275,12274],"product_tag":[],"class_list":{"0":"post-702378","1":"product","2":"type-product","3":"status-publish","5":"product_cat-6-12-yas-kitaplari","6":"product_cat-cocuk-ve-genclik-kitaplari","7":"pa_cilt-ciltsiz","8":"pa_tur-kitap","9":"pa_yayinevi-can-cocuk-yayinlari","10":"pa_yazar-fyodor-mihaylovic-dostoyevski","12":"first","13":"instock","14":"sale","15":"shipping-taxable","16":"purchasable","17":"product-type-simple"},"_links":{"self":[{"href":"https:\/\/roveyayinevi.com.tr\/index.php\/wp-json\/wp\/v2\/product\/702378","targetHints":{"allow":["GET"]}}],"collection":[{"href":"https:\/\/roveyayinevi.com.tr\/index.php\/wp-json\/wp\/v2\/product"}],"about":[{"href":"https:\/\/roveyayinevi.com.tr\/index.php\/wp-json\/wp\/v2\/types\/product"}],"wp:attachment":[{"href":"https:\/\/roveyayinevi.com.tr\/index.php\/wp-json\/wp\/v2\/media?parent=702378"}],"wp:term":[{"taxonomy":"product_brand","embeddable":true,"href":"https:\/\/roveyayinevi.com.tr\/index.php\/wp-json\/wp\/v2\/product_brand?post=702378"},{"taxonomy":"product_cat","embeddable":true,"href":"https:\/\/roveyayinevi.com.tr\/index.php\/wp-json\/wp\/v2\/product_cat?post=702378"},{"taxonomy":"product_tag","embeddable":true,"href":"https:\/\/roveyayinevi.com.tr\/index.php\/wp-json\/wp\/v2\/product_tag?post=702378"}],"curies":[{"name":"wp","href":"https:\/\/api.w.org\/{rel}","templated":true}]}}