{"id":702375,"date":"2025-08-27T15:16:01","date_gmt":"2025-08-27T12:16:01","guid":{"rendered":"https:\/\/roveyayinevi.com.tr\/index.php\/urun\/korlesme\/"},"modified":"2026-04-16T02:11:42","modified_gmt":"2026-04-15T23:11:42","slug":"korlesme","status":"publish","type":"product","link":"https:\/\/roveyayinevi.com.tr\/index.php\/urun\/korlesme\/","title":{"rendered":"K\u00f6rle\u015fme"},"content":{"rendered":"<p>D\u00fcnya edebiyat\u0131n\u0131n ba\u015fyap\u0131tlar\u0131ndan biri oldu\u011fu tart\u0131\u015fmas\u0131z kabul edilen K\u00f6rle\u015fme, Almanya&#8217;da edebiyat\u0131n, politikan\u0131n kirli g\u00f6lgeleri alt\u0131nda yitip gitmeye y\u00fcz tuttu\u011fu bir d\u00f6nemde yaz\u0131lm\u0131\u015ft\u0131r. Ancak, Elias Canetti kurgulad\u0131\u011f\u0131 zaman ve mek\u00e2n, kulland\u0131\u011f\u0131 dil ve \u00fcslup, karakterlerindeki soyutlaman\u0131n isabetlili\u011fi ve bunlar\u0131 aktarmadaki ba\u015far\u0131s\u0131 sayesinde s\u0131n\u0131rlar\u0131 a\u015fm\u0131\u015f, evrenselli\u011fin en \u00fcst boyutlar\u0131na ula\u015fm\u0131\u015ft\u0131r.\u00c7oktand\u0131r kendi fildi\u015fi kulesine \u00e7ekilmi\u015f bir ayd\u0131n\u0131n trajedisinde cisimle\u015fen K\u00f6rle\u015fme, insano\u011flunun kendi eliyle kurdu\u011fu, sonra da kendisine yabanc\u0131la\u015fm\u0131\u015f, d\u00fc\u015fman kesilmi\u015f buldu\u011fu d\u0131\u015f \u00e7evreyi, son derece \u00f6zg\u00fcn bir bi\u00e7imde ve en u\u00e7ta say\u0131labilecek ara\u00e7larla tasvir etmeyi ba\u015far\u0131yor.\u0130nsan\u0131n ger\u00e7eklik kar\u015f\u0131s\u0131nda ne \u00f6l\u00e7\u00fcde k\u00f6rle\u015febilece\u011fini, her d\u00f6nemde ve her toplumda rastlanabilen &#8220;aymaz&#8221; ayd\u0131n karakterinde ustal\u0131kla yans\u0131tan Canetti, d\u00fc\u015f\u00fcnce ile ger\u00e7eklik aras\u0131ndaki kopu\u015fun hik\u00e2yesini anlat\u0131rken yaratt\u0131\u011f\u0131 deh\u015fet atmosferiyle okuru derinden sars\u0131yor.<\/p>\n","protected":false},"excerpt":{"rendered":"<p>D\u00fcnya edebiyat\u0131n\u0131n ba\u015fyap\u0131tlar\u0131ndan biri oldu\u011fu tart\u0131\u015fmas\u0131z kabul edilen K\u00f6rle\u015fme, Almanya&#8217;da edebiyat\u0131n, politikan\u0131n kirli g\u00f6lgeleri alt\u0131nda yitip gitmeye y\u00fcz tuttu\u011fu bir d\u00f6nemde yaz\u0131lm\u0131\u015ft\u0131r. Ancak, Elias Canetti kurgulad\u0131\u011f\u0131<span class=\"excerpt-hellip\"> [\u2026]<\/span><\/p>\n","protected":false},"featured_media":0,"template":"","meta":{"_monsterinsights_skip_tracking":false,"_monsterinsights_sitenote_active":false,"_monsterinsights_sitenote_note":"","_monsterinsights_sitenote_category":0},"product_brand":[],"product_cat":[12291,12711],"product_tag":[],"class_list":{"0":"post-702375","1":"product","2":"type-product","3":"status-publish","5":"product_cat-edebiyat","6":"product_cat-roman-oyku","7":"pa_cilt-ciltsiz","8":"pa_tur-kitap","9":"pa_yayinevi-sel-yayincilik","10":"pa_yazar-elias-canetti","12":"first","13":"instock","14":"sale","15":"shipping-taxable","16":"purchasable","17":"product-type-simple"},"_links":{"self":[{"href":"https:\/\/roveyayinevi.com.tr\/index.php\/wp-json\/wp\/v2\/product\/702375","targetHints":{"allow":["GET"]}}],"collection":[{"href":"https:\/\/roveyayinevi.com.tr\/index.php\/wp-json\/wp\/v2\/product"}],"about":[{"href":"https:\/\/roveyayinevi.com.tr\/index.php\/wp-json\/wp\/v2\/types\/product"}],"wp:attachment":[{"href":"https:\/\/roveyayinevi.com.tr\/index.php\/wp-json\/wp\/v2\/media?parent=702375"}],"wp:term":[{"taxonomy":"product_brand","embeddable":true,"href":"https:\/\/roveyayinevi.com.tr\/index.php\/wp-json\/wp\/v2\/product_brand?post=702375"},{"taxonomy":"product_cat","embeddable":true,"href":"https:\/\/roveyayinevi.com.tr\/index.php\/wp-json\/wp\/v2\/product_cat?post=702375"},{"taxonomy":"product_tag","embeddable":true,"href":"https:\/\/roveyayinevi.com.tr\/index.php\/wp-json\/wp\/v2\/product_tag?post=702375"}],"curies":[{"name":"wp","href":"https:\/\/api.w.org\/{rel}","templated":true}]}}